{"id":430,"date":"2016-06-02T12:34:27","date_gmt":"2016-06-02T10:34:27","guid":{"rendered":"http:\/\/zl31wzsmw.preview.infomaniak.website\/_new2016\/fr\/?page_id=430"},"modified":"2025-12-23T11:55:10","modified_gmt":"2025-12-23T10:55:10","slug":"instruments-de-mesure","status":"publish","type":"page","link":"https:\/\/socialenergie.alysdev.be\/fr\/factures\/decompte-de-charges\/instruments-de-mesure\/","title":{"rendered":"Les instruments de mesure de la consommation"},"content":{"rendered":"<p>L\u2019utilisation d\u2019<strong>instruments de mesure<\/strong> permet de r\u00e9partir la consommation globale d\u2019un immeuble de mani\u00e8re <strong>\u00e9quitable<\/strong> entre les diff\u00e9rents occupants en calculant la quote-part de chacun. Si le logement n\u2019est pas \u00e9quip\u00e9 d\u2019instruments de mesure, le d\u00e9compte de charge sera calcul\u00e9 sur base d\u2019une <a href=\"https:\/\/socialenergie.alysdev.be\/factures\/decompte-de-charges\/cle-de-repartition\/\" target=\"_blank\" rel=\"noopener noreferrer\">cl\u00e9 de r\u00e9partition<\/a>.<\/p>\n<p>Vous trouverez dans ces pages toutes les informations utiles concernant les instruments de mesure :<\/p>\n<ul>\n<li><strong>Pour le chauffage<\/strong> : r\u00e9partiteurs (calorim\u00e8tres) et int\u00e9grateurs<\/li>\n<\/ul>\n<ul>\n<li><strong>Pour l&rsquo;eau<\/strong> : compteurs de passage<\/li>\n<\/ul>\n<p class=\"attention\"><strong>Normes techniques sp\u00e9cifiques des instruments de mesure<\/strong><br \/>\nTous les instruments de mesure sont soumis \u00e0 des <a href=\"https:\/\/socialenergie.alysdev.be\/normes\/\" target=\"_blank\" rel=\"noopener noreferrer\">normes techniques<\/a> sp\u00e9cifiques (d\u00e9lai de remplacement, emplacement sur le radiateur, etc.). Cependant, si les instruments de mesure ont \u00e9t\u00e9 plac\u00e9s avant l\u2019existence de la norme, elle ne s\u2019applique pas.<\/p>\n<p><!-- Add code here that should appear in the content block of all new pages --><\/p>\n","protected":false},"excerpt":{"rendered":"<p>L\u2019utilisation d\u2019instruments de mesure permet de r\u00e9partir la consommation globale d\u2019un immeuble de mani\u00e8re \u00e9quitable entre les diff\u00e9rents occupants en calculant la quote-part de chacun. Si le logement n\u2019est pas \u00e9quip\u00e9 d\u2019instruments de mesure, le d\u00e9compte de charge sera calcul\u00e9 sur base d\u2019une cl\u00e9 de r\u00e9partition. Vous trouverez dans ces pages toutes les informations utiles [&hellip;]<\/p>\n","protected":false},"author":1,"featured_media":0,"parent":80,"menu_order":290,"comment_status":"closed","ping_status":"closed","template":"","meta":{"_acf_changed":false,"footnotes":""},"class_list":["post-430","page","type-page","status-publish","hentry"],"acf":[],"_links":{"self":[{"href":"https:\/\/socialenergie.alysdev.be\/fr\/wp-json\/wp\/v2\/pages\/430","targetHints":{"allow":["GET"]}}],"collection":[{"href":"https:\/\/socialenergie.alysdev.be\/fr\/wp-json\/wp\/v2\/pages"}],"about":[{"href":"https:\/\/socialenergie.alysdev.be\/fr\/wp-json\/wp\/v2\/types\/page"}],"author":[{"embeddable":true,"href":"https:\/\/socialenergie.alysdev.be\/fr\/wp-json\/wp\/v2\/users\/1"}],"replies":[{"embeddable":true,"href":"https:\/\/socialenergie.alysdev.be\/fr\/wp-json\/wp\/v2\/comments?post=430"}],"version-history":[{"count":6,"href":"https:\/\/socialenergie.alysdev.be\/fr\/wp-json\/wp\/v2\/pages\/430\/revisions"}],"predecessor-version":[{"id":12901,"href":"https:\/\/socialenergie.alysdev.be\/fr\/wp-json\/wp\/v2\/pages\/430\/revisions\/12901"}],"up":[{"embeddable":true,"href":"https:\/\/socialenergie.alysdev.be\/fr\/wp-json\/wp\/v2\/pages\/80"}],"wp:attachment":[{"href":"https:\/\/socialenergie.alysdev.be\/fr\/wp-json\/wp\/v2\/media?parent=430"}],"curies":[{"name":"wp","href":"https:\/\/api.w.org\/{rel}","templated":true}]}}