{"id":434,"date":"2016-06-02T12:37:42","date_gmt":"2016-06-02T10:37:42","guid":{"rendered":"http:\/\/zl31wzsmw.preview.infomaniak.website\/_new2016\/fr\/?page_id=434"},"modified":"2025-10-28T11:33:26","modified_gmt":"2025-10-28T10:33:26","slug":"exemples","status":"publish","type":"page","link":"https:\/\/socialenergie.alysdev.be\/fr\/factures\/decompte-de-charges\/exemples\/","title":{"rendered":"D\u00e9comptes de charges : 2 exemples"},"content":{"rendered":"<p>Ci-dessous, vous trouvez deux exemples de d\u00e9comptes de charges \u00ab\u00a0\u00e9nergie\u00a0\u00bb r\u00e9alis\u00e9s par les soci\u00e9t\u00e9s de relev\u00e9 Techem et Ista. Ceux-ci sont comment\u00e9s afin d&rsquo;en faciliter la compr\u00e9hension. Cliquez sur l&rsquo;image pour l&rsquo;agrandir.<\/p>\n<p class=\"greybg cadre\" style=\"text-align: center;\"><strong>D\u00e9compte Ista :\u00a0\u00a0\u00a0\u00a0\u00a0\u00a0\u00a0\u00a0\u00a0 D\u00e9compte Techem:<\/strong><br \/>\n<a href=\"http:\/\/socialenergie.alysdev.be\/wp-content\/uploads\/A4_Decompte_Ista_2-1-1.pdf\" target=\"_blank\" rel=\"noopener noreferrer\"><img loading=\"lazy\" decoding=\"async\" class=\"alignnone size-medium wp-image-435\" src=\"http:\/\/socialenergie.alysdev.be\/wp-content\/uploads\/Decompte_Ista_2-249x300.jpg\" alt=\"Decompte_Ista_2\" width=\"249\" height=\"300\" srcset=\"https:\/\/socialenergie.alysdev.be\/wp-content\/uploads\/Decompte_Ista_2-249x300.jpg 249w, https:\/\/socialenergie.alysdev.be\/wp-content\/uploads\/Decompte_Ista_2-124x150.jpg 124w, https:\/\/socialenergie.alysdev.be\/wp-content\/uploads\/Decompte_Ista_2.jpg 556w\" sizes=\"auto, (max-width: 249px) 100vw, 249px\" \/><\/a> \u00a0 \u00a0 \u00a0 <a href=\"http:\/\/socialenergie.alysdev.be\/wp-content\/uploads\/A4_Decompte_Techem-1-1.pdf\" target=\"_blank\" rel=\"noopener noreferrer\"><img loading=\"lazy\" decoding=\"async\" class=\"alignnone size-medium wp-image-436\" src=\"http:\/\/socialenergie.alysdev.be\/wp-content\/uploads\/Decompte_Techem-249x300.jpg\" alt=\"Decompte_Techem\" width=\"249\" height=\"300\" srcset=\"https:\/\/socialenergie.alysdev.be\/wp-content\/uploads\/Decompte_Techem-249x300.jpg 249w, https:\/\/socialenergie.alysdev.be\/wp-content\/uploads\/Decompte_Techem-125x150.jpg 125w, https:\/\/socialenergie.alysdev.be\/wp-content\/uploads\/Decompte_Techem.jpg 556w\" sizes=\"auto, (max-width: 249px) 100vw, 249px\" \/><\/a><\/p>\n","protected":false},"excerpt":{"rendered":"<p>Ci-dessous, vous trouvez deux exemples de d\u00e9comptes de charges \u00ab\u00a0\u00e9nergie\u00a0\u00bb r\u00e9alis\u00e9s par les soci\u00e9t\u00e9s de relev\u00e9 Techem et Ista. Ceux-ci sont comment\u00e9s afin d&rsquo;en faciliter la compr\u00e9hension. Cliquez sur l&rsquo;image pour l&rsquo;agrandir. D\u00e9compte Ista :\u00a0\u00a0\u00a0\u00a0\u00a0\u00a0\u00a0\u00a0\u00a0 D\u00e9compte Techem: \u00a0 \u00a0 \u00a0<\/p>\n","protected":false},"author":1,"featured_media":0,"parent":80,"menu_order":172,"comment_status":"closed","ping_status":"closed","template":"","meta":{"_acf_changed":false,"footnotes":""},"class_list":["post-434","page","type-page","status-publish","hentry"],"acf":[],"_links":{"self":[{"href":"https:\/\/socialenergie.alysdev.be\/fr\/wp-json\/wp\/v2\/pages\/434","targetHints":{"allow":["GET"]}}],"collection":[{"href":"https:\/\/socialenergie.alysdev.be\/fr\/wp-json\/wp\/v2\/pages"}],"about":[{"href":"https:\/\/socialenergie.alysdev.be\/fr\/wp-json\/wp\/v2\/types\/page"}],"author":[{"embeddable":true,"href":"https:\/\/socialenergie.alysdev.be\/fr\/wp-json\/wp\/v2\/users\/1"}],"replies":[{"embeddable":true,"href":"https:\/\/socialenergie.alysdev.be\/fr\/wp-json\/wp\/v2\/comments?post=434"}],"version-history":[{"count":3,"href":"https:\/\/socialenergie.alysdev.be\/fr\/wp-json\/wp\/v2\/pages\/434\/revisions"}],"predecessor-version":[{"id":11661,"href":"https:\/\/socialenergie.alysdev.be\/fr\/wp-json\/wp\/v2\/pages\/434\/revisions\/11661"}],"up":[{"embeddable":true,"href":"https:\/\/socialenergie.alysdev.be\/fr\/wp-json\/wp\/v2\/pages\/80"}],"wp:attachment":[{"href":"https:\/\/socialenergie.alysdev.be\/fr\/wp-json\/wp\/v2\/media?parent=434"}],"curies":[{"name":"wp","href":"https:\/\/api.w.org\/{rel}","templated":true}]}}