{"id":455,"date":"2016-06-02T14:43:12","date_gmt":"2016-06-02T12:43:12","guid":{"rendered":"http:\/\/zl31wzsmw.preview.infomaniak.website\/_new2016\/fr\/?page_id=455"},"modified":"2026-01-22T11:30:00","modified_gmt":"2026-01-22T10:30:00","slug":"interdiction-coupure","status":"publish","type":"page","link":"https:\/\/socialenergie.alysdev.be\/fr\/eau\/mesures-sociales\/interdiction-coupure\/","title":{"rendered":"Interdiction des coupures d&rsquo;eau"},"content":{"rendered":"<p>Depuis le <strong>1er janvier 2022<\/strong>,<strong> l\u2019interruption de la distribution d\u2019eau \u00e0 des fins domestiques est d\u00e9sormais interdite<\/strong> sauf pour diff\u00e9rentes exceptions qui sont pr\u00e9vues par un arr\u00eat\u00e9<a href=\"https:\/\/socialenergie.alysdev.be\/eau\/mesures-sociales\/interdiction-coupure\/#_ftn1\" target=\"_blank\" rel=\"noopener noreferrer\">1<\/a>.<\/p>\n<p>Les <strong>seuls cas o\u00f9 l\u2019op\u00e9rateur de l\u2019eau peut limiter ou interrompre l&rsquo;alimentation en eau<\/strong> d&rsquo;un usager domestique sont :<\/p>\n<ul>\n<li>\u00e0 la demande \u00e9crite de l\u2019usager d\u00fbment constat\u00e9e par l\u2019op\u00e9rateur ;<\/li>\n<li>dans les cas de force majeure tels que d\u00e9crits de mani\u00e8re exhaustive et explicite dans les conditions g\u00e9n\u00e9rales de l\u2019op\u00e9rateur ;<\/li>\n<li>en cas de n\u00e9cessit\u00e9 durant les travaux de r\u00e9paration, de renouvellement, de modification, de d\u00e9placement, d&rsquo;entretien ou d&rsquo;exploitation du r\u00e9seau public de distribution d&rsquo;eau, tels que d\u00e9crits dans les conditions g\u00e9n\u00e9rales de l\u2019op\u00e9rateur ;<\/li>\n<li>en cas de menace imm\u00e9diate et grave pour la sant\u00e9 publique ou la s\u00e9curit\u00e9 de l&rsquo;approvisionnement en eau, et aussi longtemps que dure la situation ;<\/li>\n<li>en cas d\u2019indices concordants et d\u00fbment constat\u00e9s par l\u2019op\u00e9rateur d&rsquo;inoccupation du b\u00e2timent concern\u00e9 ;<\/li>\n<li>en ex\u00e9cution d\u2019une d\u00e9cision judiciaire rendue en raison du refus ou de l\u2019absence de r\u00e9action d\u00fbment constat\u00e9s de l\u2019usager de donner suite aux demandes d\u2019inspection de l\u2019installation int\u00e9rieure d\u2019approvisionnement en eau potable, en ce compris la demande d\u2019acc\u00e8s au(x) compteur(s) install\u00e9(s) dans le b\u00e2timent concern\u00e9 ;<\/li>\n<li>en ex\u00e9cution d\u2019une d\u00e9cision judiciaire rendue en cas de fraude ou en raison du refus ou de l\u2019absence de r\u00e9action d\u00fbment constat\u00e9s de l\u2019usager de donner suite aux demandes de mise en conformit\u00e9 de l\u2019installation int\u00e9rieure d\u2019approvisionnement en eau potable ;<\/li>\n<li>en ex\u00e9cution d\u2019une d\u00e9cision judiciaire rendue en raison du refus ou de l\u2019absence de r\u00e9action de l\u2019usager d\u00fbment constat\u00e9s de donner suite aux demandes de l\u2019op\u00e9rateur en vue d\u2019entreprendre les travaux ou les r\u00e9parations n\u00e9cessaires pour faire cesser une forte surconsommation r\u00e9sultant de la d\u00e9fectuosit\u00e9 de l\u2019installation int\u00e9rieure d\u2019approvisionnement en eau potable ;<\/li>\n<li>en ex\u00e9cution d\u2019un arr\u00eat\u00e9 de police pris par un bourgmestre et justifi\u00e9 par des motifs imp\u00e9rieux et urgents de maintien ou de r\u00e9tablissement de l\u2019ordre public. Dans ce cas, l\u2019urgence est telle qu\u2019il n\u2019est pas possible d\u2019attendre une d\u00e9cision judiciaire.<\/li>\n<\/ul>\n<p>Le motif ne pourra<strong> en aucun cas <\/strong>\u00eatre <strong>le non-paiement de la facture <\/strong>d\u2019eau.<\/p>\n<p>Cette d\u00e9cision s\u2019inscrit dans une volont\u00e9 du gouvernement r\u00e9gional de lutter contre la pr\u00e9carit\u00e9 hydrique et de <strong>consid\u00e9rer l\u2019acc\u00e8s \u00e0 l\u2019eau pour toutes et tous comme essentiel<\/strong>.<\/p>\n<p class=\"greybg\"><a name=\"_ftn1\"><\/a>[1] <a href=\"https:\/\/www.ejustice.just.fgov.be\/eli\/arrete\/2022\/06\/01\/2022020960\/justel#LNK0002\" target=\"_blank\" rel=\"noopener noreferrer\">Arr\u00eat\u00e9 du 1er juin 2022 du Gouvernement de la R\u00e9gion de Bruxelles-Capitale portant ex\u00e9cution de certaines mesures sociales<\/a> pr\u00e9vues dans l&rsquo;ordonnance du 20 octobre 2006 \u00e9tablissant un cadre pour la politique de l&rsquo;eau.<\/p>\n<p><!-- Add code here that should appear in the content block of all new pages --><\/p>\n","protected":false},"excerpt":{"rendered":"<p>Depuis le 1er janvier 2022, l\u2019interruption de la distribution d\u2019eau \u00e0 des fins domestiques est d\u00e9sormais interdite sauf pour diff\u00e9rentes exceptions qui sont pr\u00e9vues par un arr\u00eat\u00e91. Les seuls cas o\u00f9 l\u2019op\u00e9rateur de l\u2019eau peut limiter ou interrompre l&rsquo;alimentation en eau d&rsquo;un usager domestique sont : \u00e0 la demande \u00e9crite de l\u2019usager d\u00fbment constat\u00e9e par [&hellip;]<\/p>\n","protected":false},"author":1,"featured_media":0,"parent":377,"menu_order":234,"comment_status":"closed","ping_status":"closed","template":"","meta":{"_acf_changed":false,"footnotes":""},"class_list":["post-455","page","type-page","status-publish","hentry"],"acf":[],"_links":{"self":[{"href":"https:\/\/socialenergie.alysdev.be\/fr\/wp-json\/wp\/v2\/pages\/455","targetHints":{"allow":["GET"]}}],"collection":[{"href":"https:\/\/socialenergie.alysdev.be\/fr\/wp-json\/wp\/v2\/pages"}],"about":[{"href":"https:\/\/socialenergie.alysdev.be\/fr\/wp-json\/wp\/v2\/types\/page"}],"author":[{"embeddable":true,"href":"https:\/\/socialenergie.alysdev.be\/fr\/wp-json\/wp\/v2\/users\/1"}],"replies":[{"embeddable":true,"href":"https:\/\/socialenergie.alysdev.be\/fr\/wp-json\/wp\/v2\/comments?post=455"}],"version-history":[{"count":24,"href":"https:\/\/socialenergie.alysdev.be\/fr\/wp-json\/wp\/v2\/pages\/455\/revisions"}],"predecessor-version":[{"id":13425,"href":"https:\/\/socialenergie.alysdev.be\/fr\/wp-json\/wp\/v2\/pages\/455\/revisions\/13425"}],"up":[{"embeddable":true,"href":"https:\/\/socialenergie.alysdev.be\/fr\/wp-json\/wp\/v2\/pages\/377"}],"wp:attachment":[{"href":"https:\/\/socialenergie.alysdev.be\/fr\/wp-json\/wp\/v2\/media?parent=455"}],"curies":[{"name":"wp","href":"https:\/\/api.w.org\/{rel}","templated":true}]}}