{"id":457,"date":"2016-06-02T14:43:42","date_gmt":"2016-06-02T12:43:42","guid":{"rendered":"http:\/\/zl31wzsmw.preview.infomaniak.website\/_new2016\/fr\/?page_id=457"},"modified":"2025-12-22T13:50:48","modified_gmt":"2025-12-22T12:50:48","slug":"fonds-social-de-leau","status":"publish","type":"page","link":"https:\/\/socialenergie.alysdev.be\/fr\/eau\/mesures-sociales\/fonds-social-de-leau\/","title":{"rendered":"Fonds social de l&rsquo;eau"},"content":{"rendered":"<p>Le Fonds social de l\u2019eau vise \u00e0 fournir une aide financi\u00e8re (sous diff\u00e9rentes formes) aux personnes physiques qui rencontrent des difficult\u00e9s pour payer leur facture d\u2019eau en R\u00e9gion bruxelloise<span class=\"exposant\" style=\"font-size: x-small;\">1<\/span>.<\/p>\n<p>Ce Fonds social a vu le jour via Vivaqua en 1998, mais la gestion en a \u00e9t\u00e9 confi\u00e9e aux 19 CPAS de la R\u00e9gion bruxelloise. Il est aliment\u00e9 par une contribution financi\u00e8re des m\u00e9nages bruxellois auxquels on pr\u00e9l\u00e8ve un montant sur chaque m\u00e8tre cube d\u2019eau factur\u00e9. Cette contribution a augment\u00e9, au 1er janvier 2022 (0,05\u20ac par m3 d&rsquo;eau consomm\u00e9e).<br \/>\nCe Fonds est redistribu\u00e9 aux CPAS qui disposent ainsi des moyens d\u2019intervenir aupr\u00e8s de m\u00e9nages demandeurs.<\/p>\n<h2>Que finance le Fonds social de l\u2019eau ?<\/h2>\n<p>Le Fonds social de l\u2019eau permet aux CPAS :<\/p>\n<ol start=\"1\">\n<li>de prendre en charge tout ou partie du paiement d\u2019une facture de Vivaqua.<\/li>\n<li>de prendre en charge un montant calcul\u00e9 sur une base forfaitaire de 95 l\/j\/pers, dans le cas d\u2019un d\u00e9compte de charges (avec ou sans instrument de mesure). Ces 95 litres permettent de couvrir les besoins vitaux.<\/li>\n<li>d\u2019engager un ouvrier charg\u00e9 d&rsquo;effectuer des r\u00e9parations de fuites aux chasses d&rsquo;eau ou de robinetteries chez les m\u00e9nages en difficult\u00e9 et de prendre en charge l\u2019installation de dispositifs aidant \u00e0 \u00e9conomiser l\u2019eau (chasse \u00e0 double d\u00e9bits, pommeau de douche ou robinet \u00e0 faible d\u00e9bit, etc.) ou le placement de compteurs individuels afin de mieux ma\u00eetriser sa consommation. Avec ces dispositions, l\u2019accent est \u00e9galement mis sur la pr\u00e9vention.<\/li>\n<li>d\u2019engager du personnel charg\u00e9 d&rsquo;\u00e9mettre des conseils pour permettre aux m\u00e9nages de diminuer leur consommation d\u2019eau.<\/li>\n<\/ol>\n<h2>Qui a droit au Fonds social de l\u2019eau ?<\/h2>\n<p>Toute personne physique habitant la R\u00e9gion bruxelloise a le droit d\u2019introduire une demande d\u2019aide aupr\u00e8s de son CPAS. Ensuite, sur base du r\u00e9sultat de l\u2019enqu\u00eate sociale et de la politique sp\u00e9cifique men\u00e9e par chaque CPAS, celui-ci d\u00e9cide ou non d\u2019accorder une aide. Il n\u2019existe donc pas d\u2019automaticit\u00e9 de l\u2019aide. Si la personne conteste le refus d\u2019un CPAS de lui octroyer l\u2019aide demand\u00e9e, <a href=\"https:\/\/socialenergie.alysdev.be\/mesures-sociales\/gaz-elec\/fonds-gaz-elec\/\" target=\"_blank\" rel=\"noopener noreferrer\">elle peut toujours entamer un recours<\/a>.<\/p>\n<h2>Comment faire valoir son droit au Fonds social de l\u2019eau ?<\/h2>\n<p>La personne doit prendre contact avec le CPAS de sa commune pour solliciter un rendez-vous.<\/p>\n<p>Pour aller plus loin sur la constitution et la gestion du Fonds social de l\u2019eau, voy. l\u2019Arr\u00eat\u00e9 du Gouvernement de la R\u00e9gion de Bruxelles-Capitale du 28 f\u00e9vrier 2008 <a href=\"http:\/\/www.ejustice.just.fgov.be\/cgi_loi\/change_lg.pl?language=fr&amp;la=F&amp;cn=%202008022847&amp;table_name=loi\" target=\"_blank\" rel=\"noopener noreferrer\" target=\"_blank\" rel=\"noopener noreferrer\">portant sur la part des recettes g\u00e9n\u00e9r\u00e9es par la tarification de l\u2019eau \u00e0 affecter \u00e0 des fins sociales.<\/a><\/p>\n<p class=\"greybg cadre\"><span style=\"font-size: x-small;\">[1] Art. 38 \u00a7 4 Ordonnance du 20 octobre 2006 de la R\u00e9gion de Bruxelles-Capitale \u00e9tablissant un cadre pour la politique de l&rsquo;eau ; Arr\u00eat\u00e9 du Gouvernement de la R\u00e9gion de Bruxelles-Capitale du 28 f\u00e9vrier 2008 portant sur la part des recettes g\u00e9n\u00e9r\u00e9es par la tarification de l&rsquo;eau \u00e0 affecter \u00e0 des fins sociales.<\/span><\/p>\n<p><!-- Add code here that should appear in the content block of all new pages --><\/p>\n","protected":false},"excerpt":{"rendered":"<p>Le Fonds social de l\u2019eau vise \u00e0 fournir une aide financi\u00e8re (sous diff\u00e9rentes formes) aux personnes physiques qui rencontrent des difficult\u00e9s pour payer leur facture d\u2019eau en R\u00e9gion bruxelloise1. Ce Fonds social a vu le jour via Vivaqua en 1998, mais la gestion en a \u00e9t\u00e9 confi\u00e9e aux 19 CPAS de la R\u00e9gion bruxelloise. Il [&hellip;]<\/p>\n","protected":false},"author":1,"featured_media":0,"parent":377,"menu_order":218,"comment_status":"closed","ping_status":"closed","template":"","meta":{"_acf_changed":false,"footnotes":""},"class_list":["post-457","page","type-page","status-publish","hentry"],"acf":[],"_links":{"self":[{"href":"https:\/\/socialenergie.alysdev.be\/fr\/wp-json\/wp\/v2\/pages\/457","targetHints":{"allow":["GET"]}}],"collection":[{"href":"https:\/\/socialenergie.alysdev.be\/fr\/wp-json\/wp\/v2\/pages"}],"about":[{"href":"https:\/\/socialenergie.alysdev.be\/fr\/wp-json\/wp\/v2\/types\/page"}],"author":[{"embeddable":true,"href":"https:\/\/socialenergie.alysdev.be\/fr\/wp-json\/wp\/v2\/users\/1"}],"replies":[{"embeddable":true,"href":"https:\/\/socialenergie.alysdev.be\/fr\/wp-json\/wp\/v2\/comments?post=457"}],"version-history":[{"count":14,"href":"https:\/\/socialenergie.alysdev.be\/fr\/wp-json\/wp\/v2\/pages\/457\/revisions"}],"predecessor-version":[{"id":12780,"href":"https:\/\/socialenergie.alysdev.be\/fr\/wp-json\/wp\/v2\/pages\/457\/revisions\/12780"}],"up":[{"embeddable":true,"href":"https:\/\/socialenergie.alysdev.be\/fr\/wp-json\/wp\/v2\/pages\/377"}],"wp:attachment":[{"href":"https:\/\/socialenergie.alysdev.be\/fr\/wp-json\/wp\/v2\/media?parent=457"}],"curies":[{"name":"wp","href":"https:\/\/api.w.org\/{rel}","templated":true}]}}