{"id":468,"date":"2016-06-02T14:49:37","date_gmt":"2016-06-02T12:49:37","guid":{"rendered":"http:\/\/zl31wzsmw.preview.infomaniak.website\/_new2016\/fr\/?page_id=468"},"modified":"2025-10-09T15:23:14","modified_gmt":"2025-10-09T13:23:14","slug":"obligations-relatives-aux-compteurs","status":"publish","type":"page","link":"https:\/\/socialenergie.alysdev.be\/fr\/logement\/obligations-du-proprietaire\/obligations-relatives-aux-compteurs\/","title":{"rendered":"Obligations relatives aux compteurs"},"content":{"rendered":"<p class=\"attention\">Cette partie du site web est en cours de mise \u00e0 jour.<\/p>\n<p><img loading=\"lazy\" decoding=\"async\" class=\"aligncenter size-full wp-image-888\" src=\"http:\/\/socialenergie.alysdev.be\/wp-content\/uploads\/Logement_Responsabilites_locatives_Compteurs.jpg\" alt=\"Logement_Responsabilites_locatives_Compteurs\" width=\"1080\" height=\"487\" srcset=\"https:\/\/socialenergie.alysdev.be\/wp-content\/uploads\/Logement_Responsabilites_locatives_Compteurs.jpg 1080w, https:\/\/socialenergie.alysdev.be\/wp-content\/uploads\/Logement_Responsabilites_locatives_Compteurs-150x68.jpg 150w, https:\/\/socialenergie.alysdev.be\/wp-content\/uploads\/Logement_Responsabilites_locatives_Compteurs-300x135.jpg 300w, https:\/\/socialenergie.alysdev.be\/wp-content\/uploads\/Logement_Responsabilites_locatives_Compteurs-1024x462.jpg 1024w\" sizes=\"auto, (max-width: 1080px) 100vw, 1080px\" \/><\/p>\n<p>Le propri\u00e9taire doit :<\/p>\n<ol start=\"1\">\n<li>assurer l\u2019acc\u00e8s permanent aux compteurs (7j\/7j et 24h\/24) ;<\/li>\n<li>assumer les frais de remplacement, r\u00e9paration, installation de nouveaux compteurs, sauf si la r\u00e9paration ou le remplacement r\u00e9sulte d\u2019une n\u00e9gligence du locataire.<\/li>\n<\/ol>\n<p style=\"text-align: left;\">\u00a0 <img loading=\"lazy\" decoding=\"async\" class=\"alignnone wp-image-851\" src=\"http:\/\/socialenergie.alysdev.be\/wp-content\/uploads\/Compteur_Elec_Anonyme_FR-878x1024.jpg\" alt=\"Compteur_Elec_Anonyme_FR\" width=\"197\" height=\"230\" srcset=\"https:\/\/socialenergie.alysdev.be\/wp-content\/uploads\/Compteur_Elec_Anonyme_FR-878x1024.jpg 878w, https:\/\/socialenergie.alysdev.be\/wp-content\/uploads\/Compteur_Elec_Anonyme_FR-129x150.jpg 129w, https:\/\/socialenergie.alysdev.be\/wp-content\/uploads\/Compteur_Elec_Anonyme_FR-257x300.jpg 257w, https:\/\/socialenergie.alysdev.be\/wp-content\/uploads\/Compteur_Elec_Anonyme_FR.jpg 1200w\" sizes=\"auto, (max-width: 197px) 100vw, 197px\" \/>\u00a0 <img loading=\"lazy\" decoding=\"async\" class=\"alignnone wp-image-852\" src=\"http:\/\/socialenergie.alysdev.be\/wp-content\/uploads\/Compteur_Gaz_Anonyme_FR-878x1024.jpg\" alt=\"Compteur_Gaz_Anonyme_FR\" width=\"197\" height=\"230\" srcset=\"https:\/\/socialenergie.alysdev.be\/wp-content\/uploads\/Compteur_Gaz_Anonyme_FR-878x1024.jpg 878w, https:\/\/socialenergie.alysdev.be\/wp-content\/uploads\/Compteur_Gaz_Anonyme_FR-129x150.jpg 129w, https:\/\/socialenergie.alysdev.be\/wp-content\/uploads\/Compteur_Gaz_Anonyme_FR-257x300.jpg 257w, https:\/\/socialenergie.alysdev.be\/wp-content\/uploads\/Compteur_Gaz_Anonyme_FR.jpg 1200w\" sizes=\"auto, (max-width: 197px) 100vw, 197px\" \/> <img loading=\"lazy\" decoding=\"async\" class=\"alignnone wp-image-853\" src=\"http:\/\/socialenergie.alysdev.be\/wp-content\/uploads\/Compteur_Eau_Anonyme_FR-1-878x1024.jpg\" alt=\"Compteur_Eau_Anonyme_FR\" width=\"197\" height=\"230\" srcset=\"https:\/\/socialenergie.alysdev.be\/wp-content\/uploads\/Compteur_Eau_Anonyme_FR-1-878x1024.jpg 878w, https:\/\/socialenergie.alysdev.be\/wp-content\/uploads\/Compteur_Eau_Anonyme_FR-1-129x150.jpg 129w, https:\/\/socialenergie.alysdev.be\/wp-content\/uploads\/Compteur_Eau_Anonyme_FR-1-257x300.jpg 257w, https:\/\/socialenergie.alysdev.be\/wp-content\/uploads\/Compteur_Eau_Anonyme_FR-1.jpg 1200w\" sizes=\"auto, (max-width: 197px) 100vw, 197px\" \/><\/p>\n<p><!-- Add code here that should appear in the content block of all new pages --><\/p>\n","protected":false},"excerpt":{"rendered":"<p>Cette partie du site web est en cours de mise \u00e0 jour. Le propri\u00e9taire doit : assurer l\u2019acc\u00e8s permanent aux compteurs (7j\/7j et 24h\/24) ; assumer les frais de remplacement, r\u00e9paration, installation de nouveaux compteurs, sauf si la r\u00e9paration ou le remplacement r\u00e9sulte d\u2019une n\u00e9gligence du locataire. \u00a0 \u00a0<\/p>\n","protected":false},"author":1,"featured_media":0,"parent":481,"menu_order":360,"comment_status":"closed","ping_status":"closed","template":"","meta":{"_acf_changed":false,"footnotes":""},"class_list":["post-468","page","type-page","status-publish","hentry"],"acf":[],"_links":{"self":[{"href":"https:\/\/socialenergie.alysdev.be\/fr\/wp-json\/wp\/v2\/pages\/468","targetHints":{"allow":["GET"]}}],"collection":[{"href":"https:\/\/socialenergie.alysdev.be\/fr\/wp-json\/wp\/v2\/pages"}],"about":[{"href":"https:\/\/socialenergie.alysdev.be\/fr\/wp-json\/wp\/v2\/types\/page"}],"author":[{"embeddable":true,"href":"https:\/\/socialenergie.alysdev.be\/fr\/wp-json\/wp\/v2\/users\/1"}],"replies":[{"embeddable":true,"href":"https:\/\/socialenergie.alysdev.be\/fr\/wp-json\/wp\/v2\/comments?post=468"}],"version-history":[{"count":4,"href":"https:\/\/socialenergie.alysdev.be\/fr\/wp-json\/wp\/v2\/pages\/468\/revisions"}],"predecessor-version":[{"id":11985,"href":"https:\/\/socialenergie.alysdev.be\/fr\/wp-json\/wp\/v2\/pages\/468\/revisions\/11985"}],"up":[{"embeddable":true,"href":"https:\/\/socialenergie.alysdev.be\/fr\/wp-json\/wp\/v2\/pages\/481"}],"wp:attachment":[{"href":"https:\/\/socialenergie.alysdev.be\/fr\/wp-json\/wp\/v2\/media?parent=468"}],"curies":[{"name":"wp","href":"https:\/\/api.w.org\/{rel}","templated":true}]}}