{"id":481,"date":"2016-06-02T14:59:47","date_gmt":"2016-06-02T12:59:47","guid":{"rendered":"http:\/\/zl31wzsmw.preview.infomaniak.website\/_new2016\/fr\/?page_id=481"},"modified":"2025-10-09T15:22:08","modified_gmt":"2025-10-09T13:22:08","slug":"obligations-du-proprietaire","status":"publish","type":"page","link":"https:\/\/socialenergie.alysdev.be\/fr\/logement\/obligations-du-proprietaire\/","title":{"rendered":"Obligations du propri\u00e9taire"},"content":{"rendered":"<p class=\"attention\">Cette partie du site web est en cours de mise \u00e0 jour.<\/p>\n<ul>\n<li><a href=\"https:\/\/socialenergie.alysdev.be\/logement\/obligations-du-proprietaire\/obligations-des-proprietaires-le-logement-en-general\/\" target=\"_blank\" rel=\"noopener noreferrer\">Obligations pour le logement en g\u00e9n\u00e9ral<\/a><\/li>\n<li><a href=\"https:\/\/socialenergie.alysdev.be\/logement\/obligations-du-proprietaire\/obligations-relatives-aux-installations-de-gaz-delectricite-et-deau-froide\/\" target=\"_blank\" rel=\"noopener noreferrer\">Gaz, \u00e9lectricit\u00e9 et eau froide<\/a><\/li>\n<li><a href=\"https:\/\/socialenergie.alysdev.be\/logement\/obligations-du-proprietaire\/obligations-relatives-aux-installations-de-chauffage-et-de-production-decs\/\" target=\"_blank\" rel=\"noopener noreferrer\">Chauffage et eau chaude sanitaire<\/a><\/li>\n<li><a href=\"https:\/\/socialenergie.alysdev.be\/logement\/obligations-du-proprietaire\/obligations-relatives-aux-compteurs\/\" target=\"_blank\" rel=\"noopener noreferrer\">Compteurs<\/li>\n<li><a href=\"https:\/\/socialenergie.alysdev.be\/logement\/obligations-du-proprietaire\/obligations-relatives-a-lhumidite-laeration-et-la-densite-doccupation\/\" target=\"_blank\" rel=\"noopener noreferrer\">Humidit\u00e9, a\u00e9ration et densit\u00e9 d&rsquo;occupation<\/a><\/li>\n<li><a href=\"https:\/\/socialenergie.alysdev.be\/logement\/obligations-du-proprietaire\/obligations-relatives-a-la-luminosite-fenetres-et-eclairage\/\" target=\"_blank\" rel=\"noopener noreferrer\">Luminosit\u00e9, fen\u00eatres et \u00e9clairage<\/a>\/li>\n<li><a href=\"https:\/\/socialenergie.alysdev.be\/logement\/obligations-du-proprietaire\/obligations-relatives-a-lisolation-thermique\/\" target=\"_blank\" rel=\"noopener noreferrer\">Isolation<\/a><\/li>\n<\/ul>\n","protected":false},"excerpt":{"rendered":"<p>Cette partie du site web est en cours de mise \u00e0 jour. Obligations pour le logement en g\u00e9n\u00e9ral Gaz, \u00e9lectricit\u00e9 et eau froide Chauffage et eau chaude sanitaire Compteurs Humidit\u00e9, a\u00e9ration et densit\u00e9 d&rsquo;occupation Luminosit\u00e9, fen\u00eatres et \u00e9clairage\/li> Isolation<\/p>\n","protected":false},"author":1,"featured_media":0,"parent":146,"menu_order":346,"comment_status":"closed","ping_status":"closed","template":"","meta":{"_acf_changed":false,"footnotes":""},"class_list":["post-481","page","type-page","status-publish","hentry"],"acf":[],"_links":{"self":[{"href":"https:\/\/socialenergie.alysdev.be\/fr\/wp-json\/wp\/v2\/pages\/481","targetHints":{"allow":["GET"]}}],"collection":[{"href":"https:\/\/socialenergie.alysdev.be\/fr\/wp-json\/wp\/v2\/pages"}],"about":[{"href":"https:\/\/socialenergie.alysdev.be\/fr\/wp-json\/wp\/v2\/types\/page"}],"author":[{"embeddable":true,"href":"https:\/\/socialenergie.alysdev.be\/fr\/wp-json\/wp\/v2\/users\/1"}],"replies":[{"embeddable":true,"href":"https:\/\/socialenergie.alysdev.be\/fr\/wp-json\/wp\/v2\/comments?post=481"}],"version-history":[{"count":3,"href":"https:\/\/socialenergie.alysdev.be\/fr\/wp-json\/wp\/v2\/pages\/481\/revisions"}],"predecessor-version":[{"id":11976,"href":"https:\/\/socialenergie.alysdev.be\/fr\/wp-json\/wp\/v2\/pages\/481\/revisions\/11976"}],"up":[{"embeddable":true,"href":"https:\/\/socialenergie.alysdev.be\/fr\/wp-json\/wp\/v2\/pages\/146"}],"wp:attachment":[{"href":"https:\/\/socialenergie.alysdev.be\/fr\/wp-json\/wp\/v2\/media?parent=481"}],"curies":[{"name":"wp","href":"https:\/\/api.w.org\/{rel}","templated":true}]}}