{"id":491,"date":"2016-06-02T15:12:20","date_gmt":"2016-06-02T13:12:20","guid":{"rendered":"http:\/\/zl31wzsmw.preview.infomaniak.website\/_new2016\/fr\/?page_id=491"},"modified":"2025-10-09T15:22:50","modified_gmt":"2025-10-09T13:22:50","slug":"obligations-relatives-aux-installations-de-gaz-delectricite-et-deau-froide","status":"publish","type":"page","link":"https:\/\/socialenergie.alysdev.be\/fr\/logement\/obligations-du-proprietaire\/obligations-relatives-aux-installations-de-gaz-delectricite-et-deau-froide\/","title":{"rendered":"Obligations relatives aux installations de gaz, d&rsquo;\u00e9lectricit\u00e9 et d&rsquo;eau froide"},"content":{"rendered":"<p class=\"attention\">Cette partie du site web est en cours de mise \u00e0 jour.<\/p>\n<p>Il est important de savoir que l\u2019ensemble des installations, des c\u00e2bles et des tuyauteries pr\u00e9c\u00e9dant le compteur engage la responsabilit\u00e9 de <a class=\"lexique\" title=\"Sibelga est le gestionnaire des r\u00e9seaux de distribution d'\u00e9lectricit\u00e9 et de gaz naturel de la R\u00e9gion de Bruxelles-Capitale. Sibelga est responsable de: &lt;ul&gt; &lt;li&gt;garantir un approvisionnement en \u00e9nergie&lt;\/li&gt; &lt;li&gt;relever des compteurs par l'interm\u00e9diaire de sa filiale Metrix, de la validation et de la gestion des donn\u00e9es de consommation.&lt;\/li&gt; &lt;\/ul&gt;\" href=\"index.php?page=gestionnaire-du-reseau-de-distribution\" target=\"_blank\">Sibelga<\/a>.<\/p>\n<p>L\u2019ensemble des cablages et tuyauteries partant du compteur jusque dans les logements est sous la responsabilit\u00e9 du propri\u00e9taire.<\/p>\n<p>L\u2019ensemble des c\u00e2blages et tuyauteries pr\u00e9sents dans le logement est sous la responsabilit\u00e9 du propri\u00e9taire ; \u00e0 l\u2019exception de tous les d\u00e9g\u00e2ts locatifs r\u00e9sultants de la faute du locataire (sectionnement de cables \u00e9lectriques, d\u00e9t\u00e9rioration des tuyauteries apparentes par manque d\u2019entretien, etc.).<\/p>\n<p><img loading=\"lazy\" decoding=\"async\" class=\"aligncenter size-full wp-image-879\" src=\"http:\/\/socialenergie.alysdev.be\/wp-content\/uploads\/Logement_Responsabilites_locatives_GEE_1.jpg\" alt=\"Logement_Responsabilites_locatives_GEE_1\" width=\"1082\" height=\"320\" srcset=\"https:\/\/socialenergie.alysdev.be\/wp-content\/uploads\/Logement_Responsabilites_locatives_GEE_1.jpg 1082w, https:\/\/socialenergie.alysdev.be\/wp-content\/uploads\/Logement_Responsabilites_locatives_GEE_1-150x44.jpg 150w, https:\/\/socialenergie.alysdev.be\/wp-content\/uploads\/Logement_Responsabilites_locatives_GEE_1-300x89.jpg 300w, https:\/\/socialenergie.alysdev.be\/wp-content\/uploads\/Logement_Responsabilites_locatives_GEE_1-1024x303.jpg 1024w\" sizes=\"auto, (max-width: 1082px) 100vw, 1082px\" \/><\/p>\n<p>En r\u00e8gle g\u00e9n\u00e9rale, le propri\u00e9taire est responsable :<\/p>\n<ol>\n<li>du contr\u00f4le, de l\u2019entretien et des r\u00e9parations du circuit \u00e9lectrique.<br \/>\nLes professionnels contr\u00f4lent uniquement l\u2019installation et s\u2019assurent qu\u2019elle est saine et s\u00fbre. A cet effet, ils demandent g\u00e9n\u00e9ralement un plan de l\u2019installation \u00e9lectrique. C\u2019est au propri\u00e9taire (et \u00e0 l\u2019\u00e9lectricien) de veiller \u00e0 ce que l\u2019installation \u00e9lectrique soit bien dimensionn\u00e9e en fonction des besoins.<\/li>\n<\/ol>\n<ol start=\"2\">\n<li>du contr\u00f4le, de l\u2019entretien et des r\u00e9parations des canalisations de gaz, apr\u00e8s le compteur.<\/li>\n<\/ol>\n<p>A l\u2019exception des situations o\u00f9 les r\u00e9parations sont dues \u00e0 une faute ou \u00e0 une n\u00e9gligence du locataire, elles incombent au propri\u00e9taire.<\/p>\n<p><img loading=\"lazy\" decoding=\"async\" class=\"aligncenter size-full wp-image-881\" src=\"http:\/\/socialenergie.alysdev.be\/wp-content\/uploads\/Logement_Responsabilites_locatives_GEE_2.jpg\" alt=\"Logement_Responsabilites_locatives_GEE_2\" width=\"1093\" height=\"671\" srcset=\"https:\/\/socialenergie.alysdev.be\/wp-content\/uploads\/Logement_Responsabilites_locatives_GEE_2.jpg 1093w, https:\/\/socialenergie.alysdev.be\/wp-content\/uploads\/Logement_Responsabilites_locatives_GEE_2-150x92.jpg 150w, https:\/\/socialenergie.alysdev.be\/wp-content\/uploads\/Logement_Responsabilites_locatives_GEE_2-300x184.jpg 300w, https:\/\/socialenergie.alysdev.be\/wp-content\/uploads\/Logement_Responsabilites_locatives_GEE_2-1024x629.jpg 1024w\" sizes=\"auto, (max-width: 1093px) 100vw, 1093px\" \/><\/p>\n","protected":false},"excerpt":{"rendered":"<p>Cette partie du site web est en cours de mise \u00e0 jour. Il est important de savoir que l\u2019ensemble des installations, des c\u00e2bles et des tuyauteries pr\u00e9c\u00e9dant le compteur engage la responsabilit\u00e9 de Sibelga. L\u2019ensemble des cablages et tuyauteries partant du compteur jusque dans les logements est sous la responsabilit\u00e9 du propri\u00e9taire. L\u2019ensemble des c\u00e2blages [&hellip;]<\/p>\n","protected":false},"author":1,"featured_media":0,"parent":481,"menu_order":367,"comment_status":"closed","ping_status":"closed","template":"","meta":{"_acf_changed":false,"footnotes":""},"class_list":["post-491","page","type-page","status-publish","hentry"],"acf":[],"_links":{"self":[{"href":"https:\/\/socialenergie.alysdev.be\/fr\/wp-json\/wp\/v2\/pages\/491","targetHints":{"allow":["GET"]}}],"collection":[{"href":"https:\/\/socialenergie.alysdev.be\/fr\/wp-json\/wp\/v2\/pages"}],"about":[{"href":"https:\/\/socialenergie.alysdev.be\/fr\/wp-json\/wp\/v2\/types\/page"}],"author":[{"embeddable":true,"href":"https:\/\/socialenergie.alysdev.be\/fr\/wp-json\/wp\/v2\/users\/1"}],"replies":[{"embeddable":true,"href":"https:\/\/socialenergie.alysdev.be\/fr\/wp-json\/wp\/v2\/comments?post=491"}],"version-history":[{"count":4,"href":"https:\/\/socialenergie.alysdev.be\/fr\/wp-json\/wp\/v2\/pages\/491\/revisions"}],"predecessor-version":[{"id":11983,"href":"https:\/\/socialenergie.alysdev.be\/fr\/wp-json\/wp\/v2\/pages\/491\/revisions\/11983"}],"up":[{"embeddable":true,"href":"https:\/\/socialenergie.alysdev.be\/fr\/wp-json\/wp\/v2\/pages\/481"}],"wp:attachment":[{"href":"https:\/\/socialenergie.alysdev.be\/fr\/wp-json\/wp\/v2\/media?parent=491"}],"curies":[{"name":"wp","href":"https:\/\/api.w.org\/{rel}","templated":true}]}}