{"id":495,"date":"2016-06-02T15:13:28","date_gmt":"2016-06-02T13:13:28","guid":{"rendered":"http:\/\/zl31wzsmw.preview.infomaniak.website\/_new2016\/fr\/?page_id=495"},"modified":"2025-10-09T15:23:25","modified_gmt":"2025-10-09T13:23:25","slug":"obligations-relatives-a-lhumidite-laeration-et-la-densite-doccupation","status":"publish","type":"page","link":"https:\/\/socialenergie.alysdev.be\/fr\/logement\/obligations-du-proprietaire\/obligations-relatives-a-lhumidite-laeration-et-la-densite-doccupation\/","title":{"rendered":"Obligations relatives \u00e0 l&rsquo;humidit\u00e9, l&rsquo;a\u00e9ration et la densit\u00e9 d\u2019occupation"},"content":{"rendered":"<p class=\"attention\">Cette partie du site web est en cours de mise \u00e0 jour.<\/p>\n<p>Le propri\u00e9taire a l\u2019obligation de :<\/p>\n<ol start=\"1\">\n<li>mettre \u00e0 disposition du locataire un logement sain et en bon \u00e9tat, qui ne pr\u00e9sente pas de probl\u00e8mes d\u2019humidit\u00e9.<\/li>\n<li>r\u00e9soudre les probl\u00e8mes d\u2019infiltration d\u2019eau et d\u2019humidit\u00e9 ascensionnelle (humidit\u00e9 provenant des fondations et qui monte dans les murs) dans le logement.<\/li>\n<\/ol>\n<div class=\"info\">\n<p><strong>Condensation permanente<br \/>\n<\/strong>Les d\u00e9g\u00e2ts caus\u00e9s par de la condensation permanente rel\u00e8vent soit de la responsabilit\u00e9 du propri\u00e9taire, soit du locataire. Tout d\u00e9pend de la provenance de cette condensation :<\/p>\n<ul>\n<li>s\u2019il s\u2019agit d\u2019un probl\u00e8me ou d\u2019une lacune relative \u00e0 l\u2019isolation du b\u00e2timent, c\u2019est au propri\u00e9taire d\u2019en assumer la responsabilit\u00e9 (encore faut-il pouvoir le prouver).<\/li>\n<li>s\u2019il s\u2019agit d\u2019un manque d\u2019entretien ou d\u2019un manque d\u2019a\u00e9ration, c\u2019est au locataire d\u2019en assumer la<\/li>\n<\/ul>\n<\/div>\n<p><img loading=\"lazy\" decoding=\"async\" class=\"alignnone size-full wp-image-891\" src=\"http:\/\/socialenergie.alysdev.be\/wp-content\/uploads\/Logement_Responsabilites_locatives_Humidite.jpg\" alt=\"Logement_Responsabilites_locatives_Humidite\" width=\"1076\" height=\"615\" srcset=\"https:\/\/socialenergie.alysdev.be\/wp-content\/uploads\/Logement_Responsabilites_locatives_Humidite.jpg 1076w, https:\/\/socialenergie.alysdev.be\/wp-content\/uploads\/Logement_Responsabilites_locatives_Humidite-150x86.jpg 150w, https:\/\/socialenergie.alysdev.be\/wp-content\/uploads\/Logement_Responsabilites_locatives_Humidite-300x171.jpg 300w, https:\/\/socialenergie.alysdev.be\/wp-content\/uploads\/Logement_Responsabilites_locatives_Humidite-1024x585.jpg 1024w\" sizes=\"auto, (max-width: 1076px) 100vw, 1076px\" \/><\/p>\n<p><!-- Add code here that should appear in the content block of all new pages --><\/p>\n","protected":false},"excerpt":{"rendered":"<p>Cette partie du site web est en cours de mise \u00e0 jour. Le propri\u00e9taire a l\u2019obligation de : mettre \u00e0 disposition du locataire un logement sain et en bon \u00e9tat, qui ne pr\u00e9sente pas de probl\u00e8mes d\u2019humidit\u00e9. r\u00e9soudre les probl\u00e8mes d\u2019infiltration d\u2019eau et d\u2019humidit\u00e9 ascensionnelle (humidit\u00e9 provenant des fondations et qui monte dans les murs) [&hellip;]<\/p>\n","protected":false},"author":1,"featured_media":0,"parent":481,"menu_order":349,"comment_status":"closed","ping_status":"closed","template":"","meta":{"_acf_changed":false,"footnotes":""},"class_list":["post-495","page","type-page","status-publish","hentry"],"acf":[],"_links":{"self":[{"href":"https:\/\/socialenergie.alysdev.be\/fr\/wp-json\/wp\/v2\/pages\/495","targetHints":{"allow":["GET"]}}],"collection":[{"href":"https:\/\/socialenergie.alysdev.be\/fr\/wp-json\/wp\/v2\/pages"}],"about":[{"href":"https:\/\/socialenergie.alysdev.be\/fr\/wp-json\/wp\/v2\/types\/page"}],"author":[{"embeddable":true,"href":"https:\/\/socialenergie.alysdev.be\/fr\/wp-json\/wp\/v2\/users\/1"}],"replies":[{"embeddable":true,"href":"https:\/\/socialenergie.alysdev.be\/fr\/wp-json\/wp\/v2\/comments?post=495"}],"version-history":[{"count":3,"href":"https:\/\/socialenergie.alysdev.be\/fr\/wp-json\/wp\/v2\/pages\/495\/revisions"}],"predecessor-version":[{"id":11986,"href":"https:\/\/socialenergie.alysdev.be\/fr\/wp-json\/wp\/v2\/pages\/495\/revisions\/11986"}],"up":[{"embeddable":true,"href":"https:\/\/socialenergie.alysdev.be\/fr\/wp-json\/wp\/v2\/pages\/481"}],"wp:attachment":[{"href":"https:\/\/socialenergie.alysdev.be\/fr\/wp-json\/wp\/v2\/media?parent=495"}],"curies":[{"name":"wp","href":"https:\/\/api.w.org\/{rel}","templated":true}]}}