{"id":497,"date":"2016-06-02T15:14:01","date_gmt":"2016-06-02T13:14:01","guid":{"rendered":"http:\/\/zl31wzsmw.preview.infomaniak.website\/_new2016\/fr\/?page_id=497"},"modified":"2025-10-09T15:23:36","modified_gmt":"2025-10-09T13:23:36","slug":"obligations-relatives-a-la-luminosite-fenetres-et-eclairage","status":"publish","type":"page","link":"https:\/\/socialenergie.alysdev.be\/fr\/logement\/obligations-du-proprietaire\/obligations-relatives-a-la-luminosite-fenetres-et-eclairage\/","title":{"rendered":"Obligations relatives \u00e0 la luminosit\u00e9, fen\u00eatres et \u00e9clairage"},"content":{"rendered":"<p class=\"attention\">Cette partie du site web est en cours de mise \u00e0 jour.<\/p>\n<p><img loading=\"lazy\" decoding=\"async\" class=\"alignnone size-full wp-image-893\" src=\"http:\/\/socialenergie.alysdev.be\/wp-content\/uploads\/Logement_Responsabilites_locatives_Luminosite_2.jpg\" alt=\"Logement_Responsabilites_locatives_Luminosite_2\" width=\"1096\" height=\"424\" srcset=\"https:\/\/socialenergie.alysdev.be\/wp-content\/uploads\/Logement_Responsabilites_locatives_Luminosite_2.jpg 1096w, https:\/\/socialenergie.alysdev.be\/wp-content\/uploads\/Logement_Responsabilites_locatives_Luminosite_2-150x58.jpg 150w, https:\/\/socialenergie.alysdev.be\/wp-content\/uploads\/Logement_Responsabilites_locatives_Luminosite_2-300x116.jpg 300w, https:\/\/socialenergie.alysdev.be\/wp-content\/uploads\/Logement_Responsabilites_locatives_Luminosite_2-1024x396.jpg 1024w\" sizes=\"auto, (max-width: 1096px) 100vw, 1096px\" \/><\/p>\n<p>Le propri\u00e9taire est responsable de l\u2019entretien et des r\u00e9parations de tous les \u00e9l\u00e9ments composant la structure ext\u00e9rieure du logement. C\u2019est donc au propri\u00e9taire qu\u2019incombent les frais de r\u00e9paration des fen\u00eatres.<\/p>\n<p>Cependant, si la d\u00e9t\u00e9rioration provient d\u2019un \u00e9l\u00e9ment ind\u00e9pendant, la faute n\u2019incombe pas au propri\u00e9taire. La r\u00e9paration du dommage d\u00e9pend alors de l\u2019assurance souscrite par le locataire.<\/p>\n<p class=\"greybg\"><em>Exemple :<\/em><br \/>\nUne fen\u00eatre est cass\u00e9e involontairement par l\u2019ext\u00e9rieur (coup de tonnerre, etc.). La responsabilit\u00e9 du propri\u00e9taire n\u2019est pas remise en cause. L\u2019assurance incendie (obligatoire) du locataire prend en charge les frais de r\u00e9parations.<\/p>\n<p class=\"info\"><strong>Incitation travaux<\/strong><br \/>\nLes locataires peuvent toutefois inciter le(s) propri\u00e9taire(s) \u00e0 entreprendre des travaux en mentionnant les <a href=\"https:\/\/socialenergie.alysdev.be\/aides-aux-investissements\/primes\/prime-regionale-a-la-renovation-de-lhabitat\/\" target=\"_blank\" rel=\"noopener noreferrer\">primes et les aides aux investissements<\/a> disponibles<em>.<\/em> Pour ce faire, ils peuvent \u00e9ventuellement faire appel \u00e0 des associations accompagnant les locataires dans les d\u00e9marches envers les propri\u00e9taires pour la r\u00e9novation des logements.<\/p>\n<p><!-- Add code here that should appear in the content block of all new pages --><\/p>\n","protected":false},"excerpt":{"rendered":"<p>Cette partie du site web est en cours de mise \u00e0 jour. Le propri\u00e9taire est responsable de l\u2019entretien et des r\u00e9parations de tous les \u00e9l\u00e9ments composant la structure ext\u00e9rieure du logement. C\u2019est donc au propri\u00e9taire qu\u2019incombent les frais de r\u00e9paration des fen\u00eatres. Cependant, si la d\u00e9t\u00e9rioration provient d\u2019un \u00e9l\u00e9ment ind\u00e9pendant, la faute n\u2019incombe pas au [&hellip;]<\/p>\n","protected":false},"author":1,"featured_media":0,"parent":481,"menu_order":357,"comment_status":"closed","ping_status":"closed","template":"","meta":{"_acf_changed":false,"footnotes":""},"class_list":["post-497","page","type-page","status-publish","hentry"],"acf":[],"_links":{"self":[{"href":"https:\/\/socialenergie.alysdev.be\/fr\/wp-json\/wp\/v2\/pages\/497","targetHints":{"allow":["GET"]}}],"collection":[{"href":"https:\/\/socialenergie.alysdev.be\/fr\/wp-json\/wp\/v2\/pages"}],"about":[{"href":"https:\/\/socialenergie.alysdev.be\/fr\/wp-json\/wp\/v2\/types\/page"}],"author":[{"embeddable":true,"href":"https:\/\/socialenergie.alysdev.be\/fr\/wp-json\/wp\/v2\/users\/1"}],"replies":[{"embeddable":true,"href":"https:\/\/socialenergie.alysdev.be\/fr\/wp-json\/wp\/v2\/comments?post=497"}],"version-history":[{"count":5,"href":"https:\/\/socialenergie.alysdev.be\/fr\/wp-json\/wp\/v2\/pages\/497\/revisions"}],"predecessor-version":[{"id":11988,"href":"https:\/\/socialenergie.alysdev.be\/fr\/wp-json\/wp\/v2\/pages\/497\/revisions\/11988"}],"up":[{"embeddable":true,"href":"https:\/\/socialenergie.alysdev.be\/fr\/wp-json\/wp\/v2\/pages\/481"}],"wp:attachment":[{"href":"https:\/\/socialenergie.alysdev.be\/fr\/wp-json\/wp\/v2\/media?parent=497"}],"curies":[{"name":"wp","href":"https:\/\/api.w.org\/{rel}","templated":true}]}}