{"id":513,"date":"2016-06-02T15:28:55","date_gmt":"2016-06-02T13:28:55","guid":{"rendered":"http:\/\/zl31wzsmw.preview.infomaniak.website\/_new2016\/fr\/?page_id=513"},"modified":"2025-12-23T11:58:34","modified_gmt":"2025-12-23T10:58:34","slug":"le-contrat-de-bail-avec-renovation","status":"publish","type":"page","link":"https:\/\/socialenergie.alysdev.be\/fr\/logement\/contrat-de-bail-etat-des-lieux-et-responsabilites\/le-contrat-de-bail-avec-renovation\/","title":{"rendered":"Le contrat de bail avec r\u00e9novation"},"content":{"rendered":"<p class=\"attention\">Cette partie du site web est en cours de mise \u00e0 jour.<\/p>\n<p>Le contrat de bail avec r\u00e9novation est un accord conclu entre un propri\u00e9taire et son locataire lorsque de petits ou de grands travaux doivent \u00eatre r\u00e9alis\u00e9s dans le bien lou\u00e91. La particularit\u00e9 de ce contrat est d\u2019offrir au locataire la possibilit\u00e9 de r\u00e9aliser lui-m\u00eame un certain nombre de transformations ou de travaux \u00e0 ses frais, alors que ces travaux sont normalement \u00e0 charge du bailleur. La contrepartie du propri\u00e9taire est pr\u00e9cis\u00e9e dans les modalit\u00e9s du contrat et d\u00e9pendent de ce qui est convenu avec le propri\u00e9taire.<\/p>\n<p class=\"info\"><strong>Pr\u00e9sentation du contrat de bail avec r\u00e9novation<br \/>\n<\/strong>Le contrat de bail avec r\u00e9novation se pr\u00e9sente comme un avenant, joint au contrat de bail existant. Vous pouvez t\u00e9l\u00e9charger un mod\u00e8le de ce contrat de bail avec r\u00e9novation.<\/p>\n<h2>Modalit\u00e9s du contrat de bail avec r\u00e9novation<span style=\"font-size: small;\"><strong class=\"exposant\">2<\/strong><\/span><\/h2>\n<p>Si les parties d\u00e9cident de recourir au contrat de bail avec r\u00e9novation, elles doivent bien consigner les modalit\u00e9s de leur accord par \u00e9crit. Ce contrat doit mentionner tr\u00e8s clairement la description des travaux que le locataire va ex\u00e9cuter et dans quel d\u00e9lai, ainsi que la description de la contrepartie que le bailleur s\u2019engage \u00e0 offrir et pour quelle dur\u00e9e. Ce contrat de bail exige 4 conditions obligatoires:<\/p>\n<ul>\n<li>les travaux de r\u00e9novation doivent \u00eatre clairement d\u00e9finis<\/li>\n<li>les travaux doivent commencer dans un d\u00e9lai raisonnable<br \/>\nle bailleur s\u2019engage \u00e0 offrir une contrepartie<\/li>\n<li>la dur\u00e9e pr\u00e9vue pour l&rsquo;ex\u00e9cution des travaux doit \u00eatre r\u00e9aliste.<br \/>\nEn outre, les parties doivent convenir d\u2019une date de r\u00e9ception des travaux.<\/li>\n<\/ul>\n<p>En contrepartie des travaux r\u00e9alis\u00e9s par le locataire, le bailleur peut :<\/p>\n<ul>\n<li>diminuer le loyer ou le supprimer.<\/li>\n<li>renoncer au droit de demander une r\u00e9vision du loyer.<\/li>\n<li>s&rsquo;engager \u00e0 ne pas r\u00e9silier le bail pendant une p\u00e9riode d\u00e9termin\u00e9e (en fonction de l&rsquo;\u00e9tendue des travaux, cette p\u00e9riode peut \u00eatre inf\u00e9rieure ou sup\u00e9rieure \u00e0 neuf ans).<\/li>\n<\/ul>\n<div class=\"attention\">\n<p><strong> D\u00e9rogation aux exigences \u00e9l\u00e9mentaires<\/strong><\/p>\n<p>Dans un contrat bail avec r\u00e9novation, l&rsquo;habitation ne doit pas n\u00e9cessairement satisfaire aux exigences \u00e9l\u00e9mentaires de s\u00e9curit\u00e9, de salubrit\u00e9 et d&rsquo;habitabilit\u00e9 mais dans ce cas, les travaux doivent imp\u00e9rativement rem\u00e9dier aux d\u00e9faillances en ce domaine. Si les travaux \u00e0 r\u00e9aliser par le locataire visent \u00e0 mettre le bien lou\u00e9 en conformit\u00e9 avec les exigences \u00e9l\u00e9mentaires en mati\u00e8re de s\u00e9curit\u00e9, de sant\u00e9 et de salubrit\u00e9, les conditions suivantes doivent \u00eatre remplies :<\/p>\n<ul>\n<li>les travaux envisag\u00e9s doivent avoir au moins pour but de rem\u00e9dier aux manquements aux exigences \u00e9l\u00e9mentaires en mati\u00e8re de s\u00e9curit\u00e9, de sant\u00e9 et de salubrit\u00e9<\/li>\n<li>les travaux de r\u00e9novation doivent \u00eatre d\u00e9crits avec pr\u00e9cision dans le contrat<\/li>\n<li>le commencement des travaux doit \u00eatre pr\u00e9cis\u00e9 et ce, dans un d\u00e9lai raisonnable en fonction de la nature des travaux<\/li>\n<li>pendant la dur\u00e9e des travaux de r\u00e9novation, le bailleur ne peut demander aucun loyer<\/li>\n<\/ul>\n<\/div>\n<h2>Qui peut contracter un contrat de bail de r\u00e9novation<\/h2>\n<p>Le propri\u00e9taire et le locataire de commun accord.<\/p>\n<h2>Quelle proc\u00e9dure suivre pour contracter un contrat de bail de r\u00e9novation?<\/h2>\n<p>1. Si le locataire est demandeur de ce type de proc\u00e9dure, il doit :<\/p>\n<ul>\n<li>contacter son propri\u00e9taire<\/li>\n<li>soumettre la proposition de conclusion de ce contrat<\/li>\n<li>convenir avec son propri\u00e9taire des modalit\u00e9s pr\u00e9cises des travaux<\/li>\n<\/ul>\n<p>2. Si les parties (locataire et propri\u00e9taire) parviennent \u00e0 se mettre d\u2019accord :<\/p>\n<ul>\n<li>elles actent leur d\u00e9cision par la conclusion d\u2019un accord de contrat de bail de r\u00e9novation. Cet accord va se joindre et compl\u00e9ter le contrat de bail existant, de la m\u00eame mani\u00e8re qu\u2019un avenant.<\/li>\n<li>le propri\u00e9taire se charge en principe de l\u2019enregistrement du contrat de bail et de ses avenants.<\/li>\n<li>le locataire se charge de la r\u00e9alisation des travaux, moyennant la contrepartie offerte par le propri\u00e9taire.<\/li>\n<\/ul>\n<p>3. A l\u2019issue de l\u2019ex\u00e9cution des travaux :<\/p>\n<ul>\n<li>le propri\u00e9taire v\u00e9rifie si le locataire a respect\u00e9 ses obligations contractuelles.<\/li>\n<li>les parties doivent \u00eatre pr\u00e9sentes lors de la r\u00e9ception des travaux<\/li>\n<li>les parties doivent signer de mani\u00e8re contradictoire, cette \u00abr\u00e9ception des travaux \u00bb.<\/li>\n<\/ul>\n<p>C\u2019est-\u00e0-dire qu\u2019elles actent que les travaux ont bien \u00e9t\u00e9 r\u00e9alis\u00e9s conform\u00e9ment \u00e0 ce qui avait \u00e9t\u00e9 convenu, dans les d\u00e9lais pr\u00e9vus.<\/p>\n<p class=\"info\"><strong> D\u00e9saccord lors de la r\u00e9ception des travaux<br \/>\n<\/strong>Si les parties sont en d\u00e9saccord lors de la r\u00e9ception des travaux elles doivent essayer de s\u2019arranger \u00e0 l\u2019amiable. Si ce n\u2019est pas possible, <a href=\"https:\/\/socialenergie.alysdev.be\/recours-plaintes\/justice\/saisir-jdp\/\" target=\"_blank\" rel=\"noopener noreferrer\">l\u2019affaire ou le litige peut \u00eatre port\u00e9 en justice de paix<\/a>.<\/p>\n<h2>Informations compl\u00e9mentaires ?<\/h2>\n<p>Pour toute question relative au contrat de bail de r\u00e9novation, il est pr\u00e9f\u00e9rable de se renseigner et de s\u2019adresser aupr\u00e8s <a href=\"http:\/\/www.belgium.be\/fr\/logement\/location\/bail\/bail_de_renovation\/\" target=\"_blank\" rel=\"noopener noreferrer\" target=\"_blank\">du service f\u00e9d\u00e9ral comp\u00e9tent<\/a>.<\/p>\n<p class=\"cadre greybg\"><span style=\"font-size: x-small;\">[1] Art. 8 du Code civil, livre III, titre VIII, chapitre II, Section 2. Des r\u00e8gles particuli\u00e8res aux baux relatif \u00e0 la r\u00e9sidence principale du preneur<\/span><br \/>\n<span style=\"font-size: x-small;\">[2] Art. 8 du Code civil livre III titre VIII chapitre II, Section 2. Des r\u00e8gles particuli\u00e8res aux baux relatif \u00e0 la r\u00e9sidence principale du preneur<\/span><\/p>\n<p><!-- Add code here that should appear in the content block of all new pages --><\/p>\n","protected":false},"excerpt":{"rendered":"<p>Cette partie du site web est en cours de mise \u00e0 jour. Le contrat de bail avec r\u00e9novation est un accord conclu entre un propri\u00e9taire et son locataire lorsque de petits ou de grands travaux doivent \u00eatre r\u00e9alis\u00e9s dans le bien lou\u00e91. La particularit\u00e9 de ce contrat est d\u2019offrir au locataire la possibilit\u00e9 de r\u00e9aliser [&hellip;]<\/p>\n","protected":false},"author":1,"featured_media":0,"parent":509,"menu_order":255,"comment_status":"closed","ping_status":"closed","template":"","meta":{"_acf_changed":false,"footnotes":""},"class_list":["post-513","page","type-page","status-publish","hentry"],"acf":[],"_links":{"self":[{"href":"https:\/\/socialenergie.alysdev.be\/fr\/wp-json\/wp\/v2\/pages\/513","targetHints":{"allow":["GET"]}}],"collection":[{"href":"https:\/\/socialenergie.alysdev.be\/fr\/wp-json\/wp\/v2\/pages"}],"about":[{"href":"https:\/\/socialenergie.alysdev.be\/fr\/wp-json\/wp\/v2\/types\/page"}],"author":[{"embeddable":true,"href":"https:\/\/socialenergie.alysdev.be\/fr\/wp-json\/wp\/v2\/users\/1"}],"replies":[{"embeddable":true,"href":"https:\/\/socialenergie.alysdev.be\/fr\/wp-json\/wp\/v2\/comments?post=513"}],"version-history":[{"count":7,"href":"https:\/\/socialenergie.alysdev.be\/fr\/wp-json\/wp\/v2\/pages\/513\/revisions"}],"predecessor-version":[{"id":12933,"href":"https:\/\/socialenergie.alysdev.be\/fr\/wp-json\/wp\/v2\/pages\/513\/revisions\/12933"}],"up":[{"embeddable":true,"href":"https:\/\/socialenergie.alysdev.be\/fr\/wp-json\/wp\/v2\/pages\/509"}],"wp:attachment":[{"href":"https:\/\/socialenergie.alysdev.be\/fr\/wp-json\/wp\/v2\/media?parent=513"}],"curies":[{"name":"wp","href":"https:\/\/api.w.org\/{rel}","templated":true}]}}