{"id":521,"date":"2021-12-21T14:30:49","date_gmt":"2021-12-21T13:30:49","guid":{"rendered":"http:\/\/zl31wzsmw.preview.infomaniak.website\/_new2016\/fr\/?page_id=521"},"modified":"2025-10-09T15:30:11","modified_gmt":"2025-10-09T13:30:11","slug":"non-respect-des-obligations","status":"publish","type":"page","link":"https:\/\/socialenergie.alysdev.be\/fr\/logement\/non-respect-des-obligations\/","title":{"rendered":"Non-respect des obligations"},"content":{"rendered":"<p class=\"attention\">Cette partie du site web est en cours de mise \u00e0 jour.<\/p>\n<ul>\n<li>Possibilit\u00e9 de <a href=\"https:\/\/socialenergie.alysdev.be\/logement\/non-respect-des-obligations\/non-respect-des-obligations-possibilite-de-suspension-du-loyer\/\" target=\"_blank\" rel=\"noopener noreferrer\">suspendre le paiement du loyer<\/a> ?<\/li>\n<li>Possibilit\u00e9 de <a href=\"https:\/\/socialenergie.alysdev.be\/logement\/non-respect-des-obligations\/non-respect-des-obligations-refuser-deffectuer-les-travaux\/\" target=\"_blank\" rel=\"noopener noreferrer\">refuser de faire les travaux<\/a> ?<\/li>\n<li>Possibilit\u00e9 de <a href=\"https:\/\/socialenergie.alysdev.be\/logement\/non-respect-des-obligations\/non-respect-des-obligations-puiser-sur-la-garantie-du-locataire\/\" target=\"_blank\" rel=\"noopener noreferrer\">puiser sur la garantie<\/a> ?<\/li>\n<li><a href=\"https:\/\/socialenergie.alysdev.be\/logement\/non-respect-des-obligations\/non-respect-des-obligations-saisir-le-juge-de-paix\/\" target=\"_blank\" rel=\"noopener noreferrer\">Saisir le Juge de paix<\/a> ?<\/li>\n<li><a href=\"https:\/\/socialenergie.alysdev.be\/logement\/non-respect-des-obligations\/saisir-la-dirl\/\" target=\"_blank\" rel=\"noopener noreferrer\">Saisir la DIRL<\/a> ?<\/li>\n<\/ul>\n","protected":false},"excerpt":{"rendered":"<p>Cette partie du site web est en cours de mise \u00e0 jour. Possibilit\u00e9 de suspendre le paiement du loyer ? Possibilit\u00e9 de refuser de faire les travaux ? Possibilit\u00e9 de puiser sur la garantie ? Saisir le Juge de paix ? Saisir la DIRL ?<\/p>\n","protected":false},"author":1,"featured_media":0,"parent":146,"menu_order":312,"comment_status":"closed","ping_status":"closed","template":"","meta":{"_acf_changed":false,"footnotes":""},"class_list":["post-521","page","type-page","status-publish","hentry"],"acf":[],"_links":{"self":[{"href":"https:\/\/socialenergie.alysdev.be\/fr\/wp-json\/wp\/v2\/pages\/521","targetHints":{"allow":["GET"]}}],"collection":[{"href":"https:\/\/socialenergie.alysdev.be\/fr\/wp-json\/wp\/v2\/pages"}],"about":[{"href":"https:\/\/socialenergie.alysdev.be\/fr\/wp-json\/wp\/v2\/types\/page"}],"author":[{"embeddable":true,"href":"https:\/\/socialenergie.alysdev.be\/fr\/wp-json\/wp\/v2\/users\/1"}],"replies":[{"embeddable":true,"href":"https:\/\/socialenergie.alysdev.be\/fr\/wp-json\/wp\/v2\/comments?post=521"}],"version-history":[{"count":6,"href":"https:\/\/socialenergie.alysdev.be\/fr\/wp-json\/wp\/v2\/pages\/521\/revisions"}],"predecessor-version":[{"id":12018,"href":"https:\/\/socialenergie.alysdev.be\/fr\/wp-json\/wp\/v2\/pages\/521\/revisions\/12018"}],"up":[{"embeddable":true,"href":"https:\/\/socialenergie.alysdev.be\/fr\/wp-json\/wp\/v2\/pages\/146"}],"wp:attachment":[{"href":"https:\/\/socialenergie.alysdev.be\/fr\/wp-json\/wp\/v2\/media?parent=521"}],"curies":[{"name":"wp","href":"https:\/\/api.w.org\/{rel}","templated":true}]}}