{"id":525,"date":"2016-06-02T15:32:50","date_gmt":"2016-06-02T13:32:50","guid":{"rendered":"http:\/\/zl31wzsmw.preview.infomaniak.website\/_new2016\/fr\/?page_id=525"},"modified":"2025-10-09T15:30:35","modified_gmt":"2025-10-09T13:30:35","slug":"non-respect-des-obligations-refuser-deffectuer-les-travaux","status":"publish","type":"page","link":"https:\/\/socialenergie.alysdev.be\/fr\/logement\/non-respect-des-obligations\/non-respect-des-obligations-refuser-deffectuer-les-travaux\/","title":{"rendered":"Non-respect des obligations : refuser d&rsquo;effectuer les travaux?"},"content":{"rendered":"<p class=\"attention\">Cette partie du site web est en cours de mise \u00e0 jour.<\/p>\n<p><strong>Possibilit\u00e9 pour le propri\u00e9taire de refuser d\u2019effectuer les travaux n\u00e9cessaires en cas de non-paiement des loyers par le locataire ?<\/strong><\/p>\n<p>Oui, il est th\u00e9oriquement possible pour le propri\u00e9taire de refuser d\u2019effectuer les travaux n\u00e9cessaires lorsque le locataire ne paye pas ses loyers.<\/p>\n<p>Mais,le juge saisi par un locataire m\u00e9content pourrait consid\u00e9rer que le fait de ne pas effectuer les travaux est une mesure disproportionn\u00e9e par rapport au non-paiement du loyer et condamner le propri\u00e9taire.<\/p>\n<p>De plus, <a class=\"lexique\" title=\"M\u00e9canisme juridique consistant \u00e0 suspendre l'ex\u00e9cution de ses obligations aussi longtemps que son cocontractant reste en d\u00e9faut d'ex\u00e9cuter les siennes.\">l\u2019exception d\u2019inex\u00e9cution<\/a> utilis\u00e9e ici par le propri\u00e9taire (\u00e0 savoir, le fait de ne pas effectuer les travaux) ne peut constituer une voie de fait<span class=\"exposant\" style=\"font-size: x-small;\">1<\/span>.<\/p>\n<p class=\"cadre\">Par exemple, le propri\u00e9taire qui d\u00e9ciderait de suspendre la fourniture de gaz ou d\u2019\u00e9lectricit\u00e9 car le locataire ne paie plus son loyer commettrait une voie de fait et pourrait \u00eatre condamn\u00e9 par le juge de paix parce qu&rsquo;il porterait volontairement atteinte aux droits fondamentaux de ses locataires (mener une vie conforme \u00e0 la dignit\u00e9 humain).<\/p>\n<div class=\"cadre greybg\"><span style=\"font-size: x-small;\">[1] La voie de fait, c\u2019est l\u2019acte qui ne peut manifestement s\u2019autoriser d\u2019aucune justification l\u00e9gale ou encore l\u2019acte par lequel on emp\u00eache l\u2019exercice d\u2019un droit \u00e9vident. Autrement dit, on parlera de \u00ab voie de fait \u00bb lorsque l\u2019on est face \u00e0 une ill\u00e9galit\u00e9 flagrante<\/span><\/div>\n<p><!-- Add code here that should appear in the content block of all new pages --><\/p>\n","protected":false},"excerpt":{"rendered":"<p>Cette partie du site web est en cours de mise \u00e0 jour. Possibilit\u00e9 pour le propri\u00e9taire de refuser d\u2019effectuer les travaux n\u00e9cessaires en cas de non-paiement des loyers par le locataire ? Oui, il est th\u00e9oriquement possible pour le propri\u00e9taire de refuser d\u2019effectuer les travaux n\u00e9cessaires lorsque le locataire ne paye pas ses loyers. Mais,le [&hellip;]<\/p>\n","protected":false},"author":1,"featured_media":0,"parent":521,"menu_order":319,"comment_status":"closed","ping_status":"closed","template":"","meta":{"_acf_changed":false,"footnotes":""},"class_list":["post-525","page","type-page","status-publish","hentry"],"acf":[],"_links":{"self":[{"href":"https:\/\/socialenergie.alysdev.be\/fr\/wp-json\/wp\/v2\/pages\/525","targetHints":{"allow":["GET"]}}],"collection":[{"href":"https:\/\/socialenergie.alysdev.be\/fr\/wp-json\/wp\/v2\/pages"}],"about":[{"href":"https:\/\/socialenergie.alysdev.be\/fr\/wp-json\/wp\/v2\/types\/page"}],"author":[{"embeddable":true,"href":"https:\/\/socialenergie.alysdev.be\/fr\/wp-json\/wp\/v2\/users\/1"}],"replies":[{"embeddable":true,"href":"https:\/\/socialenergie.alysdev.be\/fr\/wp-json\/wp\/v2\/comments?post=525"}],"version-history":[{"count":4,"href":"https:\/\/socialenergie.alysdev.be\/fr\/wp-json\/wp\/v2\/pages\/525\/revisions"}],"predecessor-version":[{"id":12020,"href":"https:\/\/socialenergie.alysdev.be\/fr\/wp-json\/wp\/v2\/pages\/525\/revisions\/12020"}],"up":[{"embeddable":true,"href":"https:\/\/socialenergie.alysdev.be\/fr\/wp-json\/wp\/v2\/pages\/521"}],"wp:attachment":[{"href":"https:\/\/socialenergie.alysdev.be\/fr\/wp-json\/wp\/v2\/media?parent=525"}],"curies":[{"name":"wp","href":"https:\/\/api.w.org\/{rel}","templated":true}]}}