{"id":536,"date":"2016-06-02T15:45:24","date_gmt":"2016-06-02T13:45:24","guid":{"rendered":"http:\/\/zl31wzsmw.preview.infomaniak.website\/_new2016\/fr\/?page_id=536"},"modified":"2026-01-06T10:31:41","modified_gmt":"2026-01-06T09:31:41","slug":"aides-au-logement","status":"publish","type":"page","link":"https:\/\/socialenergie.alysdev.be\/fr\/logement\/aides-au-logement\/","title":{"rendered":"Aides au logement"},"content":{"rendered":"<p class=\"attention\">Cette partie du site web est en cours de mise \u00e0 jour.<\/p>\n<ul>\n<li>Aides au niveau de la r\u00e9gion\n<ul>\n<li><a href=\"https:\/\/socialenergie.alysdev.be\/logement\/aides-au-logement\/allocation-de-relogement\/\" target=\"_blank\" rel=\"noopener noreferrer\" target=\"_blank\" rel=\"noopener\">Allocation de relogement<\/a><\/li>\n<li><a href=\"https:\/\/socialenergie.alysdev.be\/logement\/aides-au-logement\/allocation-loyer\/\" target=\"_blank\" rel=\"noopener noreferrer\">Allocation loyer<\/a><\/li>\n<li><a href=\"https:\/\/socialenergie.alysdev.be\/logement\/aides-au-logement\/accompagnement-de-la-dirl\/\" target=\"_blank\" rel=\"noopener noreferrer\" target=\"_blank\" rel=\"noopener\">Accompagnement de la DIRL<\/a><\/li>\n<li><a href=\"https:\/\/socialenergie.alysdev.be\/logement\/aides-au-logement\/aide-a-la-constitution-de-la-garantie-locative\/\" target=\"_blank\" rel=\"noopener noreferrer\">Aide \u00e0 la constitution de la garantie locative<\/a><\/li>\n<\/ul>\n<\/li>\n<li><a href=\"https:\/\/socialenergie.alysdev.be\/logement\/aides-au-logement\/aides-au-niveau-des-communes\/\" target=\"_blank\" rel=\"noopener noreferrer\" target=\"_blank\" rel=\"noopener noreferrer\">Aides au niveau des communes<\/a><\/li>\n<li><a href=\"https:\/\/socialenergie.alysdev.be\/logement\/aides-au-logement\/les-aides-donnees-par-les-associations\/\" target=\"_blank\" rel=\"noopener noreferrer\" target=\"_blank\" rel=\"noopener noreferrer\">Aides donn\u00e9es par les associations<\/a><\/li>\n<\/ul>\n","protected":false},"excerpt":{"rendered":"<p>Cette partie du site web est en cours de mise \u00e0 jour. Aides au niveau de la r\u00e9gion Allocation de relogement Allocation loyer Accompagnement de la DIRL Aide \u00e0 la constitution de la garantie locative Aides au niveau des communes Aides donn\u00e9es par les associations<\/p>\n","protected":false},"author":1,"featured_media":0,"parent":146,"menu_order":35,"comment_status":"closed","ping_status":"closed","template":"","meta":{"_acf_changed":false,"footnotes":""},"class_list":["post-536","page","type-page","status-publish","hentry"],"acf":[],"_links":{"self":[{"href":"https:\/\/socialenergie.alysdev.be\/fr\/wp-json\/wp\/v2\/pages\/536","targetHints":{"allow":["GET"]}}],"collection":[{"href":"https:\/\/socialenergie.alysdev.be\/fr\/wp-json\/wp\/v2\/pages"}],"about":[{"href":"https:\/\/socialenergie.alysdev.be\/fr\/wp-json\/wp\/v2\/types\/page"}],"author":[{"embeddable":true,"href":"https:\/\/socialenergie.alysdev.be\/fr\/wp-json\/wp\/v2\/users\/1"}],"replies":[{"embeddable":true,"href":"https:\/\/socialenergie.alysdev.be\/fr\/wp-json\/wp\/v2\/comments?post=536"}],"version-history":[{"count":14,"href":"https:\/\/socialenergie.alysdev.be\/fr\/wp-json\/wp\/v2\/pages\/536\/revisions"}],"predecessor-version":[{"id":13091,"href":"https:\/\/socialenergie.alysdev.be\/fr\/wp-json\/wp\/v2\/pages\/536\/revisions\/13091"}],"up":[{"embeddable":true,"href":"https:\/\/socialenergie.alysdev.be\/fr\/wp-json\/wp\/v2\/pages\/146"}],"wp:attachment":[{"href":"https:\/\/socialenergie.alysdev.be\/fr\/wp-json\/wp\/v2\/media?parent=536"}],"curies":[{"name":"wp","href":"https:\/\/api.w.org\/{rel}","templated":true}]}}