{"id":538,"date":"2016-06-02T15:46:22","date_gmt":"2016-06-02T13:46:22","guid":{"rendered":"http:\/\/zl31wzsmw.preview.infomaniak.website\/_new2016\/fr\/?page_id=538"},"modified":"2026-01-21T15:27:08","modified_gmt":"2026-01-21T14:27:08","slug":"allocation-de-relogement","status":"publish","type":"page","link":"https:\/\/socialenergie.alysdev.be\/fr\/logement\/aides-au-logement\/allocation-de-relogement\/","title":{"rendered":"Allocation de relogement"},"content":{"rendered":"<div class=\"info\">\n<p><span style=\"color: #00849f;\">Nous ne sommes pas comp\u00e9tents pour la gestion des dossiers personnels d&rsquo;allocation d&rsquo;accompagnement au relogement.<br \/>\nPour toute question concernant votre allocation, veuillez contacter <a href=\"https:\/\/be.brussels\/fr\/logement\/location\/aides-la-location\/aides-financieres\/allocation-daccompagnement-au-relogement\" target=\"_blank\" rel=\"noopener noreferrer\"><strong>Bruxelles Logement<\/strong><\/a> par t\u00e9l\u00e9phone au <strong>0800\/40.400<\/strong> ou par mail <strong>logement@sprb.brussels<\/strong><\/span><\/p>\n<\/div>\n<div class=\"title_code\">Qu\u2019est-ce l\u2019allocation d'accompagnement au relogement ?<\/div>\n\n        <div class=\"content_code\">\n<p>Pr\u00e9c\u00e9demment appel\u00e9e ADIL, l\u2019allocation d&rsquo;accompagnement au relogement est une aide financi\u00e8re, accord\u00e9e par la R\u00e9gion de Bruxelles-Capitale, pour le d\u00e9m\u00e9nagement et le payement d\u2019un loyer.<\/p>\n<p>Deux formes d\u2019aides cumulables sont comprises dans l\u2019allocation de relogement :<\/p>\n<ul>\n<li><strong>L&rsquo;aide au d\u00e9m\u00e9nagement :<br \/>\n<\/strong>Il s\u2019agit d\u2019un montant octroy\u00e9 pour couvrir une partie des frais de d\u00e9m\u00e9nagement et d\u2019installation dans le nouveau logement.<\/li>\n<li><strong>L\u2019intervention dans le loyer :<br \/>\n<\/strong>Le montant octroy\u00e9 est calcul\u00e9 en fonction des revenus du m\u00e9nage et du loyer du nouveau logement.<\/li>\n<\/ul>\n<p><\/div><div class=\"title_code\">Qui a droit \u00e0 l\u2019allocation de relogement ?<\/div>\n\n        <div class=\"content_code\"><\/p>\n<p>Cette aide s\u2019adresse aux personnes ayant quitt\u00e9 un logement, <strong>sous certaines conditions<\/strong> :<\/p>\n<ul>\n<li>Avoir d\u00e9m\u00e9nag\u00e9 <strong>maximum 6 mois avant le jour d\u2019introduction de votre demande d\u2019allocation<\/strong> car vous \u00e9tiez dans une des 3 situations suivantes :\n<ul>\n<li><strong>sans-abri<\/strong><br \/>\nVous \u00e9tiez sans-abri et avez b\u00e9n\u00e9fici\u00e9 :<\/p>\n<ul>\n<li>d&rsquo;une prime d\u2019installation octroy\u00e9e par le CPAS<br \/>\nOU<\/li>\n<li>d&rsquo;un accompagnement par une institution bruxelloise agr\u00e9\u00e9e pour l&rsquo;assistance aux sans-abris.<\/li>\n<\/ul>\n<\/li>\n<li><strong>victime de violence<\/strong>\n<ul>\n<li>Vous avez s\u00e9journ\u00e9 dans un foyer d&rsquo;h\u00e9bergement agr\u00e9\u00e9 pour personnes victimes de violences intrafamiliales ;<br \/>\nOU<\/li>\n<li>vous avez b\u00e9n\u00e9fici\u00e9 du suivi d&rsquo;un service agr\u00e9\u00e9 pour l\u2019accompagnement :\n<ul>\n<li>de personnes victime de violences intrafamiliales ;<br \/>\nOU<\/li>\n<li>de mineurs en difficult\u00e9 ou en danger<\/li>\n<\/ul>\n<\/li>\n<\/ul>\n<\/li>\n<li><strong>dans un logement interdit \u00e0 la location<\/strong><br \/>\nVotre ancien logement insalubre, situ\u00e9 en R\u00e9gion de Bruxelles-Capitale, a \u00e9t\u00e9 interdit \u00e0 la location soit :<\/p>\n<ul>\n<li>par d\u00e9cision de l&rsquo;<a href=\"https:\/\/be.brussels\/fr\/propos-de-la-region\/structure-et-organisation\/apercu-des-administrations-et-institutions-de-la-region\/bruxelles-logement\/structure-de-bruxelles-logement\/direction-de-linspection-regionale-du-logement-dirl\" target=\"_blank\" rel=\"noopener noreferrer\" data-entity-type=\"node\" data-entity-uuid=\"eaf7f912-8414-4c61-b36b-a0c6b6a5d7b0\" data-entity-substitution=\"canonical\">Inspection R\u00e9gionale du Logement<\/a> ;<\/li>\n<li>par un arr\u00eat\u00e9 d&rsquo;inhabitabilit\u00e9 pris par un bourgmestre.<\/li>\n<\/ul>\n<p><strong>ET<\/strong> il y a maximum 12 mois qui s\u00e9parent le jour de l\u2019interdiction \u00e0 la location de l\u2019ancien logement et le jour de la conclusion du bail ou de la convention de logement de transit de votre nouveau logement.<\/li>\n<\/ul>\n<\/li>\n<li>\u00catre <strong>inscrit en tant que personne de r\u00e9f\u00e9rence aupr\u00e8s d\u2019une <\/strong><a href=\"https:\/\/slrb-bghm.brussels\/fr\/societes-immobilieres-de-service-public\/toutes-les-sisp\" target=\"_blank\" rel=\"noopener noreferrer\" target=\"_blank\" rel=\"noopener\"><strong>Soci\u00e9t\u00e9 Immobili\u00e8re de Service Public<\/strong><\/a> (SISP).<\/li>\n<li>Avoir au moins 18 ans ou \u00eatre \u00e9mancip\u00e9 ou mineur mis en autonomie.<\/li>\n<li>\u00catre domicili\u00e9 \u00e0 l\u2019adresse du logement pour lequel vous faites la demande.<\/li>\n<li>Ne pas b\u00e9n\u00e9ficier de l\u2019<a href=\"https:\/\/be.brussels\/fr\/logement\/location\/aides-la-location\/aides-financieres\/allocation-loyer\" target=\"_blank\" rel=\"noopener noreferrer\">allocation loyer<\/a> vers\u00e9e par Bruxelles Logement.<\/li>\n<li>Faire partie d\u2019un m\u00e9nage qui dispose de revenus\u00b9 inf\u00e9rieurs ou \u00e9gaux \u00e0 <strong>28.100,75 \u20ac<\/strong>\u00b2 (au 1er janvier 2026)<strong>.\u00a0<\/strong>\u00b9 <em>Les revenus annuels sont l\u2019ensemble des revenus des membres majeurs de votre m\u00e9nage pr\u00e9sents au moment de l\u2019introduction de votre demande. Pour une demande effectu\u00e9e en 2026, il s\u2019agit des revenus imposables globalement et distinctement pour l\u2019ann\u00e9e 2023 (exercice d\u2019imposition 2024).<\/em><br \/>\n\u00b2 <em>Correspond au plafond pour l\u2019<\/em><a href=\"https:\/\/www.inami.fgov.be\/fr\/themes\/soins-de-sante-cout-et-remboursement\/facilites-financieres\/intervention-majoree-plafonds-des-revenus\" target=\"_blank\" rel=\"noopener noreferrer\"><em>intervention major\u00e9e<\/em><\/a><em>. Ce seuil est susceptible d\u2019\u00e9voluer.<\/em><\/li>\n<\/ul>\n<p><\/div><\/p>\n<div class=\"title_code\">Quelles sont les conditions pour le nouveau logement ?<\/div>\n\n        <div class=\"content_code\">\n<ul>\n<li>Il est situ\u00e9 en R\u00e9gion de Bruxelles-Capitale.<\/li>\n<li>Il est lou\u00e9 avec un contrat de bail de r\u00e9sidence principale ou une convention de logement de transit.<\/li>\n<li>Il n\u2019appartient pas \u00e0 un membre de votre famille jusqu\u2019au second degr\u00e9.<\/li>\n<li>Sauf s\u2019il s\u2019agit d\u2019un logement de transit, il ne doit pas \u00eatre g\u00e9r\u00e9 par une Agence Immobili\u00e8re Sociale (AIS) ni par une Soci\u00e9t\u00e9 Immobili\u00e8re de Service Public (SISP) et le loyer ne doit pas \u00eatre socialis\u00e9.<\/li>\n<\/ul>\n<p><\/div><div class=\"title_code\">Calcul du montant de l\u2019allocation de relogement<\/div>\n\n        <div class=\"content_code\"><\/p>\n<p>L\u2019allocation d&rsquo;accompagnement de relogement se compose de :<\/p>\n<ul>\n<li>\n<h3>D\u2019une aide au d\u00e9m\u00e9nagement :<\/h3>\n<\/li>\n<\/ul>\n<p>Il s\u2019agit d\u2019un montant forfaitaire. Le montant de l\u2019aide au d\u00e9m\u00e9nagement est de <strong>952,30 \u20ac <\/strong>(au 1er janvier 2026). Ce montant est <strong>augment\u00e9 de 95,23 \u20ac par enfant \u00e0 charge <\/strong>(au 1er janvier 2026). Elle est vers\u00e9e une seule fois.<\/p>\n<ul>\n<li>\n<h3>D\u2019une intervention dans le loyer :<\/h3>\n<\/li>\n<\/ul>\n<p>Elle est vers\u00e9e, tous les mois, pendant <strong>maximum 3 ans<\/strong> \u00e0 partir de la date d\u2019introduction de votre demande. Son montant d\u00e9pend de vos revenus et de la composition de votre m\u00e9nage comme indiqu\u00e9 dans les tableaux ci-dessous :<\/p>\n<div class=\"wysiwyg styles-module__8EKq_a__table-container\">\n<table>\n<tbody>\n<tr>\n<td><\/td>\n<td><strong>Revenus \u2264 21.312,87 \u20ac<\/strong><\/td>\n<td><strong>Revenus &gt; 21.312,87 \u20ac<\/strong><\/td>\n<\/tr>\n<tr>\n<td><strong>Montant de base<\/strong><\/td>\n<td>190,46 \u20ac par mois<\/td>\n<td>142,85 \u20ac par mois<\/td>\n<\/tr>\n<\/tbody>\n<\/table>\n<p>(au 1er janvier 2026)<\/p>\n<table>\n<tbody>\n<tr>\n<td><\/td>\n<td><strong>Famille monoparentale<\/strong><\/td>\n<td><strong>Autres familles<\/strong><\/td>\n<\/tr>\n<tr>\n<td><strong>Majoration<\/strong><\/td>\n<td>47,62 \u20ac par enfant<\/td>\n<td>23,81 \u20ac par enfant<\/td>\n<\/tr>\n<\/tbody>\n<\/table>\n<\/div>\n<p>(au 1er janvier 2026)<\/p>\n<p><\/div><div class=\"title_code\">D\u00e9marches \u00e0 accomplir pour recevoir l\u2019allocation de relogement<\/div>\n\n        <div class=\"content_code\"><\/p>\n<p>La personne souhaitant recevoir une allocation de relogement doit remplir un formulaire de demande et constituer un dossier comprenant diff\u00e9rents documents :<\/p>\n<ul>\n<li><a href=\"https:\/\/admin.be.brussels\/en\/bhg\/document\/download\/6535\" target=\"_blank\" rel=\"noopener noreferrer\" target=\"_blank\" rel=\"noopener\">Formulaire de demande<\/a><\/li>\n<li><a href=\"https:\/\/admin.be.brussels\/en\/bhg\/document\/download\/6530\" target=\"_blank\" rel=\"noopener noreferrer\">Notice explicative<\/a><\/li>\n<\/ul>\n<h3>Contact\u00a0:<\/h3>\n<h4><span style=\"color: #00849f;\">Bruxelles Logement<\/span><br \/>\n<em>Service public r\u00e9gional de Bruxelles<br \/>\n<\/em>Place Saint-Lazare 2 \u2013 1035 Bruxelles<br \/>\nT\u00e9l\u00e9phone : 0800\/40.400<br \/>\n<em>(tapez 4 pour toute information sur le logement \u2013 lundi, mercredi et vendredi de 9h \u00e0 12h)<\/em><br \/>\nEmail :\u00a0<a href=\"mailto:logement@sprb.brussels\">logement@sprb.brussels<\/a><\/h4>\n<p><\/div><\/p>\n<p><em>Source : <a href=\"https:\/\/be.brussels\/fr\/logement\/location\/aides-la-location\/aides-financieres\/allocation-daccompagnement-au-relogement\" target=\"_blank\" rel=\"noopener noreferrer\">https:\/\/be.brussels\/fr\/logement\/location\/aides-la-location\/aides-financieres\/allocation-daccompagnement-au-relogement<\/a><\/em><\/p>\n","protected":false},"excerpt":{"rendered":"<p>Nous ne sommes pas comp\u00e9tents pour la gestion des dossiers personnels d&rsquo;allocation d&rsquo;accompagnement au relogement. Pour toute question concernant votre allocation, veuillez contacter Bruxelles Logement par t\u00e9l\u00e9phone au 0800\/40.400 ou par mail logement@sprb.brussels Source : https:\/\/be.brussels\/fr\/logement\/location\/aides-la-location\/aides-financieres\/allocation-daccompagnement-au-relogement<\/p>\n","protected":false},"author":1,"featured_media":0,"parent":536,"menu_order":38,"comment_status":"closed","ping_status":"closed","template":"","meta":{"_acf_changed":false,"footnotes":""},"class_list":["post-538","page","type-page","status-publish","hentry"],"acf":[],"_links":{"self":[{"href":"https:\/\/socialenergie.alysdev.be\/fr\/wp-json\/wp\/v2\/pages\/538","targetHints":{"allow":["GET"]}}],"collection":[{"href":"https:\/\/socialenergie.alysdev.be\/fr\/wp-json\/wp\/v2\/pages"}],"about":[{"href":"https:\/\/socialenergie.alysdev.be\/fr\/wp-json\/wp\/v2\/types\/page"}],"author":[{"embeddable":true,"href":"https:\/\/socialenergie.alysdev.be\/fr\/wp-json\/wp\/v2\/users\/1"}],"replies":[{"embeddable":true,"href":"https:\/\/socialenergie.alysdev.be\/fr\/wp-json\/wp\/v2\/comments?post=538"}],"version-history":[{"count":64,"href":"https:\/\/socialenergie.alysdev.be\/fr\/wp-json\/wp\/v2\/pages\/538\/revisions"}],"predecessor-version":[{"id":13380,"href":"https:\/\/socialenergie.alysdev.be\/fr\/wp-json\/wp\/v2\/pages\/538\/revisions\/13380"}],"up":[{"embeddable":true,"href":"https:\/\/socialenergie.alysdev.be\/fr\/wp-json\/wp\/v2\/pages\/536"}],"wp:attachment":[{"href":"https:\/\/socialenergie.alysdev.be\/fr\/wp-json\/wp\/v2\/media?parent=538"}],"curies":[{"name":"wp","href":"https:\/\/api.w.org\/{rel}","templated":true}]}}