{"id":540,"date":"2016-06-02T15:48:06","date_gmt":"2016-06-02T13:48:06","guid":{"rendered":"http:\/\/zl31wzsmw.preview.infomaniak.website\/_new2016\/fr\/?page_id=540"},"modified":"2025-10-09T15:35:19","modified_gmt":"2025-10-09T13:35:19","slug":"accompagnement-de-la-dirl","status":"publish","type":"page","link":"https:\/\/socialenergie.alysdev.be\/fr\/logement\/aides-au-logement\/accompagnement-de-la-dirl\/","title":{"rendered":"Accompagnement de la DIRL"},"content":{"rendered":"<p class=\"attention\">Cette partie du site web est en cours de mise \u00e0 jour.<\/p>\n<div class=\"title_code\">Qu\u2019est-ce la DIRL ?<\/div>\n\n        <div class=\"content_code\">\n<p>La DIRL est la Direction de l\u2019Inspection R\u00e9gionale du Logement dont le r\u00f4le est de veiller au respect du Code bruxellois du logement. De mani\u00e8re concr\u00e8te, ses missions sont :<\/p>\n<ul>\n<li>Le contr\u00f4le de la conformit\u00e9 des logements aux normes obligatoires de s\u00e9curit\u00e9, de salubrit\u00e9 et d\u2019\u00e9quipement des biens lou\u00e9s ou destin\u00e9s \u00e0 la mise en location ;<\/li>\n<\/ul>\n<p>Parmi les moyens mis \u00e0 sa disposition, la DIRL r\u00e9alise des enqu\u00eates suite aux plaintes d\u00e9pos\u00e9es par les locataires ou organisations (CPAS, associations actives dans le logement, etc.). Les plaintes concernent des logements qui ne respectent pas les normes de ce Code. Le r\u00e9sultat de cette enqu\u00eate peut \u00eatre une interdiction de location, obligeant ainsi les locataires ou occupants \u00e0 quitter le logement. Pour faire face \u00e0 cette situation, la DIRL offre plusieurs aides.<\/p>\n<ul>\n<li>la lutte contre les faits de\u00a0discrimination\u00a0dans l\u2019acc\u00e8s \u00e0 un logement ;<\/li>\n<li>l\u2019octroi du\u00a0label logement \u00e9tudiant.<\/li>\n<\/ul>\n<p><a href=\"https:\/\/logement.brussels\/qui-sommes-nous\/direction-de-linspection-regionale-du-logement-dirl\/\" target=\"_blank\" rel=\"noopener noreferrer\" target=\"_blank\" rel=\"noopener\">Plus d\u2019informations sur la DIRL<\/a><\/p>\n<p><\/div><div class=\"title_code\">Qui a droit \u00e0 l\u2019aide au relogement de la DIRL ?<\/div>\n\n        <div class=\"content_code\"><\/p>\n<p>La DIRL offre une aide au relogement aux locataires ayant \u00e9t\u00e9 confront\u00e9s \u00e0 une fermeture de leur logement suite \u00e0 une d\u00e9cision d\u2019interdiction de mise en location \u00e9manant de la DIRL. Selon le type d\u2019aide sollicit\u00e9e, des conditions suppl\u00e9mentaires doivent \u00eatre remplies.<\/p>\n<p><\/div><div class=\"title_code\">Quels types d\u2019aide au relogement offre la DIRL ?<\/div>\n\n        <div class=\"content_code\"><\/p>\n<h3>1. Accompagnement social<\/h3>\n<p>La DIRL, en coordination avec d\u2019autres acteurs (associations d\u2019insertion par le logement, CPAS, services communaux&#8230;), propose un accompagnement social aux locataires touch\u00e9s par une d\u00e9cision de fermeture afin de les aider dans leurs d\u00e9marches de recherche d\u2019un nouveau logement. Elle les informe \u00e9galement sur les diverses possibilit\u00e9s existantes (ADIL, aides des CPAS, logements sociaux, Agences Immobili\u00e8res Sociales\u2026).<\/p>\n<h3>2. Une intervention dans les frais de d\u00e9m\u00e9nagement et une allocation<\/h3>\n<p>La DIRL dispose d\u2019un Fonds r\u00e9gional de solidarit\u00e9 aliment\u00e9 par les amendes inflig\u00e9es aux bailleurs en infraction.<\/p>\n<p>A l\u2019aide de ce fonds, elle octroie aux m\u00e9nages qui doivent quitter un logement frapp\u00e9 d\u2019une interdiction de mise en location une intervention unique dans les frais de d\u00e9m\u00e9nagement et une allocation pour le paiement du loyer pendant une p\u00e9riode de 3 ans.<\/p>\n<p>Attention, cette aide n\u2019est pas cumulative avec l\u2019<a href=\"https:\/\/socialenergie.alysdev.be\/logement\/aides-au-logement\/allocation-loyer\/\" target=\"_blank\" rel=\"noopener noreferrer\" target=\"_blank\" rel=\"noopener\">allocation loyer<\/a>.<\/p>\n<h3>3. Octroi de points pour un logement social<\/h3>\n<p>Une personne en demande de logement social qui ne peut retourner dans son logement en raison d\u2019une interdiction de mise en location d\u00e9cid\u00e9e par la DIRL b\u00e9n\u00e9ficie de 5 points de priorit\u00e9. Pour concr\u00e9tiser cet avantage, la personne doit fournir \u00e0 la DIRL la preuve de son inscription pour une demande de logement social. Ensuite, la DIRL se charge elle-m\u00eame d\u2019informer la ou les Soci\u00e9t\u00e9s Immobili\u00e8res de Service Public (SISP) concern\u00e9e(s).<\/p>\n<p><\/div><\/p>\n<p><!-- Add code here that should appear in the content block of all new pages --><\/p>\n","protected":false},"excerpt":{"rendered":"<p>Cette partie du site web est en cours de mise \u00e0 jour.<\/p>\n","protected":false},"author":1,"featured_media":0,"parent":536,"menu_order":25,"comment_status":"closed","ping_status":"closed","template":"","meta":{"_acf_changed":false,"footnotes":""},"class_list":["post-540","page","type-page","status-publish","hentry"],"acf":[],"_links":{"self":[{"href":"https:\/\/socialenergie.alysdev.be\/fr\/wp-json\/wp\/v2\/pages\/540","targetHints":{"allow":["GET"]}}],"collection":[{"href":"https:\/\/socialenergie.alysdev.be\/fr\/wp-json\/wp\/v2\/pages"}],"about":[{"href":"https:\/\/socialenergie.alysdev.be\/fr\/wp-json\/wp\/v2\/types\/page"}],"author":[{"embeddable":true,"href":"https:\/\/socialenergie.alysdev.be\/fr\/wp-json\/wp\/v2\/users\/1"}],"replies":[{"embeddable":true,"href":"https:\/\/socialenergie.alysdev.be\/fr\/wp-json\/wp\/v2\/comments?post=540"}],"version-history":[{"count":10,"href":"https:\/\/socialenergie.alysdev.be\/fr\/wp-json\/wp\/v2\/pages\/540\/revisions"}],"predecessor-version":[{"id":13147,"href":"https:\/\/socialenergie.alysdev.be\/fr\/wp-json\/wp\/v2\/pages\/540\/revisions\/13147"}],"up":[{"embeddable":true,"href":"https:\/\/socialenergie.alysdev.be\/fr\/wp-json\/wp\/v2\/pages\/536"}],"wp:attachment":[{"href":"https:\/\/socialenergie.alysdev.be\/fr\/wp-json\/wp\/v2\/media?parent=540"}],"curies":[{"name":"wp","href":"https:\/\/api.w.org\/{rel}","templated":true}]}}