{"id":542,"date":"2016-06-02T15:48:41","date_gmt":"2016-06-02T13:48:41","guid":{"rendered":"http:\/\/zl31wzsmw.preview.infomaniak.website\/_new2016\/fr\/?page_id=542"},"modified":"2025-10-09T15:35:55","modified_gmt":"2025-10-09T13:35:55","slug":"aides-au-niveau-des-communes","status":"publish","type":"page","link":"https:\/\/socialenergie.alysdev.be\/fr\/logement\/aides-au-logement\/aides-au-niveau-des-communes\/","title":{"rendered":"Aides au niveau des communes"},"content":{"rendered":"<p class=\"attention\">Cette partie du site web est en cours de mise \u00e0 jour.<\/p>\n<div class=\"title_code\">Principe<\/div>\n\n        <div class=\"content_code\">\n<p>L\u2019intervention en mati\u00e8re de relogement des autorit\u00e9s communales fait suite \u00e0 deux cas de figure\u00a0:<\/p>\n<ul>\n<li>\n<h3>Une d\u00e9cision de la DIRL<\/h3>\n<\/li>\n<\/ul>\n<p>Suite \u00e0 cette notification, le CPAS pourra proposer un accompagnement social des locataires et le Bourgmestre ex\u00e9cutera l\u2019interdiction en adoptant un arr\u00eat\u00e9 d\u2019inhabitabilit\u00e9. Il veillera \u00e9galement \u00e0 \u00e9viter toute nouvelle occupation du logement en apposant des scell\u00e9s.<\/p>\n<p>Le locataire dont le logement a fait l\u2019objet d\u2019une interdiction de location devra recevoir, dans le mois de l\u2019expulsion, une proposition de relogement dans la mesure des disponibilit\u00e9s (AIS, CPAS, logement de transit, \u2026). A d\u00e9faut d\u2019une solution \u00e0 l\u2019\u00e9chelle de la Commune, la SLRB v\u00e9rifiera les disponibilit\u00e9s \u00e9ventuelles au sein de son parc locatif. Cette obligation est une obligation de moyen et non de r\u00e9sultat.<\/p>\n<ul>\n<li>\n<h3>Un arr\u00eat\u00e9 d\u2019inhabitabilit\u00e9\u00a0pour atteinte \u00e0 la salubrit\u00e9 et \u00e0 la s\u00e9curit\u00e9 a \u00e9t\u00e9 pris par les autorit\u00e9s communales<\/h3>\n<\/li>\n<\/ul>\n<p>La loi communale n\u2019impose aucune obligation de relogement. Cependant, l\u2019arr\u00eat\u00e9 d\u2019inhabitabilit\u00e9 peut faire l\u2019objet d\u2019un recours aupr\u00e8s du Conseil d\u2019Etat tant de la part du bailleur que du locataire. La jurisprudence du Conseil d\u2019Etat consid\u00e8re g\u00e9n\u00e9ralement que l\u2019expulsion peut constituer un risque de pr\u00e9judice grave si elle n\u2019est pas accompagn\u00e9e d\u2019une solution de relogement.<\/p>\n<p><a href=\"https:\/\/www.ccc-ggc.brussels\/fr\/observatbru\/publications\/dossier-externe-les-expulsions-de-logement-en-region-bruxelloise-aspects\" target=\"_blank\" rel=\"noopener noreferrer\" target=\"_blank\" rel=\"noopener\">&gt; Plus d&rsquo;informations page 47 \u00e0 49<\/a><\/p>\n<p><\/div><div class=\"title_code\">Aides concr\u00e8tes<\/div>\n\n        <div class=\"content_code\"><\/p>\n<p>Le type d\u2019aide disponible varie d\u2019une commune \u00e0 l\u2019autre. Voici les principaux moyens d\u2019action que l\u2019on peut rencontrer dans les communes en termes de relogement :<\/p>\n<ul>\n<li>l\u2019acc\u00e8s \u00e0 un logement communal (\u00e9ventuellement prioritaire en cas d\u2019expulsion de son logement).<\/li>\n<li>L\u2019acc\u00e8s \u00e0 un logement communal de transit : certaines communes offrent une solution temporaire pour faire face \u00e0 une situation critique.<\/li>\n<li>Le Service logement d\u2019une commune, s\u2019il en existe un, peut accompagner la personne dans la recherche d\u2019un logement (aide pour contacter par exemple une Agence Immobili\u00e8re Sociale mais en g\u00e9n\u00e9ral offre peu de logements adapt\u00e9s aux familles nombreuses, etc.) et\/ou rediriger celle-ci vers des associations \u0153uvrant dans le domaine du logement. Signalons que certains CPAS offrent aussi divers types d\u2019aide comme par exemple la constitution d\u2019une caution locative.<\/li>\n<\/ul>\n<p>Pour conna\u00eetre la nature exacte des aides propos\u00e9es par commune, prenez directement contact avec la commune concern\u00e9e.<\/p>\n<p><\/div><\/p>\n<p><!-- Add code here that should appear in the content block of all new pages --><\/p>\n","protected":false},"excerpt":{"rendered":"<p>Cette partie du site web est en cours de mise \u00e0 jour.<\/p>\n","protected":false},"author":1,"featured_media":0,"parent":536,"menu_order":33,"comment_status":"closed","ping_status":"closed","template":"","meta":{"_acf_changed":false,"footnotes":""},"class_list":["post-542","page","type-page","status-publish","hentry"],"acf":[],"_links":{"self":[{"href":"https:\/\/socialenergie.alysdev.be\/fr\/wp-json\/wp\/v2\/pages\/542","targetHints":{"allow":["GET"]}}],"collection":[{"href":"https:\/\/socialenergie.alysdev.be\/fr\/wp-json\/wp\/v2\/pages"}],"about":[{"href":"https:\/\/socialenergie.alysdev.be\/fr\/wp-json\/wp\/v2\/types\/page"}],"author":[{"embeddable":true,"href":"https:\/\/socialenergie.alysdev.be\/fr\/wp-json\/wp\/v2\/users\/1"}],"replies":[{"embeddable":true,"href":"https:\/\/socialenergie.alysdev.be\/fr\/wp-json\/wp\/v2\/comments?post=542"}],"version-history":[{"count":9,"href":"https:\/\/socialenergie.alysdev.be\/fr\/wp-json\/wp\/v2\/pages\/542\/revisions"}],"predecessor-version":[{"id":12039,"href":"https:\/\/socialenergie.alysdev.be\/fr\/wp-json\/wp\/v2\/pages\/542\/revisions\/12039"}],"up":[{"embeddable":true,"href":"https:\/\/socialenergie.alysdev.be\/fr\/wp-json\/wp\/v2\/pages\/536"}],"wp:attachment":[{"href":"https:\/\/socialenergie.alysdev.be\/fr\/wp-json\/wp\/v2\/media?parent=542"}],"curies":[{"name":"wp","href":"https:\/\/api.w.org\/{rel}","templated":true}]}}