{"id":551,"date":"2016-06-02T16:02:32","date_gmt":"2016-06-02T14:02:32","guid":{"rendered":"http:\/\/zl31wzsmw.preview.infomaniak.website\/_new2016\/fr\/?page_id=551"},"modified":"2025-10-09T15:37:49","modified_gmt":"2025-10-09T13:37:49","slug":"logement-et-sante","status":"publish","type":"page","link":"https:\/\/socialenergie.alysdev.be\/fr\/logement\/logement-et-sante\/","title":{"rendered":"Logement et sant\u00e9"},"content":{"rendered":"<p class=\"attention\">Cette partie du site web est en cours de mise \u00e0 jour.<\/p>\n<ul>\n<li><a href=\"https:\/\/socialenergie.alysdev.be\/logement\/logement-et-sante\/quel-lien-entre-logement-et-sante\/\" target=\"_blank\" rel=\"noopener noreferrer\">Quel lien entre logement et sant\u00e9 ?<\/a><\/li>\n<li><a href=\"https:\/\/socialenergie.alysdev.be\/logement\/logement-et-sante\/le-taux-dhumidite-et-les-moisissures\/\" target=\"_blank\" rel=\"noopener noreferrer\">Taux d&rsquo;humidit\u00e9 et moisissures<\/a><\/li>\n<li><a href=\"https:\/\/socialenergie.alysdev.be\/logement\/logement-et-sante\/le-monoxyde-de-carbone-co\/\" target=\"_blank\" rel=\"noopener noreferrer\">Intoxication au monoxyde de carbone (CO)<\/a><\/li>\n<li><a href=\"https:\/\/socialenergie.alysdev.be\/logement\/logement-et-sante\/recours-utiles\/\" target=\"_blank\" rel=\"noopener noreferrer\">Autres probl\u00e8mes de sant\u00e9 li\u00e9s au logement<\/a><\/li>\n<\/ul>\n","protected":false},"excerpt":{"rendered":"<p>Cette partie du site web est en cours de mise \u00e0 jour. Quel lien entre logement et sant\u00e9 ? Taux d&rsquo;humidit\u00e9 et moisissures Intoxication au monoxyde de carbone (CO) Autres probl\u00e8mes de sant\u00e9 li\u00e9s au logement<\/p>\n","protected":false},"author":1,"featured_media":0,"parent":146,"menu_order":303,"comment_status":"closed","ping_status":"closed","template":"","meta":{"_acf_changed":false,"footnotes":""},"class_list":["post-551","page","type-page","status-publish","hentry"],"acf":[],"_links":{"self":[{"href":"https:\/\/socialenergie.alysdev.be\/fr\/wp-json\/wp\/v2\/pages\/551","targetHints":{"allow":["GET"]}}],"collection":[{"href":"https:\/\/socialenergie.alysdev.be\/fr\/wp-json\/wp\/v2\/pages"}],"about":[{"href":"https:\/\/socialenergie.alysdev.be\/fr\/wp-json\/wp\/v2\/types\/page"}],"author":[{"embeddable":true,"href":"https:\/\/socialenergie.alysdev.be\/fr\/wp-json\/wp\/v2\/users\/1"}],"replies":[{"embeddable":true,"href":"https:\/\/socialenergie.alysdev.be\/fr\/wp-json\/wp\/v2\/comments?post=551"}],"version-history":[{"count":6,"href":"https:\/\/socialenergie.alysdev.be\/fr\/wp-json\/wp\/v2\/pages\/551\/revisions"}],"predecessor-version":[{"id":12041,"href":"https:\/\/socialenergie.alysdev.be\/fr\/wp-json\/wp\/v2\/pages\/551\/revisions\/12041"}],"up":[{"embeddable":true,"href":"https:\/\/socialenergie.alysdev.be\/fr\/wp-json\/wp\/v2\/pages\/146"}],"wp:attachment":[{"href":"https:\/\/socialenergie.alysdev.be\/fr\/wp-json\/wp\/v2\/media?parent=551"}],"curies":[{"name":"wp","href":"https:\/\/api.w.org\/{rel}","templated":true}]}}