{"id":555,"date":"2016-06-02T16:16:05","date_gmt":"2016-06-02T14:16:05","guid":{"rendered":"http:\/\/zl31wzsmw.preview.infomaniak.website\/_new2016\/fr\/?page_id=555"},"modified":"2025-10-09T15:38:10","modified_gmt":"2025-10-09T13:38:10","slug":"le-taux-dhumidite-et-les-moisissures","status":"publish","type":"page","link":"https:\/\/socialenergie.alysdev.be\/fr\/logement\/logement-et-sante\/le-taux-dhumidite-et-les-moisissures\/","title":{"rendered":"Le taux d\u2019humidit\u00e9 et les moisissures"},"content":{"rendered":"<p class=\"attention\">Cette partie du site web est en cours de mise \u00e0 jour.<\/p>\n<div class=\"title_code\">Qu\u2019est-ce que l\u2019humidit\u00e9 ?<\/div>\n\n        <div class=\"content_code\">\n<p>L\u2019air ambiant contient toujours une certaine quantit\u00e9 de vapeur d\u2019eau. Une certaine dose d\u2019humidit\u00e9 est donc normale. En g\u00e9n\u00e9ral, on ne ressent pas cette humidit\u00e9 qui reste invisible. Dans un logement, la vapeur d\u2019eau \u00e0 l\u2019origine de l\u2019humidit\u00e9 provient de la respiration humaine tout comme des activit\u00e9s quotidiennes : cuisiner, prendre une douche, etc. Un animal ou des plantes participent \u00e9galement \u00e0 la cr\u00e9ation de vapeur d\u2019eau.<\/p>\n<p>Quand la vapeur d\u2019eau se condense, elle se concentre sur les surfaces les plus froides (vitres, ponts thermiques, murs non isol\u00e9s, etc.) : elle redevient liquide et se d\u00e9pose sous forme de bu\u00e9e sur ces surfaces. La quantit\u00e9 maximale d\u2019humidit\u00e9 que l\u2019air est capable d\u2019emmagasiner d\u00e9pend de sa temp\u00e9rature. L\u2019air se condense m\u00eame s&rsquo;il n\u2019est pas \u00e0 saturation.<\/p>\n<p>Des explications p\u00e9dagogiques plus d\u00e9taill\u00e9es sur l\u2019humidit\u00e9 et la condensation sont fournies par la Soci\u00e9t\u00e9 du Logement de la R\u00e9gion de Bruxelles-Capitale et disponibles <a href=\"http:\/\/www.slrb.irisnet.be\/louer-un-logement-social\/droits-et-de-devoirs-du-locataire\/utilisation-adequate-du-logement\" target=\"_blank\" rel=\"noopener noreferrer\" target=\"_blank\">ici<\/a>.<\/p>\n<p><\/div><div class=\"title_code\">Que se passe-t-il en cas de trop forte humidit\u00e9 ?<\/div>\n\n        <div class=\"content_code\"><\/p>\n<p>En cas de trop forte humidit\u00e9, il y a risque d\u2019apparition de moisissures (champignons) car l\u2019air ambiant contient toujours diff\u00e9rentes semences, les spores, qui se transforment en moisissures en pr\u00e9sence d\u2019eau. Plus les murs ou parties de murs seront froids, plus cela favorisera l\u2019apparition de champignons. Ces m\u00eames conditions favorisent le d\u00e9veloppement d\u2019acariens (araign\u00e9es microscopiques) et d\u2019autres parasites.<\/p>\n<p><a href=\"http:\/\/socialenergie.alysdev.be\/wp-content\/uploads\/humidite.jpg\" target=\"_blank\" rel=\"noopener noreferrer\"><img loading=\"lazy\" decoding=\"async\" class=\"aligncenter wp-image-859 size-medium\" src=\"http:\/\/socialenergie.alysdev.be\/wp-content\/uploads\/humidite-300x225.jpg\" alt=\"humidite\" width=\"300\" height=\"225\" srcset=\"https:\/\/socialenergie.alysdev.be\/wp-content\/uploads\/humidite-300x225.jpg 300w, https:\/\/socialenergie.alysdev.be\/wp-content\/uploads\/humidite-150x113.jpg 150w, https:\/\/socialenergie.alysdev.be\/wp-content\/uploads\/humidite-1024x768.jpg 1024w, https:\/\/socialenergie.alysdev.be\/wp-content\/uploads\/humidite-1536x1152.jpg 1536w, https:\/\/socialenergie.alysdev.be\/wp-content\/uploads\/humidite-2048x1536.jpg 2048w\" sizes=\"auto, (max-width: 300px) 100vw, 300px\" \/><\/a><\/p>\n<p style=\"text-align: center;\"><span style=\"font-size: x-small;\"><em>Exemple d&rsquo;apparition de moisissures<\/em><\/span><\/p>\n<p><\/div><div class=\"title_code\">Quelles sont les cons\u00e9quences pour la sant\u00e9 d\u2019une humidit\u00e9 trop importante ?<\/div>\n\n        <div class=\"content_code\"><\/p>\n<p>La pr\u00e9sence de moisissures est \u00e0 l\u2019origine de maladies respiratoires (bronchite chronique, asthme, etc.) et d\u2019allergies, particuli\u00e8rement chez les enfants et les personnes \u00e2g\u00e9es.<\/p>\n<p><\/div><div class=\"title_code\">Que faire pour lutter contre les moisissures et une humidit\u00e9 trop importante ?<\/div>\n\n        <div class=\"content_code\"><\/p>\n<p>En cas de pr\u00e9sence de moisissures, il faut r\u00e9agir rapidement. Par ailleurs, on peut \u00e9viter un maximum l\u2019apparition de ces champignons par des gestes pr\u00e9ventifs.<\/p>\n<h3>1. Action urgente<\/h3>\n<p>Quand on constate l\u2019apparition de taches de moisissure, il faut les \u00e9liminer le plus rapidement possible. On se munira de gants, d\u2019un masque de protection et d\u2019un r\u00e9cipient contenant de l\u2019eau de Javel ou une solution d\u00e9tergente, dilu\u00e9e dans 5 fois son volume d\u2019eau. Il faudra alors \u00e9ponger doucement les traces de moisissure, puis patienter une bonne vingtaine de minutes avant de rincer d\u00e9licatement \u00e0 l\u2019eau claire. Ne pas oublier de bien a\u00e9rer la pi\u00e8ce avant et apr\u00e8s l\u2019op\u00e9ration !<\/p>\n<p class=\"attention\"><strong>Appel \u00e0 des sp\u00e9cialistes <\/strong><\/p>\n<p>Si les taches apparaissent <strong>au-del\u00e0 de 3 m\u00e8tres carr\u00e9s<\/strong>, il faut faire appel \u00e0 une soci\u00e9t\u00e9 sp\u00e9cialis\u00e9e car il y a des risques importants pour la sant\u00e9. Vous pouvez en trouver une via un moteur de recherche Internet ou via les Pages jaunes (rubrique \u00ab Traitement de l\u2019humidit\u00e9 \u00bb).<\/p>\n<p class=\"attention\"><strong>Moisissures et responsabilit\u00e9 engag\u00e9e<br \/>\n<\/strong><br \/>\nDans certains cas, l&rsquo;humidit\u00e9 responsable des moisissures trouve son origine dans la<strong> structure m\u00eame du b\u00e2timent<\/strong>. C\u2019est la responsabilit\u00e9 du propri\u00e9taire qui est alors engag\u00e9e. Plus d\u2019informations <a href=\"https:\/\/socialenergie.alysdev.be\/logement\/obligations-du-locataire\/obligations-relatives-a-lhumidite-laeration-et-la-densite-doccupation\/\" target=\"_blank\" rel=\"noopener noreferrer\">\u00e0 ce propos ici<\/a> .<\/p>\n<h3>2. Actions pr\u00e9ventives<\/h3>\n<p><img loading=\"lazy\" decoding=\"async\" class=\"alignleft size-thumbnail wp-image-1006\" src=\"http:\/\/socialenergie.alysdev.be\/wp-content\/uploads\/Vent-150x102.jpg\" alt=\"Vent\" width=\"150\" height=\"102\" srcset=\"https:\/\/socialenergie.alysdev.be\/wp-content\/uploads\/Vent-150x102.jpg 150w, https:\/\/socialenergie.alysdev.be\/wp-content\/uploads\/Vent-300x205.jpg 300w, https:\/\/socialenergie.alysdev.be\/wp-content\/uploads\/Vent.jpg 409w\" sizes=\"auto, (max-width: 150px) 100vw, 150px\" \/>D\u2019un point de vue pr\u00e9ventif, le ma\u00eetre mot est l\u2019a\u00e9ration. Il est recommand\u00e9 d\u2019a\u00e9rer au moins deux fois par jour pendant une p\u00e9riode allant d\u2019une dizaine de minutes \u00e0 une demi-heure. En hiver, pour \u00e9viter de trop refroidir les murs, on privil\u00e9giera des moments d\u2019a\u00e9ration plus courts mais plus nombreux. Il faut bien veiller \u00e0 couper le chauffage lors des p\u00e9riodes d\u2019a\u00e9ration.<\/p>\n<p>Par ailleurs, l\u2019acquisition de certains r\u00e9flexes diminue la production excessive d&rsquo;humidit\u00e9 :<\/p>\n<ul>\n<li>ouvrir la fen\u00eatre dans la cuisine, si possible pendant tout le temps de la cuisson des aliments, et cela m\u00eame s\u2019il y a une hotte<\/li>\n<li>couvrir les casseroles durant tout le temps de la cuisson (ce qui, en plus, r\u00e9duit la facture d\u2019\u00e9nergie)<\/li>\n<li>si possible, ouvrir la fen\u00eatre de la salle de bains apr\u00e8s avoir pris un bain ou une douche<\/li>\n<li>essorer au maximum le linge avant de le faire s\u00e9cher, si possible \u00e0 l\u2019ext\u00e9rieur ou dans une pi\u00e8ce non confin\u00e9e et a\u00e9r\u00e9e<\/li>\n<li>ouvrir les fen\u00eatres quand de nombreux invit\u00e9s sont pr\u00e9sents dans le logement<\/li>\n<\/ul>\n<p class=\"info\">Pour plus d\u2019informations, il existe une brochure de l\u2019IBGE <a href=\"http:\/\/socialenergie.alysdev.be\/wp-content\/uploads\/pourquoi-a\u00e9rer-ou-ventiler-IBGE.pdf\" target=\"_blank\" rel=\"noopener noreferrer\">t\u00e9l\u00e9chargeable ici<\/a>.<\/p>\n<p>Pour diminuer les risques d\u2019apparition de moisissures, il convient, outre l\u2019a\u00e9ration, de chauffer correctement le logement, puisque l\u2019air chaud peut absorber plus d\u2019humidit\u00e9 que l\u2019air froid. Enfin, on conseille de garder une distance de 5 cm entre les meubles et les murs pour assurer une bonne circulation de l\u2019air chaud.<\/p>\n<p class=\"attention\"><strong>Danger des po\u00eales \u00e0 p\u00e9trole<br \/>\n<\/strong>Les po\u00eales \u00e0 p\u00e9trole produisent de la vapeur d\u2019eau, rejet\u00e9e directement dans la pi\u00e8ce o\u00f9 ils se trouvent. Il vaut mieux essayer de s\u2019en passer au maximum.<\/p>\n<p><\/div><\/p>\n<p><!-- Add code here that should appear in the content block of all new pages --><\/p>\n","protected":false},"excerpt":{"rendered":"<p>Cette partie du site web est en cours de mise \u00e0 jour.<\/p>\n","protected":false},"author":1,"featured_media":0,"parent":551,"menu_order":272,"comment_status":"closed","ping_status":"closed","template":"","meta":{"_acf_changed":false,"footnotes":""},"class_list":["post-555","page","type-page","status-publish","hentry"],"acf":[],"_links":{"self":[{"href":"https:\/\/socialenergie.alysdev.be\/fr\/wp-json\/wp\/v2\/pages\/555","targetHints":{"allow":["GET"]}}],"collection":[{"href":"https:\/\/socialenergie.alysdev.be\/fr\/wp-json\/wp\/v2\/pages"}],"about":[{"href":"https:\/\/socialenergie.alysdev.be\/fr\/wp-json\/wp\/v2\/types\/page"}],"author":[{"embeddable":true,"href":"https:\/\/socialenergie.alysdev.be\/fr\/wp-json\/wp\/v2\/users\/1"}],"replies":[{"embeddable":true,"href":"https:\/\/socialenergie.alysdev.be\/fr\/wp-json\/wp\/v2\/comments?post=555"}],"version-history":[{"count":5,"href":"https:\/\/socialenergie.alysdev.be\/fr\/wp-json\/wp\/v2\/pages\/555\/revisions"}],"predecessor-version":[{"id":12045,"href":"https:\/\/socialenergie.alysdev.be\/fr\/wp-json\/wp\/v2\/pages\/555\/revisions\/12045"}],"up":[{"embeddable":true,"href":"https:\/\/socialenergie.alysdev.be\/fr\/wp-json\/wp\/v2\/pages\/551"}],"wp:attachment":[{"href":"https:\/\/socialenergie.alysdev.be\/fr\/wp-json\/wp\/v2\/media?parent=555"}],"curies":[{"name":"wp","href":"https:\/\/api.w.org\/{rel}","templated":true}]}}