{"id":557,"date":"2016-06-02T16:16:34","date_gmt":"2016-06-02T14:16:34","guid":{"rendered":"http:\/\/zl31wzsmw.preview.infomaniak.website\/_new2016\/fr\/?page_id=557"},"modified":"2025-12-23T12:00:13","modified_gmt":"2025-12-23T11:00:13","slug":"le-monoxyde-de-carbone-co","status":"publish","type":"page","link":"https:\/\/socialenergie.alysdev.be\/fr\/logement\/logement-et-sante\/le-monoxyde-de-carbone-co\/","title":{"rendered":"Le monoxyde de carbone (CO)"},"content":{"rendered":"<p class=\"attention\">Cette partie du site web est en cours de mise \u00e0 jour.<\/p>\n<div class=\"title_code\">Qu\u2019est-ce que le monoxyde de carbone (CO) ?<\/div>\n\n        <div class=\"content_code\">\n<p>Le monoxyde de carbone (CO) est un gaz incolore, inodore et insipide. Le CO provient d\u2019une mauvaise combustion d\u2019un des \u00e9l\u00e9ments suivants : bois, charbon, mazout, p\u00e9trole, gaz naturel, propane et butane.<\/p>\n<p>Dans un logement, les appareils susceptibles de produire du CO sont les convecteurs, les chaudi\u00e8res, les chauffe-eau et les po\u00eales (en particulier les po\u00eales \u00e0 p\u00e9trole, les appareils \u00e0 \u00e9thanol, etc.). Le risque de production de CO existe si les appareils sont mal install\u00e9s, mal r\u00e9gl\u00e9s ou non entretenus.<\/p>\n<p>Le CO est aussi pr\u00e9sent si la pi\u00e8ce o\u00f9 se trouvent les appareils n\u2019est pas bien a\u00e9r\u00e9e ou si la chemin\u00e9e est absente ou d\u00e9faillante, ce qui emp\u00eache ainsi l\u2019expulsion des gaz br\u00fbl\u00e9s<em>.<\/em><\/p>\n<p><\/div><div class=\"title_code\">Comment le CO nuit-il \u00e0 la sant\u00e9 ?<\/div>\n\n        <div class=\"content_code\"><\/p>\n<p>Respirer du monoxyde de carbone peut \u00eatre mortel et, \u00e0 tout le moins, avoir des cons\u00e9quences dommageables sur la sant\u00e9. Le CO a tendance \u00e0 se fixer sur l&rsquo;h\u00e9moglobine du sang, ce qui emp\u00eache celle-ci de remplir sa fonction naturelle, approvisionner notre organisme en oxyg\u00e8ne.<\/p>\n<p>Deux types d\u2019intoxication au CO peuvent \u00eatre identifi\u00e9s :<\/p>\n<ol>\n<li>Intoxication aigu\u00eb<br \/>\nIl s\u2019agit du cas d\u2019une personne respirant une grande quantit\u00e9 de CO en peu de temps. Cette personne ressent d\u2019abord des maux de t\u00eate et des vertiges accompagn\u00e9s de naus\u00e9es et vomissements. Si elle n\u2019est pas prise en charge rapidement, elle tombera dans le coma pour enfin mourir. On d\u00e9nombre une cinquantaine de d\u00e9c\u00e8s de ce type par an en Belgique.<\/li>\n<li>Intoxication chronique<br \/>\nIl s\u2019agit du cas d\u2019une personne respirant de faibles doses de CO mais de mani\u00e8re r\u00e9guli\u00e8re. Ce type d\u2019inhalation n\u2019est pas mortel mais peut provoquer des maux de t\u00eate, lourdeurs d\u2019estomac, difficult\u00e9s de concentration, etc.<\/li>\n<\/ol>\n<p><\/div><div class=\"title_code\">Que faire en cas d\u2019intoxication au CO ?<\/div>\n\n        <div class=\"content_code\"><\/p>\n<p>D\u00e8s l\u2019apparition de sympt\u00f4mes suspects, il faut :<\/p>\n<ul>\n<li>ouvrir les fen\u00eatres et provoquer un courant d\u2019air.<\/li>\n<li>Eteindre les appareils \u00e0 combustion (chauffe-eau, convecteurs, etc.).<\/li>\n<li>Si la personne est consciente, appeler un m\u00e9decin.<\/li>\n<li>Si la personne est inconsciente, la coucher sur le c\u00f4t\u00e9 pour \u00e9viter qu\u2019elle ne s\u2019\u00e9touffe en vomissant. Appeler ensuite le 112, en pr\u00e9cisant bien qu\u2019il s\u2019agit probablement d\u2019une intoxication au CO et que la personne est inconsciente.<\/li>\n<\/ul>\n<p><\/div><div class=\"title_code\">Que faire \u00e0 titre pr\u00e9ventif ?<\/div>\n\n        <div class=\"content_code\"><\/p>\n<p>Trois actions peuvent \u00eatre entreprises \u00e0 titre pr\u00e9ventif :<\/p>\n<ol>\n<li>v\u00e9rifier que l\u2019installation est bien conforme aux normes de s\u00e9curit\u00e9. Vous pouvez faire appel \u00e0 un professionnel agr\u00e9\u00e9 pour vous en assurer.<\/li>\n<li>Si l\u2019installation est conforme, effectuer un entretien r\u00e9gulier des appareils \u00e0 combustion et des conduits de chemin\u00e9e. \u00c9ventuellement, il faudra faire remplacer les appareils trop anciens par un professionnel agr\u00e9\u00e9. Plus d\u2019infos sur l\u2019entretien et les obligations des locataires et propri\u00e9taires dans ce domaine <a href=\"https:\/\/socialenergie.alysdev.be\/logement\/logement-et-sante\/le-monoxyde-de-carbone-co\/\" target=\"_blank\" rel=\"noopener noreferrer\" target=\"_blank\">ici<\/a>.<\/li>\n<li>V\u00e9rifier que le local dans lequel se trouve l&rsquo;installation est bien ventil\u00e9. Parfois, pour \u00e9viter les courants d&rsquo;air par exemple, les occupants d&rsquo;un logement peuvent obstruer les orifices de ventilation. Ce comportement est \u00e9videmment dangereux.<\/li>\n<li>A\u00e9rer 10 minutes deux fois par jour les pi\u00e8ces contenant des appareils \u00e0 combustion.<\/li>\n<\/ol>\n<p class=\"info\"><strong>Fiche p\u00e9dagogique<br \/>\n<\/strong>L&rsquo;association La Rue a r\u00e9alis\u00e9 une fiche p\u00e9dagogique sur le probl\u00e8me du monoxyde de carbone : <a href=\"http:\/\/socialenergie.alysdev.be\/wp-content\/uploads\/Monoxyde-La-Rue-1.pdf\" target=\"_blank\" rel=\"noopener noreferrer\">acc\u00e8s \u00e0 la fiche<\/a><\/p>\n<p><\/div><\/p>\n<p><!-- Add code here that should appear in the content block of all new pages --><\/p>\n","protected":false},"excerpt":{"rendered":"<p>Cette partie du site web est en cours de mise \u00e0 jour.<\/p>\n","protected":false},"author":1,"featured_media":0,"parent":551,"menu_order":263,"comment_status":"closed","ping_status":"closed","template":"","meta":{"_acf_changed":false,"footnotes":""},"class_list":["post-557","page","type-page","status-publish","hentry"],"acf":[],"_links":{"self":[{"href":"https:\/\/socialenergie.alysdev.be\/fr\/wp-json\/wp\/v2\/pages\/557","targetHints":{"allow":["GET"]}}],"collection":[{"href":"https:\/\/socialenergie.alysdev.be\/fr\/wp-json\/wp\/v2\/pages"}],"about":[{"href":"https:\/\/socialenergie.alysdev.be\/fr\/wp-json\/wp\/v2\/types\/page"}],"author":[{"embeddable":true,"href":"https:\/\/socialenergie.alysdev.be\/fr\/wp-json\/wp\/v2\/users\/1"}],"replies":[{"embeddable":true,"href":"https:\/\/socialenergie.alysdev.be\/fr\/wp-json\/wp\/v2\/comments?post=557"}],"version-history":[{"count":7,"href":"https:\/\/socialenergie.alysdev.be\/fr\/wp-json\/wp\/v2\/pages\/557\/revisions"}],"predecessor-version":[{"id":12943,"href":"https:\/\/socialenergie.alysdev.be\/fr\/wp-json\/wp\/v2\/pages\/557\/revisions\/12943"}],"up":[{"embeddable":true,"href":"https:\/\/socialenergie.alysdev.be\/fr\/wp-json\/wp\/v2\/pages\/551"}],"wp:attachment":[{"href":"https:\/\/socialenergie.alysdev.be\/fr\/wp-json\/wp\/v2\/media?parent=557"}],"curies":[{"name":"wp","href":"https:\/\/api.w.org\/{rel}","templated":true}]}}