{"id":559,"date":"2016-06-02T16:17:08","date_gmt":"2016-06-02T14:17:08","guid":{"rendered":"http:\/\/zl31wzsmw.preview.infomaniak.website\/_new2016\/fr\/?page_id=559"},"modified":"2025-12-23T12:00:24","modified_gmt":"2025-12-23T11:00:24","slug":"recours-utiles","status":"publish","type":"page","link":"https:\/\/socialenergie.alysdev.be\/fr\/logement\/logement-et-sante\/recours-utiles\/","title":{"rendered":"Recours utiles"},"content":{"rendered":"<p class=\"attention\">Cette partie du site web est en cours de mise \u00e0 jour.<\/p>\n<p>Outre l\u2019humidit\u00e9 et le monoxyde de carbone, d\u2019autres \u00e9l\u00e9ments li\u00e9s au logement peuvent expliquer certains probl\u00e8mes de sant\u00e9. Il s\u2019agit, par exemple, des champs \u00e9lectromagn\u00e9tiques ou encore de la pr\u00e9sence de <span class=\"lexique\" title=\"Le m\u00e9thanal ou formald\u00e9hyde ou ald\u00e9hyde formique ou formol est un compos\u00e9 organique de la famille des ald\u00e9hydes, de formule chimique CH2O. C'est d'ailleurs le plus simple des compos\u00e9s de cette famille. \u00c0 temp\u00e9rature ambiante, c'est un gaz inflammable.\">formald\u00e9hyde<\/span>. <a class=\"lexique\" title=\"Habitat et Sant\u00e9 (asbl)  Habitat-Sant\u00e9 est une association sans but lucratif cr\u00e9e en 2002. Son objectif: am\u00e9liorer la qualit\u00e9 de vie des habitants en pr\u00e9venant les probl\u00e8mes de sant\u00e9 li\u00e9s au logement.\" href=\"index.php?page=actifs-sur-le-logement\" target=\"_blank\">L\u2019asbl Habitat-Sant\u00e9<\/a> \u00e9num\u00e8re ces probl\u00e8mes sur son site et donne des conseils pour y rem\u00e9dier : <a href=\"https:\/\/www.sante-habitat.be\/\" target=\"_blank\" rel=\"noopener noreferrer\" target=\"_blank\">acc\u00e8s au site de l\u2019asbl Habitat-Sant\u00e9<\/a><\/p>\n<h2><span style=\"font-size: large;\">Cellule R\u00e9gionale d&rsquo;Intervention en Pollution Int\u00e9rieure (CRIPI)<\/span><\/h2>\n<p>L\u2019<a class=\"lexique\" title=\"IBGE L\u2019IBGE (Institut bruxellois de la gestion de l\u2019environnement) dit Bruxelles Environnement est le service public responsable de l&#039;environnement et de l&#039;\u00e9nergie au sein de la R\u00e9gion de Bruxelles-Capitale. Il se charge de mener des recherches, de planifier et de prodiguer des conseils sur des questions li\u00e9es \u00e0 l&#039;environnement. En outre, il aide \u00e9galement les autorit\u00e9s et les entreprises bruxelloises \u00e0 \u00e9laborer des plans d&#039;environnement.\" href=\"https:\/\/socialenergie.alysdev.be\/logement\/logement-et-sante\/recours-utiles\/\" target=\"_blank\">IBGE<\/a>, en partenariat avec l\u2019Institut de Sant\u00e9 Publique (ISP) et le Fonds des Affections Respiratoires (FARES) a cr\u00e9\u00e9 une \u00ab Cellule R\u00e9gionale d&rsquo;Intervention en Pollution Int\u00e9rieure (CRIPI) \u00bb. Cette cellule a pour but de rep\u00e9rer dans l&rsquo;habitat les pollutions pouvant \u00eatre \u00e0 la source de probl\u00e8mes de sant\u00e9. Elle intervient en compl\u00e9ment d&rsquo;un diagnostic m\u00e9dical et est gratuite.<\/p>\n<p>En pratique, si un m\u00e9decin suspecte qu&rsquo;un probl\u00e8me de sant\u00e9 pourrait \u00eatre li\u00e9 \u00e0 la pr\u00e9sence d&rsquo;une pollution int\u00e9rieure, il peut solliciter l\u2019intervention de \u00ab l\u2019Ambulance verte \u00bb : une \u00e9quipe d\u2019analystes et une infirmi\u00e8re sociale se rend au domicile du patient et y effectue des pr\u00e9l\u00e8vements et des mesures de polluants chimiques et biologiques. A partir des r\u00e9sultats obtenus, diff\u00e9rentes actions sont propos\u00e9es.Plus d\u2019informations \u00e0 propos de ce service <a href=\"https:\/\/environnement.brussels\/citoyen\/services-et-demandes\/conseils-et-accompagnement\/lair-pollue-de-votre-maison-est-il-la-cause-de-vos-problemes-de-sante-sollicitez-le-service-cripi\" target=\"_blank\" rel=\"noopener noreferrer\" target=\"_blank\">ici<\/a>.<\/p>\n<h2><span style=\"font-size: large;\">Pr\u00e9l\u00e8vement et analyse dans le logement<\/span><\/h2>\n<p><span><span>Outre les services offerts par le CRIPI, Brulabo ( anciennement laboratoire intercommunal de Chimie et de Bact\u00e9riologie) se charge<\/span> notamment de la recherche de la l\u00e9gionelle dans les circuits d&rsquo;eau chaude et de la recherche et l&rsquo;identification de champignons parasites (m\u00e9rule et autres) dans les habitations. <\/span>Ce service est factur\u00e9 25 \u20ac.<\/p>\n<p>Coordonn\u00e9es de Brulabo:<\/p>\n<p>Avenue du Maelbeek, 3 &#8211; 1000 Bruxelles <br \/>T\u00e9l. 02.230.80.01 &#8211; Fax 02.280.08.38  <br \/>Site web: <a href=\"http:\/\/www.brulabo.irisnet.be\" target=\"_blank\" rel=\"noopener noreferrer\" target=\"_blank\">www.brulabo.irisnet.be<\/a>  <br \/>Personne de contact: M. Suys<\/p>\n<p><!-- Add code here that should appear in the content block of all new pages --><\/p>\n","protected":false},"excerpt":{"rendered":"<p>Cette partie du site web est en cours de mise \u00e0 jour. Outre l\u2019humidit\u00e9 et le monoxyde de carbone, d\u2019autres \u00e9l\u00e9ments li\u00e9s au logement peuvent expliquer certains probl\u00e8mes de sant\u00e9. Il s\u2019agit, par exemple, des champs \u00e9lectromagn\u00e9tiques ou encore de la pr\u00e9sence de formald\u00e9hyde. L\u2019asbl Habitat-Sant\u00e9 \u00e9num\u00e8re ces probl\u00e8mes sur son site et donne des [&hellip;]<\/p>\n","protected":false},"author":1,"featured_media":0,"parent":551,"menu_order":426,"comment_status":"closed","ping_status":"closed","template":"","meta":{"_acf_changed":false,"footnotes":""},"class_list":["post-559","page","type-page","status-publish","hentry"],"acf":[],"_links":{"self":[{"href":"https:\/\/socialenergie.alysdev.be\/fr\/wp-json\/wp\/v2\/pages\/559","targetHints":{"allow":["GET"]}}],"collection":[{"href":"https:\/\/socialenergie.alysdev.be\/fr\/wp-json\/wp\/v2\/pages"}],"about":[{"href":"https:\/\/socialenergie.alysdev.be\/fr\/wp-json\/wp\/v2\/types\/page"}],"author":[{"embeddable":true,"href":"https:\/\/socialenergie.alysdev.be\/fr\/wp-json\/wp\/v2\/users\/1"}],"replies":[{"embeddable":true,"href":"https:\/\/socialenergie.alysdev.be\/fr\/wp-json\/wp\/v2\/comments?post=559"}],"version-history":[{"count":6,"href":"https:\/\/socialenergie.alysdev.be\/fr\/wp-json\/wp\/v2\/pages\/559\/revisions"}],"predecessor-version":[{"id":13483,"href":"https:\/\/socialenergie.alysdev.be\/fr\/wp-json\/wp\/v2\/pages\/559\/revisions\/13483"}],"up":[{"embeddable":true,"href":"https:\/\/socialenergie.alysdev.be\/fr\/wp-json\/wp\/v2\/pages\/551"}],"wp:attachment":[{"href":"https:\/\/socialenergie.alysdev.be\/fr\/wp-json\/wp\/v2\/media?parent=559"}],"curies":[{"name":"wp","href":"https:\/\/api.w.org\/{rel}","templated":true}]}}