{"id":576,"date":"2016-06-02T16:22:04","date_gmt":"2016-06-02T14:22:04","guid":{"rendered":"http:\/\/zl31wzsmw.preview.infomaniak.website\/_new2016\/fr\/?page_id=576"},"modified":"2025-10-09T15:25:53","modified_gmt":"2025-10-09T13:25:53","slug":"obligations-relatives-a-lhumidite-laeration-et-la-densite-doccupation","status":"publish","type":"page","link":"https:\/\/socialenergie.alysdev.be\/fr\/logement\/obligations-du-locataire\/obligations-relatives-a-lhumidite-laeration-et-la-densite-doccupation\/","title":{"rendered":"Obligations relatives \u00e0 l&rsquo;humidit\u00e9, l&rsquo;a\u00e9ration et la densit\u00e9 d&rsquo;occupation"},"content":{"rendered":"<p class=\"attention\">Cette partie du site web est en cours de mise \u00e0 jour.<\/p>\n<p><img loading=\"lazy\" decoding=\"async\" class=\"alignnone size-full wp-image-910\" src=\"http:\/\/socialenergie.alysdev.be\/wp-content\/uploads\/Logement_Responsabilites_locatives_Humidite-1.jpg\" alt=\"Logement_Responsabilites_locatives_Humidite\" width=\"1076\" height=\"615\" srcset=\"https:\/\/socialenergie.alysdev.be\/wp-content\/uploads\/Logement_Responsabilites_locatives_Humidite-1.jpg 1076w, https:\/\/socialenergie.alysdev.be\/wp-content\/uploads\/Logement_Responsabilites_locatives_Humidite-1-150x86.jpg 150w, https:\/\/socialenergie.alysdev.be\/wp-content\/uploads\/Logement_Responsabilites_locatives_Humidite-1-300x171.jpg 300w, https:\/\/socialenergie.alysdev.be\/wp-content\/uploads\/Logement_Responsabilites_locatives_Humidite-1-1024x585.jpg 1024w\" sizes=\"auto, (max-width: 1076px) 100vw, 1076px\" \/><\/p>\n<p>Le locataire a l\u2019obligation :<\/p>\n<ol>\n<li>de bien ventiler son logement pour \u00e9viter des probl\u00e8mes du \u00e0 un taux d\u2019humidit\u00e9 trop \u00e9lev\u00e9 dans le logement et pour \u00e9viter l\u2019apparition de particules nocives pr\u00e9sentes dans l\u2019air int\u00e9rieur.<\/li>\n<li>d\u2019entretenir les murs touch\u00e9s par l\u2019humidit\u00e9.<\/li>\n<\/ol>\n<div class=\"info\">\n<p><strong>Traitement de l\u2019humidit\u00e9 et importance de l\u2019\u00e9tat des lieux :<\/strong><\/p>\n<ol>\n<li><strong>Comment traiter l\u2019humidit\u00e9 :<\/strong><br \/>\nIl ne faut pas prendre le traitement de l\u2019humidit\u00e9 \u00e0 la l\u00e9g\u00e8re, notamment pour des <a href=\"https:\/\/socialenergie.alysdev.be\/logement\/logement-et-sante\/le-taux-dhumidite-et-les-moisissures\/\" target=\"_blank\" rel=\"noopener noreferrer\">questions de sant\u00e9<\/a>. Il est recommand\u00e9 de bien nettoyer \u00e0 l\u2019aide d\u2019eau de javel (correctement dillu\u00e9e) ou d\u2019autres produits fongicides les murs comportant des \u00ab taches noires \u00bb ou des \u00ab traces jaunes \u00bb<em>. <\/em>Il est important de tamponner et de ne pas frotter les taches d\u2019humidit\u00e9 qui apparaissent sur les murs, les plafonds, etc. Il convient de se d\u00e9barrasser des chiffons, loques et autres textiles qui ont servi lors de ces manipulations. En les r\u00e9utilisant, il y a un risque de propager ces taches et traces \u00e0 d\u2019autres murs ou d\u2019autres parties du logement.<\/li>\n<li><strong>Importance de l\u2019\u00e9tat des lieux :<\/strong><br \/>\nIl est important de bien mesurer l\u2019importance de l\u2019\u00e9tat des lieux. Il permet de notifier d\u00e8s l\u2019entr\u00e9e dans le logement des probl\u00e8mes particuliers (humidit\u00e9, vermines, etc.). Tous les \u00e9l\u00e9ments qui ne sont pas clairement notifi\u00e9s dans l\u2019\u00e9tat des lieux incombent dans la majorit\u00e9 des cas au locataire.<\/li>\n<\/ol>\n<\/div>\n<p><strong>Conseils pour \u00e9viter des probl\u00e8mes d\u2019humidit\u00e9 :<\/strong><\/p>\n<ol start=\"1\">\n<li>Le locataire peut veiller \u00e0 disposer son ameublement de mani\u00e8re \u00e0 \u00e9viter la formation de moisissures (disposer les armoires contre un mur int\u00e9rieur, et non pas contre un mur ext\u00e9rieur).<\/li>\n<li>A\u00e9rer le logement de mani\u00e8re optimale. Pour ce faire il est conseill\u00e9 de ventiler :<\/li>\n<\/ol>\n<ul>\n<ul>\n<li><strong>Matin et soir 10 minutes :<\/strong><br \/>\nIl est n\u00e9cessaire de garder les fen\u00eatres grandes ouvertes durant l\u2019enti\u00e8ret\u00e9 de ce laps de temps. Au cours d\u2019une journ\u00e9e, l\u2019humidit\u00e9 s\u2019accumule dans le logement pour diverses raisons (\u00e0 titre indicatif, en respirant une personne \u00e9jecte dans l\u2019air 45 gr de vapeur d\u2019eau par heure)<\/li>\n<\/ul>\n<\/ul>\n<ul>\n<ul>\n<li><strong>Apr\u00e8s une production intensive de vapeur d\u2019eau :<\/strong><br \/>\nC\u2019est-\u00e0-dire apr\u00e8s avoir cuisin\u00e9, apr\u00e8s avoir pris un bain\/une douche, apr\u00e8s utilisation de chauffages d&rsquo;appoint au gaz ou au p\u00e9trole, etc.<\/li>\n<\/ul>\n<\/ul>\n<ul>\n<ul>\n<li><strong>M\u00eame lorsqu\u2019il pleut :<\/strong><br \/>\nL\u2019air de l\u2019ext\u00e9rieur est g\u00e9n\u00e9ralement moins charg\u00e9 en vapeur d\u2019eau que l\u2019air de l\u2019int\u00e9rieur.<\/li>\n<\/ul>\n<\/ul>\n<p>Pour plus d\u2019informations, r\u00e9f\u00e9rez-vous \u00e0 <a href=\"http:\/\/socialenergie.alysdev.be\/wp-content\/uploads\/Brochure-Marolles-lutter-contre-humidit\u00e9-1.pdf\" target=\"_blank\" rel=\"noopener noreferrer\">cette brochure<\/a><\/p>\n<p><!-- Add code here that should appear in the content block of all new pages --><\/p>\n","protected":false},"excerpt":{"rendered":"<p>Cette partie du site web est en cours de mise \u00e0 jour. Le locataire a l\u2019obligation : de bien ventiler son logement pour \u00e9viter des probl\u00e8mes du \u00e0 un taux d\u2019humidit\u00e9 trop \u00e9lev\u00e9 dans le logement et pour \u00e9viter l\u2019apparition de particules nocives pr\u00e9sentes dans l\u2019air int\u00e9rieur. d\u2019entretenir les murs touch\u00e9s par l\u2019humidit\u00e9. Traitement de [&hellip;]<\/p>\n","protected":false},"author":1,"featured_media":0,"parent":566,"menu_order":348,"comment_status":"closed","ping_status":"closed","template":"","meta":{"_acf_changed":false,"footnotes":""},"class_list":["post-576","page","type-page","status-publish","hentry"],"acf":[],"_links":{"self":[{"href":"https:\/\/socialenergie.alysdev.be\/fr\/wp-json\/wp\/v2\/pages\/576","targetHints":{"allow":["GET"]}}],"collection":[{"href":"https:\/\/socialenergie.alysdev.be\/fr\/wp-json\/wp\/v2\/pages"}],"about":[{"href":"https:\/\/socialenergie.alysdev.be\/fr\/wp-json\/wp\/v2\/types\/page"}],"author":[{"embeddable":true,"href":"https:\/\/socialenergie.alysdev.be\/fr\/wp-json\/wp\/v2\/users\/1"}],"replies":[{"embeddable":true,"href":"https:\/\/socialenergie.alysdev.be\/fr\/wp-json\/wp\/v2\/comments?post=576"}],"version-history":[{"count":5,"href":"https:\/\/socialenergie.alysdev.be\/fr\/wp-json\/wp\/v2\/pages\/576\/revisions"}],"predecessor-version":[{"id":12001,"href":"https:\/\/socialenergie.alysdev.be\/fr\/wp-json\/wp\/v2\/pages\/576\/revisions\/12001"}],"up":[{"embeddable":true,"href":"https:\/\/socialenergie.alysdev.be\/fr\/wp-json\/wp\/v2\/pages\/566"}],"wp:attachment":[{"href":"https:\/\/socialenergie.alysdev.be\/fr\/wp-json\/wp\/v2\/media?parent=576"}],"curies":[{"name":"wp","href":"https:\/\/api.w.org\/{rel}","templated":true}]}}