{"id":59,"date":"2016-05-24T10:08:48","date_gmt":"2016-05-24T08:08:48","guid":{"rendered":"http:\/\/zl31wzsmw.preview.infomaniak.website\/_new2016\/?page_id=59"},"modified":"2024-01-31T16:34:09","modified_gmt":"2024-01-31T15:34:09","slug":"conditions-dutilisation","status":"publish","type":"page","link":"https:\/\/socialenergie.alysdev.be\/fr\/conditions-dutilisation\/","title":{"rendered":"Conditions d&rsquo;utilisation et politique de confidentialit\u00e9"},"content":{"rendered":"<p>Le site <a href=\"https:\/\/socialenergie.alysdev.be\/\" target=\"_blank\" rel=\"noopener noreferrer\">www.socialenergie.be<\/a> est \u00e9dit\u00e9 par la F\u00e9d\u00e9ration des Services Sociaux asbl, rue Gheude 49 \u00e0 1070 Anderlecht. En utilisant ce site internet, vous acceptez les conditions d\u2019utilisation et stipulations reprises ci-dessous.<\/p>\n<h2>Responsabilit\u00e9<\/h2>\n<p>Le Centre d\u2019Appui SocialEnergie met en \u0153uvre tous les moyens raisonnables pour publier sur son site internet des informations \u00e0 jour.<\/p>\n<p>Certaines d\u2019entre elles sont applicables dans toute la Belgique, d\u2019autres ne concernent que la R\u00e9gion de Bruxelles-Capitale.<\/p>\n<p>Ces informations sont fournies \u00e0 titre indicatif et font p\u00e9riodiquement l&rsquo;objet de modifications. SocialEnergie ne garantit pas pour autant le caract\u00e8re ad\u00e9quat, la pr\u00e9cision ni l\u2019exhaustivit\u00e9 de telles informations ni ne garantit que le site internet sera en permanence complet et mis \u00e0 jour \u00e0 tous \u00e9gards. Les informations contenues sur ce site internet peuvent comporter des inexactitudes de contenu, des inexactitudes techniques ou des erreurs de frappe. SocialEnergie peut \u00eatre amen\u00e9 \u00e0 apporter, \u00e0 tout moment et sans avertissement, des am\u00e9liorations et\/ou des modifications \u00e0 ce site internet.<\/p>\n<h2>Permanence t\u00e9l\u00e9phonique<\/h2>\n<p>L\u2019acc\u00e8s \u00e0 la permanence t\u00e9l\u00e9phonique est r\u00e9serv\u00e9 aux travailleurs sociaux actifs en R\u00e9gion de Bruxelles-Capitale.<\/p>\n<p>La permanence t\u00e9l\u00e9phonique n\u2019a pas pour objectif de se substituer aux travailleurs sociaux dans le traitement de leurs dossiers relatifs \u00e0 l\u2019\u00e9nergie. Par cons\u00e9quent, SocialEnergie se r\u00e9serve le droit de ne pas r\u00e9pondre \u00e0 une question pos\u00e9e si celle-ci n\u2019entre pas dans le champ d\u2019expertise de la permanence t\u00e9l\u00e9phonique. SocialEnergie ne peut \u00eatre consid\u00e9r\u00e9 comme responsable s\u2019il ne peut pas fournir dans tous les cas une r\u00e9ponse utile aux travailleurs sociaux.<\/p>\n<h2>Liens vers d\u2019autres sites internet<\/h2>\n<p>Ce site internet contient des liens vers des contenus web g\u00e9n\u00e9r\u00e9s par d\u2019autres organismes. SocialEnergie fournit ces liens \u00e0 titre purement indicatif et ne peut \u00eatre tenu responsable quant \u00e0 la qualit\u00e9, l\u2019exactitude et la mise \u00e0 jour de ces contenus.<\/p>\n<p>Un lien vers un site internet d\u2019un organisme \u00e0 but lucratif ne doit jamais \u00eatre consid\u00e9r\u00e9 comme une publicit\u00e9 pour cet organisme ou une incitation \u00e0 consommer un produit de cet organisme. SocialEnergie s\u2019engage \u00e0 observer une position neutre par rapport aux acteurs du march\u00e9 dans lequel il se positionne.<\/p>\n<h2>Droits de propri\u00e9t\u00e9 intellectuelle<\/h2>\n<p>Tous les contenus produits par SocialEnergie (illustrations, sch\u00e9mas, fiches, etc.) ainsi que l\u2019architecture du site sont la propri\u00e9t\u00e9 de la F\u00e9d\u00e9ration des Services Sociaux (FdSS-FdSSB) et de Bruxelles Environnement. Ces \u00e9l\u00e9ments sont prot\u00e9g\u00e9s par les lois en vigueur sur la propri\u00e9t\u00e9 intellectuelle.<\/p>\n<p>Les contenus et l\u2019architecture du site peuvent \u00eatre reproduits ou imprim\u00e9s uniquement \u00e0 des fins personnelles et non commerciales, avec les mentions l\u00e9gales faisant r\u00e9f\u00e9rence \u00e0 la propri\u00e9t\u00e9 intellectuelle\u00a0: \u00a9SocialEnergie 2014.<\/p>\n<p>Toute personne ou organisme d\u00e9sirant reproduire, modifier ou diffuser publiquement ce site internet doit au pr\u00e9alable obtenir une autorisation \u00e9crite et explicite de la part de SocialEnergie.<\/p>\n<p>Les photos provenant de Bruxelles Environnement sont soumises aux droits d\u2019auteur.<\/p>\n<p>Si vous constatez qu\u2019une photographie ou une illustration ne r\u00e9pond pas aux conditions l\u00e9gales, il s\u2019agit d\u2019une erreur de notre part. Veuillez nous en informer et nous rectifierons les pages concern\u00e9es au plus vite.<\/p>\n<h2>Vie priv\u00e9e<\/h2>\n<p>Via ce site internet, SocialEnergie peut collecter des informations relatives \u00e0 votre visite : l\u2019adresse IP avec laquelle vous ex\u00e9cutez la connexion, l\u2019adresse du site qui vous a redirig\u00e9 vers SocialEnergie.be, la date et l\u2019heure de votre visite, les pages que vous avez consult\u00e9es sur le site et le navigateur que vous utilisez. Ces donn\u00e9es sont exclusivement utilis\u00e9es afin de garantir et d\u2019am\u00e9liorer le bon fonctionnement du site internet.<\/p>\n<p>Pour poser une question \u00e0 la permanence t\u00e9l\u00e9phonique, vous pouvez \u00eatre amen\u00e9 \u00e0 communiquer votre nom, votre num\u00e9ro de t\u00e9l\u00e9phone et votre adresse e-mail. Ces donn\u00e9es sont uniquement destin\u00e9es \u00e0 g\u00e9rer avec vous la r\u00e9ponse \u00e0 votre question, elles ne seront pas conserv\u00e9es.<\/p>\n<p>Vous devez \u00e9galement communiquer votre nom et adresse e-mail pour vous inscrire \u00e0 la newsletter SocialEnergie. Ces donn\u00e9es serviront uniquement \u00e0 vous envoyer la newsletter.<\/p>\n<p>Vos donn\u00e9es ne seront pas utilis\u00e9es \u00e0 des fins de marketing. Vos donn\u00e9es ne seront pas transmises \u00e0 des tiers, sauf si la loi ou les circonstances l\u2019exigent : afin de prot\u00e9ger les droits de SocialEnergie, ses membres du personnel, ses utilisateurs et le grand public.<\/p>\n<p>En tout \u00e9tat de cause, SocialEnergie se conformera \u00e0 la loi du 30 juillet 2018 relative \u00e0 la protection des personnes physiques \u00e0 l&rsquo;\u00e9gard des traitements de donn\u00e9es \u00e0 caract\u00e8re personnel et au R\u00e8glement UE 2016\/679 du Parlement europ\u00e9en et du Conseil du <time class=\"nowrap\" datetime=\"2016-04-27\" data-sort-value=\"2016-04-27\">27 avril 2016<\/time> relatif \u00e0 la protection des personnes physiques \u00e0 l&rsquo;\u00e9gard du traitement des donn\u00e9es \u00e0 caract\u00e8re personnel et \u00e0 la libre circulation de ces donn\u00e9es.<\/p>\n<p>Conform\u00e9ment aux dispositions l\u00e9gales relatives au traitement de donn\u00e9es \u00e0 caract\u00e8re personnel, vous pouvez \u00e0 tout moment demander d\u2019avoir acc\u00e8s au traitement de vos donn\u00e9es personnelles et\/ou, le cas \u00e9ch\u00e9ant, de les corriger, de les adapter et\/ou de les effacer. Dans ce contexte, SocialEnergie agit en tant que responsable de traitement. Si vous d\u00e9sirez de plus amples informations, contactez SocialEnergie via l\u2019adresse <a href=\"mailto:socialenergie@fdss.be\">socialenergie@fdss.be<\/a>.<\/p>\n<h2>Cookies<\/h2>\n<p>En cas de visite du site internet, SocialEnergie place des cookies sur l\u2019ordinateur du visiteur. Il s\u2019agit de parcelles d\u2019information plac\u00e9es sur le disque dur de votre ordinateur chaque fois que vous surfez sur ce site internet. L\u2019objectif premier des cookies est de permettre une utilisation plus ais\u00e9e du site internet (notamment en ne devant pas r\u00e9p\u00e9ter certaines informations, comme le choix de la langue). Vous pouvez refuser que des cookies soient plac\u00e9s sur votre disque dur en les d\u00e9sactivant dans votre navigateur; le bon fonctionnement du site ne peut dans ce cas plus \u00eatre garanti en toutes circonstances.<\/p>\n<p>Les cookies et les fichiers journaux permettent \u00e9galement d\u2019examiner plus en d\u00e9tail la fa\u00e7on dont le site est utilis\u00e9. Nous ne v\u00e9rifions en aucun cas quelle information un utilisateur particulier consulte ou imprime. Le but est de rassembler de l\u2019information statistique qui doit permettre d\u2019optimiser le site internet.<\/p>\n<p>Vous trouverez plus d&rsquo;informations sur notre politique de cookies <a href=\"https:\/\/socialenergie.alysdev.be\/politique-de-cookies-eu\/\" target=\"_blank\" rel=\"noopener noreferrer\" target=\"_blank\" rel=\"noopener\">ici<\/a>.<\/p>\n<h2>Droit applicable et juridictions comp\u00e9tentes<\/h2>\n<p>Ce site web, son exploitation et son usage sont exclusivement r\u00e9gis par le droit belge. Sauf disposition imp\u00e9rative, les tribunaux de Bruxelles sont seuls comp\u00e9tents pour toute contestation li\u00e9e \u00e0 l&rsquo;acc\u00e8s ou \u00e0 l&rsquo;utilisation de ce site.<\/p>\n","protected":false},"excerpt":{"rendered":"<p>Le site www.socialenergie.be est \u00e9dit\u00e9 par la F\u00e9d\u00e9ration des Services Sociaux asbl, rue Gheude 49 \u00e0 1070 Anderlecht. En utilisant ce site internet, vous acceptez les conditions d\u2019utilisation et stipulations reprises ci-dessous. Responsabilit\u00e9 Le Centre d\u2019Appui SocialEnergie met en \u0153uvre tous les moyens raisonnables pour publier sur son site internet des informations \u00e0 jour. Certaines [&hellip;]<\/p>\n","protected":false},"author":1,"featured_media":0,"parent":0,"menu_order":126,"comment_status":"closed","ping_status":"closed","template":"temp_fullcontent.php","meta":{"_acf_changed":false,"footnotes":""},"class_list":["post-59","page","type-page","status-publish","hentry"],"acf":[],"_links":{"self":[{"href":"https:\/\/socialenergie.alysdev.be\/fr\/wp-json\/wp\/v2\/pages\/59","targetHints":{"allow":["GET"]}}],"collection":[{"href":"https:\/\/socialenergie.alysdev.be\/fr\/wp-json\/wp\/v2\/pages"}],"about":[{"href":"https:\/\/socialenergie.alysdev.be\/fr\/wp-json\/wp\/v2\/types\/page"}],"author":[{"embeddable":true,"href":"https:\/\/socialenergie.alysdev.be\/fr\/wp-json\/wp\/v2\/users\/1"}],"replies":[{"embeddable":true,"href":"https:\/\/socialenergie.alysdev.be\/fr\/wp-json\/wp\/v2\/comments?post=59"}],"version-history":[{"count":5,"href":"https:\/\/socialenergie.alysdev.be\/fr\/wp-json\/wp\/v2\/pages\/59\/revisions"}],"predecessor-version":[{"id":9522,"href":"https:\/\/socialenergie.alysdev.be\/fr\/wp-json\/wp\/v2\/pages\/59\/revisions\/9522"}],"wp:attachment":[{"href":"https:\/\/socialenergie.alysdev.be\/fr\/wp-json\/wp\/v2\/media?parent=59"}],"curies":[{"name":"wp","href":"https:\/\/api.w.org\/{rel}","templated":true}]}}