{"id":605,"date":"2016-06-03T10:13:05","date_gmt":"2016-06-03T08:13:05","guid":{"rendered":"http:\/\/zl31wzsmw.preview.infomaniak.website\/_new2016\/fr\/?page_id=605"},"modified":"2022-11-29T15:18:43","modified_gmt":"2022-11-29T14:18:43","slug":"limiteur-de-puissance","status":"publish","type":"page","link":"https:\/\/socialenergie.alysdev.be\/fr\/mesures-sociales\/gaz-elec\/limiteur-de-puissance\/","title":{"rendered":"Limiteur de puissance"},"content":{"rendered":"<p><a href=\"http:\/\/socialenergie.alysdev.be\/wp-content\/uploads\/1-Limiteur-de-puissance_1.jpg\" target=\"_blank\" rel=\"noopener noreferrer\"><img loading=\"lazy\" decoding=\"async\" class=\"alignright wp-image-728\" src=\"http:\/\/socialenergie.alysdev.be\/wp-content\/uploads\/1-Limiteur-de-puissance_1-205x300.jpg\" alt=\"1-Limiteur de puissance_1\" width=\"102\" height=\"150\" srcset=\"https:\/\/socialenergie.alysdev.be\/wp-content\/uploads\/1-Limiteur-de-puissance_1-205x300.jpg 205w, https:\/\/socialenergie.alysdev.be\/wp-content\/uploads\/1-Limiteur-de-puissance_1-102x150.jpg 102w, https:\/\/socialenergie.alysdev.be\/wp-content\/uploads\/1-Limiteur-de-puissance_1-700x1024.jpg 700w, https:\/\/socialenergie.alysdev.be\/wp-content\/uploads\/1-Limiteur-de-puissance_1-1049x1536.jpg 1049w, https:\/\/socialenergie.alysdev.be\/wp-content\/uploads\/1-Limiteur-de-puissance_1-1399x2048.jpg 1399w, https:\/\/socialenergie.alysdev.be\/wp-content\/uploads\/1-Limiteur-de-puissance_1-scaled.jpg 1749w\" sizes=\"auto, (max-width: 102px) 100vw, 102px\" \/><\/a><\/p>\n<p>Le <strong>limiteur de puissance<\/strong> est un dispositif technique, plac\u00e9 sur le compteur d\u2019\u00e9lectricit\u00e9, qui limite la puissance \u00e9lectrique dont dispose un m\u00e9nage. Cela signifie que le m\u00e9nage ne peut pas utiliser simultan\u00e9ment de nombreux appareils \u00e9lectriques.<\/p>\n<p>Auparavant, \u00e0 Bruxelles, un limiteur pouvait \u00eatre plac\u00e9 par Sibelga dans le cadre d\u2019une proc\u00e9dure de recouvrement de factures de gaz et\/ou d\u2019\u00e9lectricit\u00e9 impay\u00e9es.<\/p>\n<p>Les modifications apport\u00e9es le 20 avril 2022 \u00e0 aux Ordonnances Gaz et Electricit\u00e9<a href=\"#_ftn1\" name=\"_ftnref1\">[1]<\/a> ont mis fin \u00e0 cette pratique. Progressivement, Sibelga va proc\u00e9der au retrait des limiteurs encore en place.<\/p>\n<p>Si un limiteur de puissance est encore plac\u00e9 au domicile du m\u00e9nage, il est possible de demander son retrait aupr\u00e8s de <a href=\"https:\/\/www.sibelga.be\/fr\/contact\" target=\"_blank\" rel=\"noopener noreferrer\" target=\"_blank\" rel=\"noopener\">Sibelga<\/a>.<\/p>\n<p class=\"cadre\">Pour sensibiliser les m\u00e9nages en d\u00e9faut de paiement, le limiteur de puissance est remplac\u00e9 par une obligation dans le chef du fournisseur, d\u2019informer Sibelga de son intention d\u2019entamer la proc\u00e9dure de r\u00e9solution du contrat de fourniture. Dans les dix jours, Sibelga informe, par t\u00e9l\u00e9phone, le m\u00e9nage des cons\u00e9quences du non-paiement du montant factur\u00e9, de l\u2019existence du syst\u00e8me de protection sociale (statut de client prot\u00e9g\u00e9,\u2026) et lui transmet les coordonn\u00e9es du CPAS et d\u2019Infor GazElec.<\/p>\n<p class=\"small-font greybg\"><a href=\"#_ftnref1\" name=\"_ftn1\">[1]<\/a> Art. 25 sexies \u00a71 et 3 de l\u2019Ordonnance du 19 juillet 2001 relative \u00e0 l\u2019organisation du march\u00e9 de l\u2019\u00e9lectricit\u00e9 en R\u00e9gion de Bruxelles-Capitale et Art. 20 sexies \u00a71 et 8 de l\u2019Ordonnance du 1<sup>er<\/sup>\u00a0avril 2004 relative \u00e0 l\u2019organisation du march\u00e9 du gaz en R\u00e9gion de Bruxelles-Capitale.<\/p>\n<p>&nbsp;<\/p>\n<p>&nbsp;<\/p>\n<ul><!-- Add code here that should appear in the content block of all new pages --><\/ul>\n","protected":false},"excerpt":{"rendered":"<p>Le limiteur de puissance est un dispositif technique, plac\u00e9 sur le compteur d\u2019\u00e9lectricit\u00e9, qui limite la puissance \u00e9lectrique dont dispose un m\u00e9nage. Cela signifie que le m\u00e9nage ne peut pas utiliser simultan\u00e9ment de nombreux appareils \u00e9lectriques. Auparavant, \u00e0 Bruxelles, un limiteur pouvait \u00eatre plac\u00e9 par Sibelga dans le cadre d\u2019une proc\u00e9dure de recouvrement de factures [&hellip;]<\/p>\n","protected":false},"author":1,"featured_media":0,"parent":292,"menu_order":298,"comment_status":"closed","ping_status":"closed","template":"","meta":{"_acf_changed":false,"footnotes":""},"class_list":["post-605","page","type-page","status-publish","hentry"],"acf":[],"_links":{"self":[{"href":"https:\/\/socialenergie.alysdev.be\/fr\/wp-json\/wp\/v2\/pages\/605","targetHints":{"allow":["GET"]}}],"collection":[{"href":"https:\/\/socialenergie.alysdev.be\/fr\/wp-json\/wp\/v2\/pages"}],"about":[{"href":"https:\/\/socialenergie.alysdev.be\/fr\/wp-json\/wp\/v2\/types\/page"}],"author":[{"embeddable":true,"href":"https:\/\/socialenergie.alysdev.be\/fr\/wp-json\/wp\/v2\/users\/1"}],"replies":[{"embeddable":true,"href":"https:\/\/socialenergie.alysdev.be\/fr\/wp-json\/wp\/v2\/comments?post=605"}],"version-history":[{"count":13,"href":"https:\/\/socialenergie.alysdev.be\/fr\/wp-json\/wp\/v2\/pages\/605\/revisions"}],"predecessor-version":[{"id":8482,"href":"https:\/\/socialenergie.alysdev.be\/fr\/wp-json\/wp\/v2\/pages\/605\/revisions\/8482"}],"up":[{"embeddable":true,"href":"https:\/\/socialenergie.alysdev.be\/fr\/wp-json\/wp\/v2\/pages\/292"}],"wp:attachment":[{"href":"https:\/\/socialenergie.alysdev.be\/fr\/wp-json\/wp\/v2\/media?parent=605"}],"curies":[{"name":"wp","href":"https:\/\/api.w.org\/{rel}","templated":true}]}}