{"id":609,"date":"2016-06-03T10:14:02","date_gmt":"2016-06-03T08:14:02","guid":{"rendered":"http:\/\/zl31wzsmw.preview.infomaniak.website\/_new2016\/fr\/?page_id=609"},"modified":"2026-02-11T17:04:19","modified_gmt":"2026-02-11T16:04:19","slug":"fonds-gaz-elec","status":"publish","type":"page","link":"https:\/\/socialenergie.alysdev.be\/fr\/mesures-sociales\/gaz-elec\/fonds-gaz-elec\/","title":{"rendered":"Le Fonds Gaz Electricit\u00e9"},"content":{"rendered":"<p>Outre l&rsquo;octroi du <a href=\"https:\/\/socialenergie.alysdev.be\/mesures-sociales\/gaz-elec\/client-protege\/\" target=\"_blank\" rel=\"noopener noreferrer\" target=\"_blank\" rel=\"noopener\">statut de \u00ab\u00a0client prot\u00e9g\u00e9\u00a0\u00bb<\/a> et leur intervention dans le cadre du <a href=\"https:\/\/socialenergie.alysdev.be\/mesures-sociales\/mazout\/fonds-social-chauffage\/\" target=\"_blank\" rel=\"noopener noreferrer\" target=\"_blank\" rel=\"noopener\">Fonds Social Chauffage<\/a>, les CPAS disposent d&rsquo;autres moyens pour octroyer une aide mat\u00e9rielle \u00e0 des m\u00e9nages en difficult\u00e9 de paiement de leurs factures \u00e9nerg\u00e9tiques, via le Fonds Gaz Electricit\u00e9 (aussi appel\u00e9 le Fonds Vande Lanotte).<\/p>\n<div class=\"title_code\">Qui peut b\u00e9n\u00e9ficier de cette aide du CPAS ?<\/div>\n\n        <div class=\"content_code\">\n<p>Il ne faut pas \u00e9marger au CPAS pour demander une aide cibl\u00e9e en mati\u00e8re d\u2019\u00e9nergie. Toute personne (locataire ou propri\u00e9taire) confront\u00e9e \u00e0 des difficult\u00e9s de paiement de ses factures \u00e9nerg\u00e9tiques peut adresser une demande d\u2019aide au CPAS.<\/p>\n<p><strong>Le CPAS \u00e9value la situation du m\u00e9nage avant de statuer.<\/strong><\/p>\n<p><\/div><div class=\"title_code\">Quelles formes peut prendre cette aide du CPAS ?<\/div>\n\n        <div class=\"content_code\"><\/p>\n<p>L\u2019aide du CPAS peut \u00eatre curative (une intervention dans l\u2019apurement des factures) ou pr\u00e9ventive.<\/p>\n<p>Dans le cadre d\u2019une politique sociale pr\u00e9ventive en mati\u00e8re d\u2019\u00e9nergie, les CPAS peuvent notamment d\u00e9cider :<\/p>\n<ul>\n<li>d\u2019intervenir dans l\u2019achat d\u2019appareils moins \u00e9nergivores et plus s\u00fbrs (ampoules \u00e9conomiques, appareils \u00e9lectrom\u00e9nagers de classe A+\u2026),<\/li>\n<li>d\u2019intervenir dans la surveillance, l\u2019entretien ou la mise en conformit\u00e9 d\u2019appareils \u00e9nerg\u00e9tiques (entretien des chaudi\u00e8res\u2026),<\/li>\n<li>d\u2019intervenir dans la r\u00e9alisation de petits ou gros travaux pour r\u00e9duire la consommation d\u2019\u00e9nergie (placement de panneaux r\u00e9flecteurs, de thermostats ou de vannes thermostatiques, remplacement du chauffage, placement de double vitrage et de ch\u00e2ssis performants, isolation de toiture\u2026),<\/li>\n<\/ul>\n<p class=\"attention\"><strong>Aides \u00e0 l\u2019investissement<br \/>\n<\/strong>Les CPAS n\u2019interviennent dans le financement de travaux de gros \u0153uvre (isolation, double-vitrage, remplacement de chauffage\u2026) que pour les usagers propri\u00e9taires de leur logement. Ce type d\u2019aide est soumis \u00e0 conditions, il n\u2019est donc pas automatique.<\/p>\n<ul>\n<li>de prendre en charge la cr\u00e9ation\/la publication de mat\u00e9riel p\u00e9dagogique en lien direct avec l\u2019\u00e9nergie,<\/li>\n<li>de conclure des accords de partenariat avec des asbl ou acteurs locaux traitant des questions d\u2019\u00e9nergie.<\/li>\n<\/ul>\n<p><strong>La d\u00e9cision d\u2019octroi et le type d\u2019aide d\u00e9pendent de la politique de chaque CPAS.<\/strong><\/p>\n<p><\/div><div class=\"title_code\">Recours possibles en cas de contestation d'une d\u00e9cision prise par le CPAS ?<\/div>\n\n        <div class=\"content_code\"><\/p>\n<p>Toute personne ayant sollicit\u00e9 une demande d&rsquo;aide aupr\u00e8s d&rsquo;un CPAS peut contester la d\u00e9cision de celui-ci :<\/p>\n<ul>\n<li>soit la personne n&rsquo;est pas d&rsquo;accord avec la d\u00e9cision prise,<\/li>\n<li>soit le CPAS ne s&rsquo;est pas prononc\u00e9 dans les temps impartis et n&rsquo;a pas pris de d\u00e9cision dans les d\u00e9lais pr\u00e9vus par la loi (30 jours \u00e0 dater de la demande).<\/li>\n<\/ul>\n<p>Le CPAS prend g\u00e9n\u00e9ralement sa d\u00e9cision dans le mois suivant l&rsquo;introduction de la demande (le d\u00e9lai peut toutefois \u00eatre revu \u00e0 la hausse). La personne est inform\u00e9e de la d\u00e9cision du CPAS par courrier recommand\u00e9, dans les 8 jours suivant la d\u00e9cision.<\/p>\n<p>La personne qui conteste la d\u00e9cision du CPAS peut donc introduire un recours aupr\u00e8s du tribunal du travail :<\/p>\n<ol>\n<li>le recours doit \u00eatre introduit aupr\u00e8s du tribunal dans un d\u00e9lai de trois mois apr\u00e8s la notification de la d\u00e9cision par le CPAS.<\/li>\n<li>La proc\u00e9dure est relativement simple :<\/li>\n<\/ol>\n<blockquote>\n<ul>\n<li>soit en envoyant une lettre au greffe du tribunal du travail. Ce courrier doit comprendre :\n<ul>\n<li>la motivation de la contestation, c&rsquo;est-\u00e0-dire le pourquoi de la contestation de la d\u00e9cision prise par le CPAS,<\/li>\n<li>une copie de l&rsquo;accus\u00e9 de r\u00e9ception de la demande d&rsquo;aide sollicit\u00e9e aupr\u00e8s du CPAS,<\/li>\n<li>une copie de la d\u00e9cision prise par le CPAS.<\/li>\n<\/ul>\n<\/li>\n<li>soit en se rendant au greffe du tribunal du travail. La personne doit \u00eatre munie de :\n<ul>\n<li>la copie de l&rsquo;accus\u00e9 de r\u00e9ception de la demande d&rsquo;aide sollicit\u00e9e,<\/li>\n<li>la copie de la d\u00e9cision prise par le CPAS.<\/li>\n<\/ul>\n<p>Tout est pr\u00e9vu (formulaires, documents, etc.) pour remplir la demande de recours sur place.<\/li>\n<\/ul>\n<\/blockquote>\n<p class=\"info\"><strong>Suppl\u00e9ment d&rsquo;informations au sujet des recours <\/strong><br \/>\nVous pouvez vous r\u00e9f\u00e9rer \u00e0 cette <a href=\"https:\/\/www.mi-is.be\/sites\/default\/files\/documents\/guide_du_recours_contre_la_decision_du_cpas_1.pdf\" target=\"_blank\" rel=\"noopener noreferrer\" target=\"_blank\" rel=\"noopener noreferrer\">brochure<\/a>.<\/p>\n<p><\/div><div class=\"title_code\">Informations compl\u00e9mentaires sur le Fonds Gaz Electricit\u00e9<\/div>\n\n        <div class=\"content_code\"><\/p>\n<p><strong>&gt;&gt; Pour plus d\u2019informations :<\/strong><\/p>\n<ul>\n<li>La <a href=\"https:\/\/www.mi-is.be\/fr\/reglementations\/circulaire-concernant-la-politique-sociale-preventive-en-matiere-denergie-dans-le-0\" target=\"_blank\" rel=\"noopener noreferrer\" target=\"_blank\" rel=\"noopener\">circulaire concernant la \u00ab\u00a0politique sociale pr\u00e9ventive en mati\u00e8re d&rsquo;\u00e9nergie\u00a0\u00bb<\/a> dans le cadre du Fonds Gaz Electricit\u00e9 (13 avril 2010)<\/li>\n<li>La <a href=\"https:\/\/www.mi-is.be\/fr\/reglementations\/la-mission-de-guidance-et-daide-sociale-financiere-dans-le-cadre-de-la-fourniture\" target=\"_blank\" rel=\"noopener noreferrer\" target=\"_blank\" rel=\"noopener\">mission de guidance et d\u2019aide sociale financi\u00e8re<\/a> dans le cadre de la fourniture d\u2019\u00e9nergie aux personnes les plus d\u00e9munies (03 avril 2003)<\/li>\n<\/ul>\n<p><\/div><\/p>\n<p><!-- Add code here that should appear in the content block of all new pages --><\/p>\n","protected":false},"excerpt":{"rendered":"<p>Outre l&rsquo;octroi du statut de \u00ab\u00a0client prot\u00e9g\u00e9\u00a0\u00bb et leur intervention dans le cadre du Fonds Social Chauffage, les CPAS disposent d&rsquo;autres moyens pour octroyer une aide mat\u00e9rielle \u00e0 des m\u00e9nages en difficult\u00e9 de paiement de leurs factures \u00e9nerg\u00e9tiques, via le Fonds Gaz Electricit\u00e9 (aussi appel\u00e9 le Fonds Vande Lanotte).<\/p>\n","protected":false},"author":1,"featured_media":0,"parent":292,"menu_order":261,"comment_status":"closed","ping_status":"closed","template":"","meta":{"_acf_changed":false,"footnotes":""},"class_list":["post-609","page","type-page","status-publish","hentry"],"acf":[],"_links":{"self":[{"href":"https:\/\/socialenergie.alysdev.be\/fr\/wp-json\/wp\/v2\/pages\/609","targetHints":{"allow":["GET"]}}],"collection":[{"href":"https:\/\/socialenergie.alysdev.be\/fr\/wp-json\/wp\/v2\/pages"}],"about":[{"href":"https:\/\/socialenergie.alysdev.be\/fr\/wp-json\/wp\/v2\/types\/page"}],"author":[{"embeddable":true,"href":"https:\/\/socialenergie.alysdev.be\/fr\/wp-json\/wp\/v2\/users\/1"}],"replies":[{"embeddable":true,"href":"https:\/\/socialenergie.alysdev.be\/fr\/wp-json\/wp\/v2\/comments?post=609"}],"version-history":[{"count":12,"href":"https:\/\/socialenergie.alysdev.be\/fr\/wp-json\/wp\/v2\/pages\/609\/revisions"}],"predecessor-version":[{"id":13576,"href":"https:\/\/socialenergie.alysdev.be\/fr\/wp-json\/wp\/v2\/pages\/609\/revisions\/13576"}],"up":[{"embeddable":true,"href":"https:\/\/socialenergie.alysdev.be\/fr\/wp-json\/wp\/v2\/pages\/292"}],"wp:attachment":[{"href":"https:\/\/socialenergie.alysdev.be\/fr\/wp-json\/wp\/v2\/media?parent=609"}],"curies":[{"name":"wp","href":"https:\/\/api.w.org\/{rel}","templated":true}]}}