{"id":615,"date":"2016-06-03T10:15:07","date_gmt":"2016-06-03T08:15:07","guid":{"rendered":"http:\/\/zl31wzsmw.preview.infomaniak.website\/_new2016\/fr\/?page_id=615"},"modified":"2025-10-28T14:28:38","modified_gmt":"2025-10-28T13:28:38","slug":"echelonnement","status":"publish","type":"page","link":"https:\/\/socialenergie.alysdev.be\/fr\/mesures-sociales\/mazout\/echelonnement\/","title":{"rendered":"Echelonnement des factures de mazout"},"content":{"rendered":"<div class=\"title_code\">Qu\u2019est-ce que l\u2019\u00e9chelonnement des factures de mazout ?<\/div>\n\n        <div class=\"content_code\">\n<p>L\u2019\u00e9chelonnement des factures de mazout permet aux m\u00e9nages qui se font livrer d\u2019importantes quantit\u00e9s de mazout de chauffage de payer leur consommation annuelle par tranches mensuelles et non en une seule fois au moment de la livraison.<\/p>\n<p>L\u2019\u00e9chelonnement des factures de mazout n\u2019est pas un droit. C\u2019est une facilit\u00e9 offerte par certains distributeurs qui s\u2019y engagent librement. Le dispositif est cependant encadr\u00e9 l\u00e9galement.<\/p>\n<p>La liste des n\u00e9gociants offrant l\u2019\u00e9chelonnement du paiement est <a href=\"https:\/\/economie.fgov.be\/fr\/themes\/energie\/prix-de-lenergie\/chauffage-gasoil-propane\/les-paiements-echelonnes\" target=\"_blank\" rel=\"noopener noreferrer\" target=\"_blank\" rel=\"noopener\">t\u00e9l\u00e9chargeable sur le site du SPF Economie<\/a>.<\/p>\n<p><\/div><div class=\"title_code\">Quelles sont les conditions pour obtenir l\u2019\u00e9chelonnement ?<\/div>\n\n        <div class=\"content_code\"><\/p>\n<p><img loading=\"lazy\" decoding=\"async\" class=\"alignright size-full wp-image-750\" src=\"http:\/\/socialenergie.alysdev.be\/wp-content\/uploads\/Paiement_etalement.jpg\" alt=\"Paiement_etalement\" width=\"169\" height=\"151\" srcset=\"https:\/\/socialenergie.alysdev.be\/wp-content\/uploads\/Paiement_etalement.jpg 169w, https:\/\/socialenergie.alysdev.be\/wp-content\/uploads\/Paiement_etalement-150x134.jpg 150w\" sizes=\"auto, (max-width: 169px) 100vw, 169px\" \/><\/p>\n<ol>\n<li>Les personnes int\u00e9ress\u00e9es doivent signer avec <a href=\"https:\/\/economie.fgov.be\/fr\/themes\/energie\/energie-sociale\/chauffage-gasoil-propane\/les-paiements-echelonnes\" target=\"_blank\" rel=\"noopener noreferrer\" target=\"_blank\" rel=\"noopener\">un des n\u00e9gociants enregistr\u00e9s<\/a> un contrat \u00e0 dur\u00e9e d\u00e9termin\u00e9e de maximul 24 mois. Au terme des deux ans, le contrat est automatiquement prolong\u00e9 pour une dur\u00e9e ind\u00e9termin\u00e9e. <strong>Conditions de r\u00e9siliation :<\/strong>\n<ul>\n<li>contrat \u00e0 dur\u00e9e d\u00e9termin\u00e9e de 24 mois :<br \/>\nLe commer\u00e7ant peut imposer une indemnit\u00e9 de maximum 75 euros en cas de r\u00e9siliation anticip\u00e9e du contrat, sauf en cas de force majeure ou de d\u00e9m\u00e9nagement.<\/li>\n<li>contrat \u00e0 dur\u00e9e ind\u00e9termin\u00e9e :<br \/>\nCe contrat est r\u00e9siliable sans indemnit\u00e9 moyennant le respect d\u2019un d\u00e9lai de pr\u00e9avis d\u2019un mois notifi\u00e9 par lettre recommand\u00e9e. Ce d\u00e9lai commence \u00e0 courir le premier jour suivant l\u2019envoi du recommand\u00e9.<\/li>\n<\/ul>\n<\/li>\n<li>La premi\u00e8re livraison doit \u00eatre d\u2019au moins 1000 litres. Les suivantes devront \u00e9galement \u00eatre de 1000 litres minimum, \u00e0 moins que la contenance de la citerne soit inf\u00e9rieure \u00e0 1 200 litres. Dans ce cas, les livraisons seront de minimum 900 litres.<\/li>\n<li>La premi\u00e8re livraison est conditionn\u00e9e au paiement d\u2019un acompte d\u2019au moins 50% du prix du mazout livr\u00e9. Cet acompte peut prendre la forme d\u2019un versement unique ou de mensualit\u00e9s.<\/li>\n<\/ol>\n<p class=\"attention\"><strong>Paiement des mensualit\u00e9s<\/strong><br \/>\nLes mensualit\u00e9s doivent \u00eatre pay\u00e9es en temps et heure. En cas de non respect du paiement des mensualit\u00e9s, le distributeur n\u2019a pas l\u2019obligation de proc\u00e9der aux livraisons suivantes. Il peut \u00e9galement r\u00e9silier le contrat sans indemnit\u00e9 et r\u00e9clamer le paiement de l\u2019ensemble des montants dus, en une fois.<\/p>\n<p><\/div><div class=\"title_code\">Mensualit\u00e9s et d\u00e9comptes<\/div>\n\n        <div class=\"content_code\"><\/p>\n<p>Le consommateur communique chaque ann\u00e9e au commer\u00e7ant sa consommation annuelle estim\u00e9e de gasoil de chauffage (et pour la premi\u00e8re fois, au plus tard \u00e0 la signature du contrat). Le distributeur calcule annuellement sur cette base le montant des mensualit\u00e9s.<\/p>\n<p>La consommation annuelle estim\u00e9e est multipli\u00e9e par le <a href=\"http:\/\/economie.fgov.be\/fr\/statistiques\/chiffres\/energie\/prix\" target=\"_blank\" rel=\"noopener noreferrer\" target=\"_blank\" rel=\"noopener\">prix maximum officiel du gasoil de chauffage valable le jour du calcul<\/a> et le total est divis\u00e9 par douze.<\/p>\n<p>Durant toute la dur\u00e9e du contrat, le montant de la mensualit\u00e9 peut \u00eatre adapt\u00e9 \u00e0 la demande du client ou du commer\u00e7ant, en fonction de la consommation r\u00e9elle ou en fonction de l\u2019\u00e9volution du prix maximum moyen du gasoil de chauffage des trois derniers mois :<\/p>\n<ol>\n<li style=\"list-style-type: none;\">\n<ol>\n<li style=\"list-style-type: none;\">\n<ol>\n<li style=\"list-style-type: none;\">\n<ul>\n<li>si la consommation r\u00e9elle est au moins 20% inf\u00e9rieure \u00e0 la consommation initialement estim\u00e9e ou si le prix du gasoil de chauffage des 3 derniers mois est au moins 20% inf\u00e9rieur au prix qui a servi au calcul de la mensualit\u00e9, le client peut demander l\u2019adaptation de la mensualit\u00e9 ;<\/li>\n<li>si la consommation r\u00e9elle est au moins 20% sup\u00e9rieure \u00e0 la consommation initialement estim\u00e9e ou si le prix du gasoil de chauffage des 3 derniers mois est au moins 20% sup\u00e9rieur au prix qui a servi au calcul de la mensualit\u00e9, le commer\u00e7ant peut adapter la mensualit\u00e9 en cons\u00e9quence.<\/li>\n<\/ul>\n<\/li>\n<\/ol>\n<\/li>\n<\/ol>\n<\/li>\n<\/ol>\n<p class=\"attention\"><strong>Consommation estim\u00e9e<\/strong><br \/>\nLa communication de la consommation estim\u00e9e n\u2019est pas un engagement \u00e0 acheter effectivement cette quantit\u00e9 de gasoil. Il s\u2019agit d\u2019une estimation n\u00e9cessaire au calcul de la mensualit\u00e9.<\/p>\n<p>Le distributeur remet annuellement et, en cas de cl\u00f4ture du contrat, 30 jours au plus tard apr\u00e8s la fin du contrat, un d\u00e9compte contenant :<\/p>\n<ol>\n<li style=\"list-style-type: none;\">\n<ol>\n<li style=\"list-style-type: none;\">\n<ol>\n<li style=\"list-style-type: none;\">\n<ul>\n<li>un aper\u00e7u de toutes les livraisons,<\/li>\n<li>un aper\u00e7u des paiements effectu\u00e9s,<\/li>\n<li>le solde \u00e9ventuel \u00e0 payer au distributeur\/\u00e0 rembourser au client.<\/li>\n<\/ul>\n<\/li>\n<\/ol>\n<\/li>\n<\/ol>\n<\/li>\n<\/ol>\n<p><\/div><\/p>\n","protected":false},"excerpt":{"rendered":"","protected":false},"author":1,"featured_media":0,"parent":611,"menu_order":192,"comment_status":"closed","ping_status":"closed","template":"","meta":{"_acf_changed":false,"footnotes":""},"class_list":["post-615","page","type-page","status-publish","hentry"],"acf":[],"_links":{"self":[{"href":"https:\/\/socialenergie.alysdev.be\/fr\/wp-json\/wp\/v2\/pages\/615","targetHints":{"allow":["GET"]}}],"collection":[{"href":"https:\/\/socialenergie.alysdev.be\/fr\/wp-json\/wp\/v2\/pages"}],"about":[{"href":"https:\/\/socialenergie.alysdev.be\/fr\/wp-json\/wp\/v2\/types\/page"}],"author":[{"embeddable":true,"href":"https:\/\/socialenergie.alysdev.be\/fr\/wp-json\/wp\/v2\/users\/1"}],"replies":[{"embeddable":true,"href":"https:\/\/socialenergie.alysdev.be\/fr\/wp-json\/wp\/v2\/comments?post=615"}],"version-history":[{"count":9,"href":"https:\/\/socialenergie.alysdev.be\/fr\/wp-json\/wp\/v2\/pages\/615\/revisions"}],"predecessor-version":[{"id":12208,"href":"https:\/\/socialenergie.alysdev.be\/fr\/wp-json\/wp\/v2\/pages\/615\/revisions\/12208"}],"up":[{"embeddable":true,"href":"https:\/\/socialenergie.alysdev.be\/fr\/wp-json\/wp\/v2\/pages\/611"}],"wp:attachment":[{"href":"https:\/\/socialenergie.alysdev.be\/fr\/wp-json\/wp\/v2\/media?parent=615"}],"curies":[{"name":"wp","href":"https:\/\/api.w.org\/{rel}","templated":true}]}}