{"id":64,"date":"2016-05-24T10:32:38","date_gmt":"2016-05-24T08:32:38","guid":{"rendered":"http:\/\/zl31wzsmw.preview.infomaniak.website\/_new2016\/?page_id=64"},"modified":"2025-10-28T12:11:53","modified_gmt":"2025-10-28T11:11:53","slug":"prix-energie","status":"publish","type":"page","link":"https:\/\/socialenergie.alysdev.be\/fr\/factures\/prix-energie\/","title":{"rendered":"Prix de l&rsquo;\u00e9nergie"},"content":{"rendered":"<p>Cette partie vise \u00e0 donner des informations sur le prix pay\u00e9\u00a0:<\/p>\n<ol>\n<li>Pr\u00e9sentation des <a href=\"https:\/\/socialenergie.alysdev.be\/factures\/prix-energie\/prix-de-reference\/\" target=\"_blank\" rel=\"noopener noreferrer\">prix de r\u00e9f\u00e9rence<\/a><\/li>\n<li>Explications sur les \u00e9l\u00e9ments intervenant dans le montant factur\u00e9<\/li>\n<\/ol>\n<p>&nbsp;<\/p>\n","protected":false},"excerpt":{"rendered":"<p>Cette partie vise \u00e0 donner des informations sur le prix pay\u00e9\u00a0: Pr\u00e9sentation des prix de r\u00e9f\u00e9rence Explications sur les \u00e9l\u00e9ments intervenant dans le montant factur\u00e9 &nbsp;<\/p>\n","protected":false},"author":1,"featured_media":0,"parent":18,"menu_order":406,"comment_status":"closed","ping_status":"closed","template":"","meta":{"_acf_changed":false,"footnotes":""},"class_list":["post-64","page","type-page","status-publish","hentry"],"acf":[],"_links":{"self":[{"href":"https:\/\/socialenergie.alysdev.be\/fr\/wp-json\/wp\/v2\/pages\/64","targetHints":{"allow":["GET"]}}],"collection":[{"href":"https:\/\/socialenergie.alysdev.be\/fr\/wp-json\/wp\/v2\/pages"}],"about":[{"href":"https:\/\/socialenergie.alysdev.be\/fr\/wp-json\/wp\/v2\/types\/page"}],"author":[{"embeddable":true,"href":"https:\/\/socialenergie.alysdev.be\/fr\/wp-json\/wp\/v2\/users\/1"}],"replies":[{"embeddable":true,"href":"https:\/\/socialenergie.alysdev.be\/fr\/wp-json\/wp\/v2\/comments?post=64"}],"version-history":[{"count":8,"href":"https:\/\/socialenergie.alysdev.be\/fr\/wp-json\/wp\/v2\/pages\/64\/revisions"}],"predecessor-version":[{"id":12152,"href":"https:\/\/socialenergie.alysdev.be\/fr\/wp-json\/wp\/v2\/pages\/64\/revisions\/12152"}],"up":[{"embeddable":true,"href":"https:\/\/socialenergie.alysdev.be\/fr\/wp-json\/wp\/v2\/pages\/18"}],"wp:attachment":[{"href":"https:\/\/socialenergie.alysdev.be\/fr\/wp-json\/wp\/v2\/media?parent=64"}],"curies":[{"name":"wp","href":"https:\/\/api.w.org\/{rel}","templated":true}]}}