{"id":6587,"date":"2021-02-10T12:30:41","date_gmt":"2021-02-10T11:30:41","guid":{"rendered":"https:\/\/0x1wxbcjas.preview.infomaniak.website\/?page_id=6587"},"modified":"2022-01-13T17:21:00","modified_gmt":"2022-01-13T16:21:00","slug":"evitez-les-coupures-denergie-des-aides-existent","status":"publish","type":"page","link":"https:\/\/socialenergie.alysdev.be\/fr\/evitez-les-coupures-denergie-des-aides-existent\/","title":{"rendered":"Evitez les coupures d\u2019\u00e9nergie: des aides existent !"},"content":{"rendered":"<p style=\"text-align: justify;\"><span style=\"color: #00849f;\"><b>Comment \u00e9viter une coupure de gaz ou d\u2019\u00e9lectricit\u00e9? Quels sont les signes annonciateurs d\u2019une coupure qu\u2019un particulier peut rep\u00e9rer? Qui contacter en cas de probl\u00e8me? C\u2019est \u00e0 ces questions que cette page est consacr\u00e9e.\u00a0<\/b><\/span><\/p>\n<p><em>Une autre page est d\u00e9di\u00e9e au m\u00eame sujet et s&rsquo;adresse directement au travailleur sociaux. Elle contient des flyers, affiches, et vid\u00e9o, <a href=\"https:\/\/socialenergie.alysdev.be\/attention-aux-coupures\/\" target=\"_blank\" rel=\"noopener noreferrer\" target=\"_blank\" rel=\"noopener noreferrer\">rendez-vous sur cette page<\/a>.<\/em><\/p>\n<h3><span style=\"color: #00849f;\"><strong>A quoi faut-il faire attention\u00a0? <\/strong><\/span><\/h3>\n<ul>\n<li>Vous n\u2019avez pas de contrat avec un fournisseur commercial\u00a0?<\/li>\n<li>Le juge a prononc\u00e9 la coupure\u00a0?<\/li>\n<li>Vous avez besoin d\u2019aide pour conclure un nouveau contrat\u00a0? Vous ne savez pas si vous avez un contrat\u00a0?<\/li>\n<li>Vous n\u2019arrivez pas \u00e0 payer vos factures\u00a0?<\/li>\n<\/ul>\n<p>Vous pouvez faire appel \u00e0 Infor GazElec \u2013 02 209 21 90 \u00a0<a href=\"mailto:info@gazelec.info\">info@gazelec.info<\/a> <strong>GRATUIT<\/strong><\/p>\n<p>Demandez de l\u2019aide au CPAS de votre commune : <a href=\"http:\/\/socialenergie.alysdev.be\/wp-content\/uploads\/Cellules-energies-des-CPAS-Bruxellois.pdf\" target=\"_blank\" rel=\"noopener noreferrer\" target=\"_blank\" rel=\"noopener noreferrer\">cutt.ly\/CPAS-OCMW<\/a><\/p>\n<p>Toutes les informations se trouvent sur la page\u00a0: <a href=\"https:\/\/socialenergie.alysdev.be\/attention-aux-coupures\/\" target=\"_blank\" rel=\"noopener noreferrer\">https:\/\/socialenergie.alysdev.be\/attention-aux-coupures\/<\/a> . Vous y trouverez \u00e9galement la campagne \u00ab\u00a0Attention aux coupures\u00a0\u00bb\u00a0: des flyers et affiches \u00e0 partager autour de vous, ainsi que tous les conseils n\u00e9cessaires pour pr\u00e9venir le risque de coupures.<\/p>\n<p>Vous avez des questions ? Besoin d\u2019aide ? Contactez le num\u00e9ro gratuit d\u2019accompagnement social : 0800 35 243<\/p>\n<h3>Une vid\u00e9o explicative \u00e0 diffuser autour de vous<\/h3>\n<p><iframe loading=\"lazy\" title=\"YouTube video player\" src=\"https:\/\/www.youtube.com\/embed\/G8vBmTAIbvo\" width=\"560\" height=\"315\" frameborder=\"0\" allowfullscreen=\"allowfullscreen\"><\/iframe><\/p>\n<p>Une initiative du Centre d\u2019Appui SocialEnergie et d\u2019Infor GazElec avec le soutien de la R\u00e9gion de Bruxelles-Capitale et de Bruxelles Environnement.<\/p>\n","protected":false},"excerpt":{"rendered":"<p>Comment \u00e9viter une coupure de gaz ou d\u2019\u00e9lectricit\u00e9? Quels sont les signes annonciateurs d\u2019une coupure qu\u2019un particulier peut rep\u00e9rer? Qui contacter en cas de probl\u00e8me? C\u2019est \u00e0 ces questions que cette page est consacr\u00e9e.\u00a0 Une autre page est d\u00e9di\u00e9e au m\u00eame sujet et s&rsquo;adresse directement au travailleur sociaux. Elle contient des flyers, affiches, et vid\u00e9o, [&hellip;]<\/p>\n","protected":false},"author":3,"featured_media":0,"parent":0,"menu_order":201,"comment_status":"closed","ping_status":"closed","template":"","meta":{"_acf_changed":false,"footnotes":""},"class_list":["post-6587","page","type-page","status-publish","hentry"],"acf":[],"_links":{"self":[{"href":"https:\/\/socialenergie.alysdev.be\/fr\/wp-json\/wp\/v2\/pages\/6587","targetHints":{"allow":["GET"]}}],"collection":[{"href":"https:\/\/socialenergie.alysdev.be\/fr\/wp-json\/wp\/v2\/pages"}],"about":[{"href":"https:\/\/socialenergie.alysdev.be\/fr\/wp-json\/wp\/v2\/types\/page"}],"author":[{"embeddable":true,"href":"https:\/\/socialenergie.alysdev.be\/fr\/wp-json\/wp\/v2\/users\/3"}],"replies":[{"embeddable":true,"href":"https:\/\/socialenergie.alysdev.be\/fr\/wp-json\/wp\/v2\/comments?post=6587"}],"version-history":[{"count":10,"href":"https:\/\/socialenergie.alysdev.be\/fr\/wp-json\/wp\/v2\/pages\/6587\/revisions"}],"predecessor-version":[{"id":7340,"href":"https:\/\/socialenergie.alysdev.be\/fr\/wp-json\/wp\/v2\/pages\/6587\/revisions\/7340"}],"wp:attachment":[{"href":"https:\/\/socialenergie.alysdev.be\/fr\/wp-json\/wp\/v2\/media?parent=6587"}],"curies":[{"name":"wp","href":"https:\/\/api.w.org\/{rel}","templated":true}]}}