{"id":662,"date":"2016-06-03T12:35:53","date_gmt":"2016-06-03T10:35:53","guid":{"rendered":"http:\/\/zl31wzsmw.preview.infomaniak.website\/_new2016\/fr\/?page_id=662"},"modified":"2025-12-23T11:59:07","modified_gmt":"2025-12-23T10:59:07","slug":"chauffage","status":"publish","type":"page","link":"https:\/\/socialenergie.alysdev.be\/fr\/factures\/decompte-de-charges\/instruments-de-mesure\/chauffage\/","title":{"rendered":"Instruments de mesure de la consommation de chauffage"},"content":{"rendered":"<p>Les instruments de mesure permettant de r\u00e9partir les frais relatifs \u00e0 une installation collective de chauffage entre les occupants d\u2019un immeuble sont :<\/p>\n<div class=\"title_code\">Les r\u00e9partiteurs (calorim\u00e8tres) \u00e0 \u00e9vaporation<\/div>\n\n        <div class=\"content_code\">\n<p class=\"attention\"><strong>Les unit\u00e9s des r\u00e9partiteurs :<\/strong><br \/>\nLes unit\u00e9s pr\u00e9sentes sur les r\u00e9partiteurs n\u2019expriment pas une consommation r\u00e9elle en m\u00b3 de gaz ou en litres de mazout. Les r\u00e9partiteurs n\u2019indiquent donc jamais la quantit\u00e9 d\u2019\u00e9nergie r\u00e9ellement consomm\u00e9e par le radiateur et plus largement le logement.<\/p>\n<p>Dans un m\u00eame immeuble, tous les logements doivent obligatoirement \u00eatre \u00e9quip\u00e9s de r\u00e9partiteurs de m\u00eame mod\u00e8le afin d\u2019\u00e9viter de trop grandes variations dans l\u2019enregistrement des consommations des diff\u00e9rents logements.<\/p>\n<h3>D\u00e9finition<\/h3>\n<p>Les r\u00e9partiteurs (ou calorim\u00e8tres) \u00e0 \u00e9vaporation sont des appareils fix\u00e9s (coll\u00e9s ou viss\u00e9s) au corps de chauffe du radiateur, en principe au \u00be de la hauteur et \u00e0 la moiti\u00e9 de la largeur. Ils sont compos\u00e9s d\u2019un corps m\u00e9tallique contenant un tube en verre rempli d\u2019un liquide caloporteur de couleur, lui-m\u00eame recouvert d\u2019un boitier en plastique, d\u2019une \u00e9chelle gradu\u00e9e et d\u2019un plot de scellement.<\/p>\n<p>Le liquide color\u00e9 s\u2019\u00e9vapore proportionnellement \u00e0 la chaleur \u00e9mise par le radiateur et non, si ce n\u2019est de fa\u00e7on marginale, par rapport \u00e0 la temp\u00e9rature ambiante dans la pi\u00e8ce. La graduation, grav\u00e9e sur le boitier en plastique qui recouvre le tube, permet de lire les unit\u00e9s d\u2019\u00e9vaporation. Tous les ans, un technicien rel\u00e8ve la quantit\u00e9 de produit qui s\u2019est \u00e9vapor\u00e9e au cours de l\u2019ann\u00e9e et place un nouveau tube pour l\u2019ann\u00e9e \u00e0 venir (liquide d\u2019une autre couleur pour attester le remplacement).<\/p>\n<p><strong>1. R\u00e9partiteurs monotubes<\/strong><\/p>\n<p><a href=\"http:\/\/socialenergie.alysdev.be\/wp-content\/uploads\/A4_Repartiteur_evapo_monotube_4.pdf\" target=\"_blank\" rel=\"noopener noreferrer\"><img loading=\"lazy\" decoding=\"async\" class=\"alignright wp-image-667\" src=\"http:\/\/socialenergie.alysdev.be\/wp-content\/uploads\/Repartiteur_evapo_monotube.jpg\" alt=\"Presentation PowerPoint\" width=\"52\" height=\"206\" srcset=\"https:\/\/socialenergie.alysdev.be\/wp-content\/uploads\/Repartiteur_evapo_monotube.jpg 102w, https:\/\/socialenergie.alysdev.be\/wp-content\/uploads\/Repartiteur_evapo_monotube-38x150.jpg 38w\" sizes=\"auto, (max-width: 52px) 100vw, 52px\" \/><\/a>Les r\u00e9partiteurs \u00e0 \u00e9vaporation les plus anciens ne pr\u00e9sentent qu\u2019un seul tube contenant du liquide color\u00e9. Ces appareils monotubes pr\u00e9sentent un inconv\u00e9nient majeur en ce qui concerne la v\u00e9rification et la contestation des relev\u00e9s. En effet, <a href=\"https:\/\/socialenergie.alysdev.be\/factures\/decompte-de-charges\/releve\/deroulement\/\" target=\"_blank\" rel=\"noopener noreferrer\">lors du relev\u00e9<\/a>,le technicien remplace l\u2019ensemble des ampoules. Par la suite, l\u2019occupant ne pourra plus v\u00e9rifier si les donn\u00e9es recueillies \u00e9taient correctes et, s\u2019il souhaite les contester, il ne dispose plus de preuve tangible pour \u00e9tayer son opposition.<\/p>\n<p>Comme expliqu\u00e9 <a href=\"https:\/\/socialenergie.alysdev.be\/factures\/decompte-de-charges\/releve\/contester\/\" target=\"_blank\" rel=\"noopener noreferrer\">ici<\/a>, il est donc conseill\u00e9 d\u2019\u00eatre extr\u00eamement vigilant au moment du relev\u00e9 pour qu\u2019une proc\u00e9dure de contestation soit possible.<\/p>\n<p>Cliquez sur l&rsquo;image ci-contre pour l&rsquo;agrandir et voir les annotations.<\/p>\n<p><strong>2. R\u00e9partiteurs bitubes<br \/>\n<\/strong><\/p>\n<p><a href=\"http:\/\/socialenergie.alysdev.be\/wp-content\/uploads\/A4_Repartiteur_evapo_bitubes_4.pdf\" target=\"_blank\" rel=\"noopener noreferrer\"><img loading=\"lazy\" decoding=\"async\" class=\"alignleft wp-image-669\" src=\"http:\/\/socialenergie.alysdev.be\/wp-content\/uploads\/Repartiteur_evapo_bitube.jpg\" alt=\"Presentation PowerPoint\" width=\"61\" height=\"209\" srcset=\"https:\/\/socialenergie.alysdev.be\/wp-content\/uploads\/Repartiteur_evapo_bitube.jpg 137w, https:\/\/socialenergie.alysdev.be\/wp-content\/uploads\/Repartiteur_evapo_bitube-44x150.jpg 44w, https:\/\/socialenergie.alysdev.be\/wp-content\/uploads\/Repartiteur_evapo_bitube-88x300.jpg 88w\" sizes=\"auto, (max-width: 61px) 100vw, 61px\" \/><\/a>Les r\u00e9partiteurs \u00e0 \u00e9vaporation plus r\u00e9cents pr\u00e9sentent deux tubes. Lors du <a href=\"https:\/\/socialenergie.alysdev.be\/factures\/decompte-de-charges\/releve\/deroulement\/\" target=\"_blank\" rel=\"noopener noreferrer\">relev\u00e9<\/a>, le technicien scelle le tube de l\u2019ann\u00e9e \u00e9coul\u00e9e et le laisse dans le bo\u00eetier sous un cache. Parall\u00e8lement, il place un nouveau tube contenant un liquide de couleur diff\u00e9rente pour l\u2019ann\u00e9e en cours.<\/p>\n<p>Ce syst\u00e8me permet donc de garder une trace utile \u00e0 la v\u00e9rification en cas de contestation, si celle-ci a lieu dans l\u2019ann\u00e9e qui suit le relev\u00e9 contest\u00e9.<\/p>\n<p>Cliquez sur l&rsquo;image ci-contre pour l&rsquo;agrandir et voir les annotations.<\/p>\n<p class=\"info\"><strong>Evaporation naturelle minimale :<br \/>\n<\/strong>Tous les r\u00e9partiteurs \u00e0 \u00e9vaporation subissent une \u00e9vaporation naturelle minimale ind\u00e9pendamment de l\u2019utilisation du chauffage. Ce ph\u00e9nom\u00e8ne se produit de la m\u00eame mani\u00e8re pour tous les r\u00e9partiteurs de l\u2019immeuble et n\u2019a donc aucun impact sur la r\u00e9partition des frais de chauffage.<\/p>\n<p>Certains facteurs ext\u00e9rieurs peuvent acc\u00e9l\u00e9rer l\u2019\u00e9vaporation. M\u00eame si cet impact est g\u00e9n\u00e9ralement marginal, <strong>soyez attentifs si<\/strong> :<\/p>\n<p>&#8211; le r\u00e9partiteur se trouve dans un <strong>espace confin\u00e9<\/strong> (meuble plac\u00e9 devant le radiateur, cache-radiateur)<br \/>\n&#8211; le r\u00e9partiteur est expos\u00e9 directement aux<strong> rayons du soleil<\/strong><br \/>\n&#8211; un <strong>autre syst\u00e8me de chauffage<\/strong> fonctionne dans la pi\u00e8ce (ex. feu ouvert, cassette, radiateurs d\u2019appoint, etc.).d\u2019autres appareils \u00e9mettent de la chaleur dans la pi\u00e8ce (ex. four, s\u00e9choir, etc.)<\/p>\n<h3>Eventuelles d\u00e9faillances techniques<\/h3>\n<p>Les r\u00e9partiteurs \u00e0 \u00e9vaporation, ne contenant pas de pi\u00e8ces \u00e9lectroniques, ne peuvent pas tomber en panne. Ils sont inviolables et posent tr\u00e8s rarement des probl\u00e8mes techniques.<\/p>\n<ul>\n<li><strong>Usure<\/strong> : Il est possible que les caches en plastique des r\u00e9partiteurs soient en mauvais \u00e9tat et rendent difficile la lecture des graduations.<\/li>\n<li><strong>Endommagement <\/strong>:Un r\u00e9partiteur peut \u00eatre arrach\u00e9 ou bris\u00e9 par accident. Dans ce cas, il faut le signaler au plus t\u00f4t \u00e0 la soci\u00e9t\u00e9 de relev\u00e9. La non-communication de l\u2019endommagement risque d\u2019\u00eatre consid\u00e9r\u00e9e comme une fraude. La personne peut se voir facturer :<\/li>\n<\/ul>\n<p style=\"padding-left: 120px;\">&#8211; Un forfait maximum<br \/>\n&#8211; Une moyenne de consommation estim\u00e9e pour la pi\u00e8ce en question<br \/>\n&#8211; Le m\u00eame nombre d\u2019unit\u00e9s que l\u2019ann\u00e9e pr\u00e9c\u00e9dente<\/p>\n<p>La personne peut se voir facturer une moyenne de consommation estim\u00e9e pour la pi\u00e8ce en question, le m\u00eame nombre d\u2019unit\u00e9s que l\u2019ann\u00e9e pr\u00e9c\u00e9dente, voire un forfait maximum.<\/p>\n<p class=\"attention\"><strong>Fraude<br \/>\n<\/strong>Les r\u00e9partiteurs font parfois l\u2019objet de manipulations frauduleuses, telles que d\u00e9tacher ou briser le tube, \u00f4ter ou d\u00e9tacher le r\u00e9partiteur ou le plomb, remplir le tube avec un produit\u2026<\/p>\n<p>Une autre technique utilis\u00e9e consiste \u00e0 recouvrir le r\u00e9partiteur \u00e0 \u00e9vaporation (d\u2019aluminium, de frigolite, d\u2019un linge humide, etc.). Ce type de fraude n\u2019avantagera pas le locataire. En effet, <strong>le confinement d\u2019un r\u00e9partiteur acc\u00e9l\u00e8re l\u2019\u00e9vaporation du liquide<\/strong> (augmentation de 12% \u00e0 38% selon la technique utilis\u00e9e).<\/p>\n<p>Si la fraude est av\u00e9r\u00e9e et que le comptage des unit\u00e9s a \u00e9t\u00e9 fauss\u00e9, le locataire peut se voir facturer pour la pi\u00e8ce en question la consommation sur base d\u2019une estimation ou d\u2019un forfait :<\/p>\n<ol>\n<li><strong> Estimation<\/strong> :<br \/>\nSi, malgr\u00e9 le nombre pr\u00e9vu de visites, le technicien n\u2019a pas pu acc\u00e9der au logement, la soci\u00e9t\u00e9 de relev\u00e9 calcule le d\u00e9compte de charges sur base de l\u2019ann\u00e9e ou des ann\u00e9es pr\u00e9c\u00e9dentes (en g\u00e9n\u00e9ral, les 3 derni\u00e8res ann\u00e9es). Le d\u00e9compte est donc r\u00e9alis\u00e9 sur base d\u2019une estimation.<\/li>\n<li><strong> Forfait<\/strong> :<br \/>\nEn cas d\u2019absence de l\u2019occupant, celui-ci peut \u00e9galement se voir facturer un forfait. Il n\u2019existe pas de l\u00e9gislation claire et pr\u00e9cise \u00e0 ce sujet, mais les gestionnaires de logements sont libres d\u2019adopter cette disposition. Toutefois :<\/li>\n<\/ol>\n<ul>\n<li style=\"list-style-type: none;\">\n<ul>\n<li>Si cette disposition n\u2019est pas indiqu\u00e9e dans le contrat de bail du logement, le r\u00e8glement de copropri\u00e9t\u00e9 ou le r\u00e8glement d\u2019ordre int\u00e9rieur, un recours est possible aupr\u00e8s du <a href=\"https:\/\/socialenergie.alysdev.be\/recours-plaintes\/justice\/saisir-jdp\/\" target=\"_blank\" rel=\"noopener noreferrer\">juge de paix<\/a>.<\/li>\n<li>Dans le cas contraire, il n\u2019existe pas de recours possible.<\/li>\n<\/ul>\n<\/li>\n<\/ul>\n<h3>Pr\u00e9cisions sur la graduation<\/h3>\n<p>Les pratiques diff\u00e8rent en fonction des soci\u00e9t\u00e9s de relev\u00e9s :<\/p>\n<ul>\n<li>Soit la <strong>graduation<\/strong> des r\u00e9partiteurs tient directement compte de <strong>l\u2019\u00e9chelle<\/strong> de chaque radiateur et diff\u00e8re selon leur taille et leur puissance ; par exemple, de 15 \u00e0 20 pour un petit et de 100 \u00e0 120 pour un grand radiateur.<\/li>\n<li>Soit la <strong>graduation<\/strong> des r\u00e9partiteurs est <strong>standardis\u00e9e<\/strong> et identique pour tous les radiateurs du logement, quelles que soient leur taille et leur puissance. C\u2019est alors a posteriori que la soci\u00e9t\u00e9 de relev\u00e9 tient compte de l\u2019\u00e9chelle de chaque radiateur. En effet, le num\u00e9ro de chaque r\u00e9partiteur permet de pr\u00e9ciser la puissance calorifique du radiateur qui lui est associ\u00e9. La soci\u00e9t\u00e9 de relev\u00e9 effectue alors un calcul de proportionnalit\u00e9 en appliquant un coefficient pr\u00e9d\u00e9termin\u00e9. Attention, il s\u2019agit d\u2019\u00eatre attentif car si le num\u00e9ro du r\u00e9partiteur est peu lisible ou s\u2019il a \u00e9t\u00e9 mal not\u00e9 par le technicien lors du relev\u00e9, des erreurs sont possibles.<\/li>\n<\/ul>\n<p><\/div><div class=\"title_code\">Les r\u00e9partiteurs (calorim\u00e8tres) \u00e9lectroniques<\/div>\n\n        <div class=\"content_code\"><\/p>\n<h3>D\u00e9finition<\/h3>\n<p><a href=\"http:\/\/socialenergie.alysdev.be\/wp-content\/uploads\/A4_Repartiteur_electronique_2.pdf\" target=\"_blank\" rel=\"noopener noreferrer\"><img loading=\"lazy\" decoding=\"async\" class=\"alignright wp-image-671\" src=\"http:\/\/socialenergie.alysdev.be\/wp-content\/uploads\/Repartiteur_electro.jpg\" alt=\"Repartiteur_electro\" width=\"77\" height=\"200\" srcset=\"https:\/\/socialenergie.alysdev.be\/wp-content\/uploads\/Repartiteur_electro.jpg 145w, https:\/\/socialenergie.alysdev.be\/wp-content\/uploads\/Repartiteur_electro-58x150.jpg 58w, https:\/\/socialenergie.alysdev.be\/wp-content\/uploads\/Repartiteur_electro-115x300.jpg 115w\" sizes=\"auto, (max-width: 77px) 100vw, 77px\" \/><\/a>Le r\u00e9partiteur, ou calorim\u00e8tre, \u00e9lectronique (ou digital) se pr\u00e9sente sous la forme d\u2019un boitier fix\u00e9 au radiateur. Il est muni d\u2019un cadran digital qui affiche des unit\u00e9s repr\u00e9sentant la quantit\u00e9 proportionnelle de chaleur d\u00e9gag\u00e9e par le radiateur. Chaque soci\u00e9t\u00e9 de relev\u00e9 utilise un type d\u2019instrument de mesure particulier pr\u00e9sentant un affichage sp\u00e9cifique.<\/p>\n<p>Concr\u00e8tement le r\u00e9partiteur \u00e9lectronique enregistre la diff\u00e9rence entre la temp\u00e9rature ambiante de la pi\u00e8ce (chaleur ext\u00e9rieure) et la temp\u00e9rature du radiateur au point de contact (chaleur \u00e9mise par l\u2019eau pr\u00e9sente dans le radiateur), proportionnellement \u00e0 la puissance du radiateur.<\/p>\n<p>Les r\u00e9partiteurs \u00e9lectroniques sont chang\u00e9s tous les 10 ans (c\u2019est la dur\u00e9e de vie de la batterie dont le remplacement co\u00fbte plus cher que le remplacement pur et simple du r\u00e9partiteur).<\/p>\n<p>Les r\u00e9partiteurs \u00e9lectroniques peuvent \u00eatre dot\u00e9s ou non d\u2019un \u00e9metteur radio.<\/p>\n<p>Cliquez sur l&rsquo;image ci-contre pour l&rsquo;agrandir et voir les annotations.<\/p>\n<p class=\"attention\"><strong>Pas d\u2019impact de l\u2019environnement sur les donn\u00e9es<br \/>\n<\/strong>Les r\u00e9partiteurs \u00e9lectroniques sont plus pr\u00e9cis que les r\u00e9partiteurs \u00e0 \u00e9vaporation. Les autres sources de chaleur (soleil, feu ouvert, four, s\u00e9choir, etc.) n\u2019ont aucun impact sur les r\u00e9partiteurs \u00e9lectroniques, ni sur le nombre enregistr\u00e9 d\u2019unit\u00e9s consomm\u00e9es.<\/p>\n<p class=\"attention\"><strong>M\u00e9moire de l\u2019historique des unit\u00e9s :<br \/>\n<\/strong>Les r\u00e9partiteurs \u00e9lectroniques enregistrent les unit\u00e9s de l\u2019ann\u00e9e \u00e0 une date fixe. Ces unit\u00e9s sont utilis\u00e9es pour \u00e9tablir le d\u00e9compte de charges. Les r\u00e9partiteurs \u00e9lectroniques gardent en m\u00e9moire pendant un an les donn\u00e9es de l\u2019ann\u00e9e pr\u00e9c\u00e9dente.<\/p>\n<p>Par ailleurs, les r\u00e9partiteurs \u00e9lectroniques enregistrent les unit\u00e9s une fois par mois. Cet historique mensuel permet \u00e0 l\u2019occupant de mieux \u00e9valuer et ma\u00eetriser sa \u00ab consommation \u00bb d\u2019\u00e9nergie. Attention toutefois \u00e0 ne pas confondre unit\u00e9s consomm\u00e9e et consommation r\u00e9elle (les unit\u00e9s ne sont pas des KWh).<\/p>\n<h3>\u00c9ventuelles d\u00e9faillances techniques<\/h3>\n<p>Il peut arriver qu\u2019un r\u00e9partiteur \u00e9lectronique tombe en panne. Si le locataire remarque la d\u00e9faillance d\u2019un r\u00e9partiteur, il est vivement conseill\u00e9 d\u2019en avertir imm\u00e9diatement son bailleur et la soci\u00e9t\u00e9 de relev\u00e9.<\/p>\n<p>Dans ce cas, si le locataire a agi en \u00ab\u00a0bon p\u00e8re de famille\u00a0\u00bb (notamment en pr\u00e9venant d\u00e8s le constat de panne, etc), il ne devrait pas \u00eatre p\u00e9nalis\u00e9 lors du d\u00e9compte.<\/p>\n<p><\/div><div class=\"title_code\">Les int\u00e9grateurs (ou compteurs de chaleur)<\/div>\n\n        <div class=\"content_code\"><\/p>\n<p>L\u2019int\u00e9grateur de chaleur, appel\u00e9 plus commun\u00e9ment \u00ab compteur de chaleur \u00bb, est l\u2019instrument de mesure le plus r\u00e9cent et le plus pr\u00e9cis. Il s\u2019agit d\u2019un r\u00e9el compteur, qui pr\u00e9sente l\u2019avantage de mesurer pr\u00e9cis\u00e9ment la consommation personnelle des occupants de l\u2019immeuble en kWh.<\/p>\n<p>En pratique, l\u2019int\u00e9grateur de chaleur est un compteur qui est install\u00e9 sur les tuyaux du syst\u00e8me de chauffage. Il mesure, toutes les 30 secondes, la diff\u00e9rence de temp\u00e9rature entre l\u2019entr\u00e9e et la sortie du circuit d\u2019eau du chauffage de chaque logement. Les chiffres sur le cadran de l\u2019 int\u00e9grateur (digital) indiquent la consommation \u00e9nerg\u00e9tique de l\u2019ensemble des radiateurs d\u2019un logement. Autrement dit, <strong>l\u2019int\u00e9grateur de chaleur indique une consommation r\u00e9elle<\/strong>.<\/p>\n<p>Dans des conditions standardis\u00e9es, 1 unit\u00e9 consomm\u00e9e correspond \u00e0 1 kWh livr\u00e9. En r\u00e9alit\u00e9, il faut tenir compte des d\u00e9perditions de chaleur dans l\u2019immeuble. De ce fait, 1 unit\u00e9 consomm\u00e9e correspond \u00e0 2 kWh livr\u00e9s.<\/p>\n<p>Bien que les nouvelles dispositions PEB pr\u00e9conisent l\u2019installation d\u2019int\u00e9grateurs de chaleur, ceux-ci restent relativement rares car ils sont plus difficiles \u00e0 installer. Ils requi\u00e8rent :<\/p>\n<ol>\n<li>un b\u00e2timent de structure r\u00e9cente qui permette ce genre d\u2019installation (sur la tuyauterie). Comme il est complexe de r\u00e9viser les installations de chauffages de logements plus anciens, l\u2019int\u00e9grateur est davantage install\u00e9 dans les nouvelles constructions.<\/li>\n<li>un syst\u00e8me de chauffage en parfait \u00e9tat (tuyaux neufs ou entretenus) afin d\u2019\u00e9viter un encrassement trop rapide du compteur. En g\u00e9n\u00e9ral, afin de r\u00e9duire ce risque d\u2019encrassement et par cons\u00e9quent de panne, des filtres sont plac\u00e9s dans la tuyauterie.<\/li>\n<li>un investissement de la part du propri\u00e9taire. De fait, l\u2019int\u00e9grateur engendre des co\u00fbts suppl\u00e9mentaires puisqu\u2019il est non seulement plus co\u00fbteux \u00e0 l\u2019achat, mais aussi plus difficile et on\u00e9reux \u00e0 installer.<\/li>\n<\/ol>\n<p><\/div><div class=\"title_code\">Avantages et inconv\u00e9nients des diff\u00e9rents instruments<\/div>\n\n        <div class=\"content_code\"><\/p>\n<p class=\"futur_liens\"><img loading=\"lazy\" decoding=\"async\" class=\"aligncenter size-full wp-image-673\" src=\"http:\/\/socialenergie.alysdev.be\/wp-content\/uploads\/Fact_Avantages_inconvenients_instruments_mesure_chauffage_2.jpg\" alt=\"Fact_Avantages_inconvenients_instruments_mesure_chauffage_2\" width=\"528\" height=\"627\" srcset=\"https:\/\/socialenergie.alysdev.be\/wp-content\/uploads\/Fact_Avantages_inconvenients_instruments_mesure_chauffage_2.jpg 528w, https:\/\/socialenergie.alysdev.be\/wp-content\/uploads\/Fact_Avantages_inconvenients_instruments_mesure_chauffage_2-126x150.jpg 126w, https:\/\/socialenergie.alysdev.be\/wp-content\/uploads\/Fact_Avantages_inconvenients_instruments_mesure_chauffage_2-253x300.jpg 253w\" sizes=\"auto, (max-width: 528px) 100vw, 528px\" \/><\/p>\n<p><\/div><\/p>\n<p><!-- Add code here that should appear in the content block of all new pages --><\/p>\n","protected":false},"excerpt":{"rendered":"<p>Les instruments de mesure permettant de r\u00e9partir les frais relatifs \u00e0 une installation collective de chauffage entre les occupants d\u2019un immeuble sont :<\/p>\n","protected":false},"author":1,"featured_media":0,"parent":430,"menu_order":230,"comment_status":"closed","ping_status":"closed","template":"","meta":{"_acf_changed":false,"footnotes":""},"class_list":["post-662","page","type-page","status-publish","hentry"],"acf":[],"_links":{"self":[{"href":"https:\/\/socialenergie.alysdev.be\/fr\/wp-json\/wp\/v2\/pages\/662","targetHints":{"allow":["GET"]}}],"collection":[{"href":"https:\/\/socialenergie.alysdev.be\/fr\/wp-json\/wp\/v2\/pages"}],"about":[{"href":"https:\/\/socialenergie.alysdev.be\/fr\/wp-json\/wp\/v2\/types\/page"}],"author":[{"embeddable":true,"href":"https:\/\/socialenergie.alysdev.be\/fr\/wp-json\/wp\/v2\/users\/1"}],"replies":[{"embeddable":true,"href":"https:\/\/socialenergie.alysdev.be\/fr\/wp-json\/wp\/v2\/comments?post=662"}],"version-history":[{"count":14,"href":"https:\/\/socialenergie.alysdev.be\/fr\/wp-json\/wp\/v2\/pages\/662\/revisions"}],"predecessor-version":[{"id":12942,"href":"https:\/\/socialenergie.alysdev.be\/fr\/wp-json\/wp\/v2\/pages\/662\/revisions\/12942"}],"up":[{"embeddable":true,"href":"https:\/\/socialenergie.alysdev.be\/fr\/wp-json\/wp\/v2\/pages\/430"}],"wp:attachment":[{"href":"https:\/\/socialenergie.alysdev.be\/fr\/wp-json\/wp\/v2\/media?parent=662"}],"curies":[{"name":"wp","href":"https:\/\/api.w.org\/{rel}","templated":true}]}}