{"id":67,"date":"2016-05-24T10:33:01","date_gmt":"2016-05-24T08:33:01","guid":{"rendered":"http:\/\/zl31wzsmw.preview.infomaniak.website\/_new2016\/?page_id=67"},"modified":"2025-12-23T11:54:45","modified_gmt":"2025-12-23T10:54:45","slug":"prix-de-reference","status":"publish","type":"page","link":"https:\/\/socialenergie.alysdev.be\/fr\/factures\/prix-energie\/prix-de-reference\/","title":{"rendered":"Prix de r\u00e9f\u00e9rence"},"content":{"rendered":"<p style=\"text-align: justify;\">Le prix de r\u00e9f\u00e9rence est un prix unitaire moyen permettant d\u2019effectuer des comparaisons entre tarifs. Il est donn\u00e9 \u00e0 titre indicatif uniquement.<\/p>\n<p style=\"text-align: justify;\">D\u00e9finir un prix de r\u00e9f\u00e9rence pour l&rsquo;\u00e9nergie est d\u00e9licat car le prix que paye le m\u00e9nage est relatif :<\/p>\n<ul>\n<li style=\"text-align: justify;\">A la formule tarifaire du contrat conclu avec le fournisseur, celui-ci peut faire varier le prix de 162% pour l&rsquo;\u00e9lectricit\u00e9 et 183% pour le gaz.<\/li>\n<li style=\"text-align: justify;\">Au fait que tous les mois de nouvelles offres apparaissent sur le march\u00e9.<\/li>\n<li style=\"text-align: justify;\">A la consommation annuelle du m\u00e9nage car les composantes du prix sont des redevances annuelles (\u20ac\/an) et des prix par kWh consomm\u00e9 (\u20ac\/kWh).<\/li>\n<\/ul>\n<p>Pour plus d&rsquo;infos, cfr. la <a href=\"https:\/\/socialenergie.alysdev.be\/factures\/prix-energie\/composantes-prix\/\" target=\"_blank\" rel=\"noopener noreferrer\" target=\"_blank\" rel=\"noopener noreferrer\">page sur les composantes du prix de l&rsquo;\u00e9nergie.<\/a><\/p>\n<p>A titre indicatif nous vous proposons un prix de l\u2019\u00e9nergie bas\u00e9 sur la moyenne des offres en janvier 2024 pour la r\u00e9gion de Bruxelles-Capitale.<\/p>\n<p>Notre calculateur en ligne permet d\u2019obtenir les moyennes de prix pour d\u2019autres p\u00e9riodes de l\u2019ann\u00e9e :\u00a0<a href=\"https:\/\/case.fdssit.be\/tools\/average-calculator?lang=fr\" target=\"_blank\" rel=\"noopener noreferrer\">calculateur<\/a><u> <\/u><\/p>\n<p><u>(Attention, sur le calculateur les prix indiqu\u00e9s sont en <\/u>\u00ab\u00a0cents\u00a0\u00bb)<\/p>\n<div class=\"attention\" style=\"text-align: justify;\"><strong>Ne s&rsquo;applique pas au tarif social<\/strong><br \/>\nLe tarif social (auparavant appel\u00e9 \u00ab\u00a0Tarif social sp\u00e9cifique\u00a0\u00bb ou TSS) n\u2019est pas concern\u00e9 par ces prix de r\u00e9f\u00e9rence. En effet, le tarif social est un tarif pr\u00e9f\u00e9rentiel qui correspond au tarif commercial le plus bas relev\u00e9 sur le march\u00e9 belge du gaz et de l\u2019\u00e9lectricit\u00e9. Il est donc identique chez tous les fournisseurs. Le tarif social est une mesure sociale f\u00e9d\u00e9rale r\u00e9serv\u00e9e \u00e0 certaines cat\u00e9gories de personnes.Plus d\u2019infos sur le tarif social <a href=\"https:\/\/socialenergie.alysdev.be\/mesures-sociales\/gaz-elec\/tarif-social\/\" target=\"_blank\" rel=\"noopener noreferrer\" target=\"_blank\" rel=\"noopener noreferrer\">ici.<\/a><\/div>\n<h2 style=\"text-align: justify;\">Prix de l\u2019\u00e9lectricit\u00e9<\/h2>\n<p>Prix moyen au tarif commercial : 0,37 \u20ac\/kWh (janvier 2024)<\/p>\n<div class=\"info\" style=\"text-align: justify;\">\n<p>Le prix d\u2019un kWh d\u2019\u00e9lectricit\u00e9 est environ 4 fois plus \u00e9lev\u00e9 que celui d\u2019un kWh de gaz.<br \/>\nComme 1 kWh d&rsquo;\u00e9lectricit\u00e9 produit la m\u00eame quantit\u00e9 d\u2019\u00e9nergie qu\u2019un kWh de gaz, on peut donc dire que l\u2019\u00e9lectricit\u00e9 co\u00fbte environ 4 fois plus cher que le gaz.<\/p>\n<\/div>\n<h2 style=\"text-align: justify;\">Prix du gaz<\/h2>\n<p style=\"text-align: justify;\"><img loading=\"lazy\" decoding=\"async\" class=\"alignleft size-full wp-image-72\" src=\"http:\/\/socialenergie.alysdev.be\/wp-content\/uploads\/Gaz.jpg\" alt=\"Gaz\" width=\"47\" height=\"70\" \/><\/p>\n<p>A titre indicatif, en janvier 2024, le prix moyen du gaz \u00e9tait de 0,10 \u20ac\/kWh.<\/p>\n<h2 style=\"text-align: justify;\">Prix du mazout<\/h2>\n<p style=\"text-align: justify;\"><img loading=\"lazy\" decoding=\"async\" class=\"alignright size-full wp-image-74\" src=\"http:\/\/socialenergie.alysdev.be\/wp-content\/uploads\/Mazout.jpg\" alt=\"Mazout\" width=\"90\" height=\"100\" \/><\/p>\n<p>A titre indicatif, en janvier 2024, le prix du mazout est de 1728.15\u20ac pour une commande de 1.545 litres.<sup>1<\/sup><\/p>\n<p class=\"cadre small-font greybg\">[1] Source : <a href=\"https:\/\/informazout.be\/fr\/mazout\/prix\" target=\"_blank\" rel=\"noopener noreferrer\" target=\"_blank\" rel=\"noopener\">https:\/\/informazout.be\/fr\/mazout\/prix<\/a><\/p>\n","protected":false},"excerpt":{"rendered":"<p>Le prix de r\u00e9f\u00e9rence est un prix unitaire moyen permettant d\u2019effectuer des comparaisons entre tarifs. Il est donn\u00e9 \u00e0 titre indicatif uniquement. D\u00e9finir un prix de r\u00e9f\u00e9rence pour l&rsquo;\u00e9nergie est d\u00e9licat car le prix que paye le m\u00e9nage est relatif : A la formule tarifaire du contrat conclu avec le fournisseur, celui-ci peut faire varier [&hellip;]<\/p>\n","protected":false},"author":1,"featured_media":0,"parent":64,"menu_order":407,"comment_status":"closed","ping_status":"closed","template":"","meta":{"_acf_changed":false,"footnotes":""},"class_list":["post-67","page","type-page","status-publish","hentry"],"acf":[],"_links":{"self":[{"href":"https:\/\/socialenergie.alysdev.be\/fr\/wp-json\/wp\/v2\/pages\/67","targetHints":{"allow":["GET"]}}],"collection":[{"href":"https:\/\/socialenergie.alysdev.be\/fr\/wp-json\/wp\/v2\/pages"}],"about":[{"href":"https:\/\/socialenergie.alysdev.be\/fr\/wp-json\/wp\/v2\/types\/page"}],"author":[{"embeddable":true,"href":"https:\/\/socialenergie.alysdev.be\/fr\/wp-json\/wp\/v2\/users\/1"}],"replies":[{"embeddable":true,"href":"https:\/\/socialenergie.alysdev.be\/fr\/wp-json\/wp\/v2\/comments?post=67"}],"version-history":[{"count":17,"href":"https:\/\/socialenergie.alysdev.be\/fr\/wp-json\/wp\/v2\/pages\/67\/revisions"}],"predecessor-version":[{"id":12892,"href":"https:\/\/socialenergie.alysdev.be\/fr\/wp-json\/wp\/v2\/pages\/67\/revisions\/12892"}],"up":[{"embeddable":true,"href":"https:\/\/socialenergie.alysdev.be\/fr\/wp-json\/wp\/v2\/pages\/64"}],"wp:attachment":[{"href":"https:\/\/socialenergie.alysdev.be\/fr\/wp-json\/wp\/v2\/media?parent=67"}],"curies":[{"name":"wp","href":"https:\/\/api.w.org\/{rel}","templated":true}]}}