{"id":679,"date":"2016-06-03T12:50:00","date_gmt":"2016-06-03T10:50:00","guid":{"rendered":"http:\/\/zl31wzsmw.preview.infomaniak.website\/_new2016\/fr\/?page_id=679"},"modified":"2025-12-23T11:55:58","modified_gmt":"2025-12-23T10:55:58","slug":"eau","status":"publish","type":"page","link":"https:\/\/socialenergie.alysdev.be\/fr\/factures\/decompte-de-charges\/instruments-de-mesure\/eau\/","title":{"rendered":"Les instruments de mesure pour l&rsquo;eau : les compteurs de passage"},"content":{"rendered":"<h2>D\u00e9finition<\/h2>\n<p>En Belgique, tout immeuble est obligatoirement dot\u00e9 d\u2019un compteur d\u2019eau froide install\u00e9 par le distributeur d\u2019eau, en l\u2019occurrence <a class=\"lexique\" title=\"Cette intercommunale bruxelloise est responsable de la distribution de l\u2019eau potable chez les particuliers, collectivit\u00e9s et industries. Vivaqua s\u2019occupe \u00e9galement des infrastructures assurant la collecte communale des eaux usag\u00e9es (r\u00e9seau d\u2019\u00e9gouttage, bassins d\u2019orage et collecteurs). La facture d\u2019eau que les citoyens bruxellois re\u00e7oivent est envoy\u00e9e par Vivaqua.\" href=\"https:\/\/customers.vivaqua.be\/\" target=\"_blank\" rel=\"noopener\">Vivaqua<\/a> pour la R\u00e9gion de Bruxelles Capitale.<\/p>\n<p>En cas d\u2019immeubles \u00e0 appartements multiples, le <a href=\"https:\/\/socialenergie.alysdev.be\/factures\/decompte-de-charges\/definition\/\" target=\"_blank\" rel=\"noopener noreferrer\">gestionnaire du logement<\/a> peut d\u00e9cider de faire installer, des compteurs de passage pour l\u2019eau froide et\/ou l\u2019eau chaude. Ces compteurs de passage, install\u00e9s sur les canalisations d\u2019eau ont pour objectif de comptabiliser la consommation en eau logement par logement afin de pouvoir r\u00e9partir la consommation de la facture annuelle de l\u2019immeuble.<\/p>\n<p>Les compteurs de passage sont cens\u00e9s \u00eatre accessibles, tant aux techniciens responsables de leur renouvellement qu\u2019aux occupants de l\u2019immeuble. Toutefois, ce n\u2019est pas toujours le cas et aucune obligation l\u00e9gale ne garantit cette accessibilit\u00e9.<\/p>\n<p>Ils sont souvent plac\u00e9s \u00e0 l\u2019ext\u00e9rieur, \u00e0 l\u2019entr\u00e9e des appartements sur le palier (ceci permet notamment de pouvoir couper l\u2019eau en l\u2019absence de l\u2019occupant si l\u2019on constate une fuite. Dans ce cas, il n\u2019est pas n\u00e9cessaire d\u2019acc\u00e9der au domicile pour relever les index. Mais ils peuvent aussi \u00eatre install\u00e9s \u00e0 l\u2019int\u00e9rieur du logement (sur les canalisations proches des toilettes, sous la baignoire, etc.). D\u00e8s lors, l&rsquo;occupant devra \u00eatre pr\u00e9sent lors du relev\u00e9.<\/p>\n<p><strong>1. Les compteurs de passage d\u2019eau froide :<\/strong><br \/>\n<img loading=\"lazy\" decoding=\"async\" class=\"alignleft size-thumbnail wp-image-387\" src=\"http:\/\/socialenergie.alysdev.be\/wp-content\/uploads\/compteur-de-passage-eau-froide-anonyme-150x142.jpg\" alt=\"compteur de passage eau froide anonyme\" width=\"150\" height=\"142\" srcset=\"https:\/\/socialenergie.alysdev.be\/wp-content\/uploads\/compteur-de-passage-eau-froide-anonyme-150x142.jpg 150w, https:\/\/socialenergie.alysdev.be\/wp-content\/uploads\/compteur-de-passage-eau-froide-anonyme-300x285.jpg 300w, https:\/\/socialenergie.alysdev.be\/wp-content\/uploads\/compteur-de-passage-eau-froide-anonyme-1024x972.jpg 1024w, https:\/\/socialenergie.alysdev.be\/wp-content\/uploads\/compteur-de-passage-eau-froide-anonyme-1536x1458.jpg 1536w, https:\/\/socialenergie.alysdev.be\/wp-content\/uploads\/compteur-de-passage-eau-froide-anonyme-2048x1944.jpg 2048w\" sizes=\"auto, (max-width: 150px) 100vw, 150px\" \/>Ils sont reconnaissables \u00e0 leur pourtour bleu.<\/p>\n<p><strong>2. Les compteurs de passage d\u2019eau chaude<\/strong> :<br \/>\n<img loading=\"lazy\" decoding=\"async\" class=\"alignleft size-thumbnail wp-image-684\" src=\"http:\/\/socialenergie.alysdev.be\/wp-content\/uploads\/compteur-de-passage-eau-chaude-anonyme-150x140.jpg\" alt=\"compteur de passage eau chaude anonyme\" width=\"150\" height=\"140\" srcset=\"https:\/\/socialenergie.alysdev.be\/wp-content\/uploads\/compteur-de-passage-eau-chaude-anonyme-150x140.jpg 150w, https:\/\/socialenergie.alysdev.be\/wp-content\/uploads\/compteur-de-passage-eau-chaude-anonyme-2048x1909.jpg 2048w, https:\/\/socialenergie.alysdev.be\/wp-content\/uploads\/compteur-de-passage-eau-chaude-anonyme-300x280.jpg 300w, https:\/\/socialenergie.alysdev.be\/wp-content\/uploads\/compteur-de-passage-eau-chaude-anonyme-1024x955.jpg 1024w, https:\/\/socialenergie.alysdev.be\/wp-content\/uploads\/compteur-de-passage-eau-chaude-anonyme-1536x1432.jpg 1536w\" sizes=\"auto, (max-width: 150px) 100vw, 150px\" \/>Ils sont reconnaissables \u00e0 leur pourtour rouge.<\/p>\n<p>&nbsp;<\/p>\n<p>&nbsp;<\/p>\n<p>&nbsp;<\/p>\n<p>Le contr\u00f4le et le remplacement des compteurs sont encadr\u00e9s par diff\u00e9rentes r\u00e8glementations\u00a0: <a href=\"https:\/\/economie.fgov.be\/fr\/themes\/protection-des-consommateurs\/metrologie\/la-maison\/controle-des-compteurs-deau\" target=\"_blank\" rel=\"noopener noreferrer\">SPF Economie<\/a><\/p>\n<h2>\u00c9ventuelles d\u00e9faillances techniques<\/h2>\n<p>Si l\u2019occupant constate qu\u2019un appareil est d\u00e9fectueux, il faut prendre au plus vite contact avec la soci\u00e9t\u00e9 de relev\u00e9 et\/ou le gestionnaire de logement, afin d\u2019agir en \u00ab\u00a0bon p\u00e8re de famille\u00a0\u00bb et respecter les obligations.<\/p>\n<p>La d\u00e9faillance la plus fr\u00e9quente est le cas de blocage du compteur de passage. L\u2019eau continue \u00e0 \u00eatre fournie mais le cadran du compteur n\u2019enregistre plus le passage.<\/p>\n<p>Un compteur mal plac\u00e9 peut \u00e9galement comptabiliser la consommation de plusieurs logements.<\/p>\n<p><!-- Add code here that should appear in the content block of all new pages --><\/p>\n","protected":false},"excerpt":{"rendered":"<p>D\u00e9finition En Belgique, tout immeuble est obligatoirement dot\u00e9 d\u2019un compteur d\u2019eau froide install\u00e9 par le distributeur d\u2019eau, en l\u2019occurrence Vivaqua pour la R\u00e9gion de Bruxelles Capitale. En cas d\u2019immeubles \u00e0 appartements multiples, le gestionnaire du logement peut d\u00e9cider de faire installer, des compteurs de passage pour l\u2019eau froide et\/ou l\u2019eau chaude. Ces compteurs de passage, [&hellip;]<\/p>\n","protected":false},"author":1,"featured_media":0,"parent":430,"menu_order":292,"comment_status":"closed","ping_status":"closed","template":"","meta":{"_acf_changed":false,"footnotes":""},"class_list":["post-679","page","type-page","status-publish","hentry"],"acf":[],"_links":{"self":[{"href":"https:\/\/socialenergie.alysdev.be\/fr\/wp-json\/wp\/v2\/pages\/679","targetHints":{"allow":["GET"]}}],"collection":[{"href":"https:\/\/socialenergie.alysdev.be\/fr\/wp-json\/wp\/v2\/pages"}],"about":[{"href":"https:\/\/socialenergie.alysdev.be\/fr\/wp-json\/wp\/v2\/types\/page"}],"author":[{"embeddable":true,"href":"https:\/\/socialenergie.alysdev.be\/fr\/wp-json\/wp\/v2\/users\/1"}],"replies":[{"embeddable":true,"href":"https:\/\/socialenergie.alysdev.be\/fr\/wp-json\/wp\/v2\/comments?post=679"}],"version-history":[{"count":11,"href":"https:\/\/socialenergie.alysdev.be\/fr\/wp-json\/wp\/v2\/pages\/679\/revisions"}],"predecessor-version":[{"id":12908,"href":"https:\/\/socialenergie.alysdev.be\/fr\/wp-json\/wp\/v2\/pages\/679\/revisions\/12908"}],"up":[{"embeddable":true,"href":"https:\/\/socialenergie.alysdev.be\/fr\/wp-json\/wp\/v2\/pages\/430"}],"wp:attachment":[{"href":"https:\/\/socialenergie.alysdev.be\/fr\/wp-json\/wp\/v2\/media?parent=679"}],"curies":[{"name":"wp","href":"https:\/\/api.w.org\/{rel}","templated":true}]}}