{"id":7213,"date":"2021-12-07T13:36:01","date_gmt":"2021-12-07T12:36:01","guid":{"rendered":"https:\/\/0x1wxbcjas.preview.infomaniak.website\/?page_id=7213"},"modified":"2025-04-30T14:41:21","modified_gmt":"2025-04-30T12:41:21","slug":"campagne-hausse-des-prix-de-lenergie","status":"publish","type":"page","link":"https:\/\/socialenergie.alysdev.be\/fr\/campagne-hausse-des-prix-de-lenergie\/","title":{"rendered":"Factures d&rsquo;\u00e9nergie, des aides existent !"},"content":{"rendered":"<p><a href=\"http:\/\/socialenergie.alysdev.be\/wp-content\/uploads\/23-01-CASE-banner-1070x292_012-scaled.jpg\" target=\"_blank\" rel=\"noopener noreferrer\"><img loading=\"lazy\" decoding=\"async\" class=\"aligncenter size-large wp-image-8676\" src=\"http:\/\/socialenergie.alysdev.be\/wp-content\/uploads\/23-01-CASE-banner-1070x292_012-1024x280.jpg\" alt=\"\" width=\"1024\" height=\"280\" srcset=\"https:\/\/socialenergie.alysdev.be\/wp-content\/uploads\/23-01-CASE-banner-1070x292_012-1024x280.jpg 1024w, https:\/\/socialenergie.alysdev.be\/wp-content\/uploads\/23-01-CASE-banner-1070x292_012-150x41.jpg 150w, https:\/\/socialenergie.alysdev.be\/wp-content\/uploads\/23-01-CASE-banner-1070x292_012-300x82.jpg 300w, https:\/\/socialenergie.alysdev.be\/wp-content\/uploads\/23-01-CASE-banner-1070x292_012-1536x419.jpg 1536w, https:\/\/socialenergie.alysdev.be\/wp-content\/uploads\/23-01-CASE-banner-1070x292_012-2048x559.jpg 2048w\" sizes=\"auto, (max-width: 1024px) 100vw, 1024px\" \/><\/a><\/p>\n<p><span style=\"color: #00849f;\">Il est essentiel que les travailleurs sociaux de premi\u00e8re ligne soient inform\u00e9s du contexte et des aides pour accompagner leurs usagers et les aider \u00e0 faire face \u00e0 la hausse des prix de l\u2019\u00e9nergie.<\/span><\/p>\n<h2><span style=\"color: #fea019;\">Nous vous proposons plusieurs outils<\/span><\/h2>\n<h3><span style=\"color: #00849f;\"><strong>Pour comprendre le contexte\u00a0:<\/strong><\/span><\/h3>\n<ul>\n<li><a href=\"http:\/\/socialenergie.alysdev.be\/wp-content\/uploads\/23-01-CASE_ficheA4-contexte_02.pdf\" target=\"_blank\" rel=\"noopener noreferrer\" target=\"_blank\" rel=\"noopener\"><strong>1 fiche pratique \u00ab\u00a0Hausse des prix de l\u2019\u00e9nergie \u2013 D\u2019o\u00f9 vient-elle ?\u00a0\u00bb<\/strong><\/a>\n<ul>\n<li>Cette fiche aborde la hausse des prix sur les march\u00e9s de gros, l\u2019effet du prix du gaz sur l\u2019\u00e9lectricit\u00e9 ainsi que des ressources pour aller plus loin.<\/li>\n<\/ul>\n<\/li>\n<\/ul>\n<h3><span style=\"color: #00849f;\"><strong>Pour identifier les aides existantes\u00a0:<\/strong><\/span><\/h3>\n<ul>\n<li><strong><a href=\"https:\/\/www.youtube.com\/watch?v=BFBL21Ey3lU&amp;t=1s\" target=\"_blank\" rel=\"noopener noreferrer\" target=\"_blank\" rel=\"noopener\">1 webinaire : \u00ab\u00a0Factures d\u2019\u00e9nergie impayables : quelles sont les aides pour les m\u00e9nages bruxellois ?\u00a0\u00bb<\/a><\/strong>\n<ul>\n<li>Ce webinaire dresse un bref r\u00e9capitulatif des aides et des mesures de protection existantes en R\u00e9gion de Bruxelles-Capitale. Il pr\u00e9sente aussi les sites Internet www.aides-energie.brussels et www.energiesteun.brussels.<\/li>\n<\/ul>\n<\/li>\n<\/ul>\n<ul>\n<li><strong><a href=\"http:\/\/socialenergie.alysdev.be\/wp-content\/uploads\/23-01-CASE-fiche-quefaire_02.pdf\" target=\"_blank\" rel=\"noopener noreferrer\" target=\"_blank\" rel=\"noopener\">1 fiche pratique \u00ab\u00a0Hausse des prix de l&rsquo;\u00e9nergie &#8211; Que faire ?\u00a0\u00bb<\/a><\/strong>\n<ul>\n<li>Cette fiche aborde quelques notions de base, la marche \u00e0 suivre dans le contexte actuel ainsi que les contacts utiles.<\/li>\n<\/ul>\n<\/li>\n<li><strong><a href=\"http:\/\/socialenergie.alysdev.be\/wp-content\/uploads\/23-01-CASE-fiche-pense-bete_05.pdf\" target=\"_blank\" rel=\"noopener noreferrer\" target=\"_blank\" rel=\"noopener\">1 m\u00e9mo \u00e0 destination des travailleurs sociaux<\/a><\/strong>\n<ul>\n<li>Ce pense-b\u00eate, \u00e0 afficher dans son bureau, reprend en un coup d\u2019\u0153il les principales mesures sociales et les contacts utiles.<\/li>\n<\/ul>\n<\/li>\n<li><strong><a href=\"http:\/\/socialenergie.alysdev.be\/wp-content\/uploads\/23-01-CASE-fiche-mesures-sociales_05.pdf\" target=\"_blank\" rel=\"noopener noreferrer\" target=\"_blank\" rel=\"noopener\">1 m\u00e9mo \u00e0 destination des particuliers<\/a><\/strong>\n<ul>\n<li>Ce tableau, r\u00e9guli\u00e8rement mis \u00e0 jour, liste les mesures d\u2019aides ponctuelles f\u00e9d\u00e9rales, le public cible et les modalit\u00e9s d\u2019acc\u00e8s.<\/li>\n<\/ul>\n<\/li>\n<\/ul>\n<h3><span style=\"color: #00849f;\"><strong>Pour diffuser l\u2019info autour de vous\u00a0:<\/strong><\/span><\/h3>\n<ul>\n<li><strong><a href=\"http:\/\/socialenergie.alysdev.be\/wp-content\/uploads\/23-01-CASE-hausse-A3_01.pdf\" target=\"_blank\" rel=\"noopener noreferrer\" target=\"_blank\" rel=\"noopener\">1 affiche au format A3 \u00ab\u00a0Facture d&rsquo;\u00e9nergie, des aides existent !\u00a0\u00bb<\/a><\/strong><\/li>\n<li><strong><a href=\"http:\/\/socialenergie.alysdev.be\/wp-content\/uploads\/23-01-CASE_A5_hausse-bil-01.pdf\" target=\"_blank\" rel=\"noopener noreferrer\" target=\"_blank\" rel=\"noopener\">1 flyer au format A5 \u00ab\u00a0Factures d&rsquo;\u00e9nergie, des aides existent !\u00a0\u00bb<\/a><\/strong><\/li>\n<\/ul>\n<h2><span style=\"color: #fea019;\"><strong>Permanence t\u00e9l\u00e9phonique SocialEnergie <\/strong><\/span><\/h2>\n<p><strong>02 526 03 00<\/strong><br \/>\nDu lundi au vendredi, de 9h30 \u00e0 16h30 (except\u00e9 les jours f\u00e9ri\u00e9s)<\/p>\n","protected":false},"excerpt":{"rendered":"<p>Il est essentiel que les travailleurs sociaux de premi\u00e8re ligne soient inform\u00e9s du contexte et des aides pour accompagner leurs usagers et les aider \u00e0 faire face \u00e0 la hausse des prix de l\u2019\u00e9nergie. Nous vous proposons plusieurs outils Pour comprendre le contexte\u00a0: 1 fiche pratique \u00ab\u00a0Hausse des prix de l\u2019\u00e9nergie \u2013 D\u2019o\u00f9 vient-elle ?\u00a0\u00bb [&hellip;]<\/p>\n","protected":false},"author":3,"featured_media":0,"parent":0,"menu_order":214,"comment_status":"closed","ping_status":"closed","template":"","meta":{"_acf_changed":false,"footnotes":""},"class_list":["post-7213","page","type-page","status-publish","hentry"],"acf":[],"_links":{"self":[{"href":"https:\/\/socialenergie.alysdev.be\/fr\/wp-json\/wp\/v2\/pages\/7213","targetHints":{"allow":["GET"]}}],"collection":[{"href":"https:\/\/socialenergie.alysdev.be\/fr\/wp-json\/wp\/v2\/pages"}],"about":[{"href":"https:\/\/socialenergie.alysdev.be\/fr\/wp-json\/wp\/v2\/types\/page"}],"author":[{"embeddable":true,"href":"https:\/\/socialenergie.alysdev.be\/fr\/wp-json\/wp\/v2\/users\/3"}],"replies":[{"embeddable":true,"href":"https:\/\/socialenergie.alysdev.be\/fr\/wp-json\/wp\/v2\/comments?post=7213"}],"version-history":[{"count":57,"href":"https:\/\/socialenergie.alysdev.be\/fr\/wp-json\/wp\/v2\/pages\/7213\/revisions"}],"predecessor-version":[{"id":10870,"href":"https:\/\/socialenergie.alysdev.be\/fr\/wp-json\/wp\/v2\/pages\/7213\/revisions\/10870"}],"wp:attachment":[{"href":"https:\/\/socialenergie.alysdev.be\/fr\/wp-json\/wp\/v2\/media?parent=7213"}],"curies":[{"name":"wp","href":"https:\/\/api.w.org\/{rel}","templated":true}]}}