{"id":775,"date":"2016-06-06T11:08:48","date_gmt":"2016-06-06T09:08:48","guid":{"rendered":"http:\/\/zl31wzsmw.preview.infomaniak.website\/_new2016\/fr\/?page_id=775"},"modified":"2026-01-22T11:33:42","modified_gmt":"2026-01-22T10:33:42","slug":"comprendre","status":"publish","type":"page","link":"https:\/\/socialenergie.alysdev.be\/fr\/eau\/consommation\/comprendre\/","title":{"rendered":"Comprendre la consommation"},"content":{"rendered":"<div class=\"title_code\">Compteur d\u2019eau<\/div>\n\n        <div class=\"content_code\">\n<p><img loading=\"lazy\" decoding=\"async\" class=\"wp-image-796 alignleft\" src=\"http:\/\/socialenergie.alysdev.be\/wp-content\/uploads\/Compteur_eau_avec_goutte.jpg\" alt=\"Compteur_eau_avec_goutte\" width=\"221\" height=\"200\" srcset=\"https:\/\/socialenergie.alysdev.be\/wp-content\/uploads\/Compteur_eau_avec_goutte.jpg 407w, https:\/\/socialenergie.alysdev.be\/wp-content\/uploads\/Compteur_eau_avec_goutte-150x136.jpg 150w, https:\/\/socialenergie.alysdev.be\/wp-content\/uploads\/Compteur_eau_avec_goutte-300x272.jpg 300w\" sizes=\"auto, (max-width: 221px) 100vw, 221px\" \/>Le compteur d\u2019eau sert \u00e0 d\u00e9terminer la quantit\u00e9 d\u2019eau consomm\u00e9e. Elle est exprim\u00e9e en m\u00e8tres cubes (1m\u00b3 = 1.000 litres). C\u2019est la m\u00eame unit\u00e9 qui est utilis\u00e9e sur les factures de Vivaqua. Sur certains vieux compteurs, il peut arriver que la quantit\u00e9 soit exprim\u00e9e en hectolitres. Dans ce cas, la mention \u00ab hectolitre \u00bb (Hl) est indiqu\u00e9e sur le compteur.<\/p>\n<p>Signalons que seuls les chiffres noirs (avant la virgule) sont significatifs, les chiffres rouges (ou les aiguilles) repr\u00e9sentant les d\u00e9cimales. La troisi\u00e8me d\u00e9cimale apr\u00e8s la virgule correspond donc au litre de base (ex. : 0,001 = 1 litre d\u2019eau ; 0,003 = 3 litres d\u2019eau ; 0,025 = 25 litres d\u2019eau ; 1,123 = 1123 litres d\u2019eau). La quatri\u00e8me d\u00e9cimale correspond au d\u00e9cilitre (ex. : 0,0002 = 2 d\u00e9cilitres ; 3,5699= 3569,9 litres d\u2019eau).<\/p>\n<p>Chaque compteur est muni d\u2019un num\u00e9ro \u00e0 7 chiffres permettant de l\u2019identifier. Ce num\u00e9ro est souvent indiqu\u00e9 en dessous des index (chiffres sur fond noir).<\/p>\n<p>Selon les <a href=\"https:\/\/www.vivaqua.be\/fr\/conditions-generales\/\" target=\"_blank\" rel=\"noopener noreferrer\" target=\"_blank\" rel=\"noopener\">conditions g\u00e9n\u00e9rales de Vivaqua<\/a>, le ou les compteurs d\u2019eau d\u2019une habitation doivent \u00eatre accessibles 24h\/24 aux techniciens de Vivaqua.<\/p>\n<p>La l\u00e9gislation f\u00e9d\u00e9rale impose que les compteurs d\u2019eau soient remplac\u00e9s tous les 16 ans. C\u2019est Vivaqua qui prend \u00e0 sa charge tous les frais relatifs \u00e0 ces op\u00e9rations.<\/p>\n<p class=\"attention\"><strong>Installation de compteur d\u2019eau<\/strong><br \/>\nLorsque l\u2019immeuble ne compte qu\u2019un seul compteur d\u2019eau, il est possible de demander au propri\u00e9taire l\u2019installation d&rsquo;un compteur d\u2019eau par logement (\u00e0 ses frais). Toutefois, il ne s\u2019agit pas d\u2019une obligation l\u00e9gale de sa part.<\/p>\n<p><strong>Compteur de passage d\u2019eau<\/strong><br \/>\nCertains immeubles \u00e0 appartements sont \u00e9quip\u00e9s de compteur(s) de passage (pour l\u2019eau froide et\/ou chaude). Vivaqua n\u2019est pas concern\u00e9 par ces installations et n\u2019est donc pas en charge de leur relev\u00e9. Plus d\u2019infos sur la r\u00e9partition de la consommation d\u2019eau li\u00e9e aux <a href=\"https:\/\/socialenergie.alysdev.be\/factures\/decompte-de-charges\/instruments-de-mesure\/eau\/\" target=\"_blank\" rel=\"noopener noreferrer\">compteurs de passage ici.<\/a><em><span style=\"color: #ff0000;\"><br \/>\n<\/span><\/em><\/p>\n<p><\/div><div class=\"title_code\">Relev\u00e9 d\u2019index<\/div>\n\n        <div class=\"content_code\"><\/p>\n<p>Les relev\u00e9s d\u2019index permettent de d\u00e9terminer la consommation d\u2019eau pendant une p\u00e9riode donn\u00e9e.<\/p>\n<p>Les index sont relev\u00e9s par les techniciens de Vivaqua une fois par an. La date de relev\u00e9 varie selon la commune. Vous trouverez <a href=\"https:\/\/www.vivaqua.be\/fr\/releve-compteur\/\" target=\"_blank\" rel=\"noopener noreferrer\" target=\"_blank\" rel=\"noopener\">ici<\/a> le planning des relev\u00e9s d\u2019index par commune. Cependant, selon ses besoins, Vivaqua peut effectuer des relev\u00e9s suppl\u00e9mentaires en cours d\u2019ann\u00e9e, en plus du relev\u00e9 annuel planifi\u00e9.<\/p>\n<p>Si, lors de sa venue, le technicien n\u2019a pas eu acc\u00e8s au compteur, il d\u00e9pose un avis de passage dans la bo\u00eete aux lettres. Ce dernier invite la personne \u00e0 communiquer elle-m\u00eame ses index. Elle peut choisir l\u2019un des trois moyens suivants pour les transmettre :<\/p>\n<ul>\n<li>renvoyer par la poste la feuille de relev\u00e9 compl\u00e9t\u00e9e<\/li>\n<li>t\u00e9l\u00e9phoner \u00e0 Vivaqua au num\u00e9ro gratuit suivant : 0800\/95162<\/li>\n<li>remplir <a href=\"https:\/\/index.vivaqua.be\/biwd?LANG=FR\" target=\"_blank\" rel=\"noopener noreferrer\" target=\"_blank\" rel=\"noopener\">le formulaire en ligne<\/a> disponible sur le site internet de Vivaqua.<\/li>\n<\/ul>\n<p>Si la personne n\u2019effectue aucune de ces d\u00e9marches, Vivaqua \u00e9tablira la facture sur base d\u2019une <strong>consommation estim\u00e9e<\/strong>. Celle-ci s\u2019\u00e9tablit le plus souvent sur base d\u2019une extrapolation de la consommation annuelle pr\u00e9c\u00e9dente. La personne dispose de 12 mois pour faire rectifier sa facture. La rectification, sauf en cas de mauvaise foi, portera sur une p\u00e9riode de deux ans pr\u00e9c\u00e9dant le dernier relev\u00e9 physique ou la derni\u00e8re estimation.<\/p>\n<p>Lorsque la facturation est bas\u00e9e pendant 3 ann\u00e9es cons\u00e9cutives sur une consommation estim\u00e9e ou en cas d\u2019index qui semble anormal, Vivaqua se r\u00e9serve le droit de poursuivre en justice pour acc\u00e9der aux compteurs.<\/p>\n<div class=\"attention\">\n<p><strong>Contestation du relev\u00e9 d\u2019index<\/strong><br \/>\nAvant de porter plainte aupr\u00e8s de Vivaqua pour une question d\u2019index, il est important d\u2019analyser pr\u00e9alablement la situation personnelle de l\u2019usager. L\u2019augmentation des factures n\u2019est peut-\u00eatre pas due \u00e0 un probl\u00e8me d\u2019index mais \u00e0 une augmentation de la consommation \u00e0 cause d\u2019une <a href=\"https:\/\/socialenergie.alysdev.be\/eau\/consommation\/agir\/\" target=\"_blank\" rel=\"noopener noreferrer\">fuite<\/a> ou du rythme de vie (pr\u00e9sence prolong\u00e9e au sein du logement \u00e0 cause de la perte d\u2019un emploi, nombre d\u2019habitants plus \u00e9lev\u00e9, etc.).<\/p>\n<p>En cas de doute sur la validit\u00e9 du relev\u00e9 d\u2019index, l\u2019abonn\u00e9 ou l\u2019usager peut demander \u00e0 Vivaqua un contr\u00f4le du fonctionnement des compteurs. Le constat sur l\u2019\u00e9tat du compteur est effectu\u00e9 par un acteur neutre, le service de la m\u00e9trologie du SPF Economie.<\/p>\n<ul>\n<li>Si le compteur fonctionne correctement, les frais relatifs au constat sont \u00e0 charge du demandeur (l\u2019usager ou l\u2019abonn\u00e9).<\/li>\n<li>Si le compteur se r\u00e9v\u00e8le \u00eatre d\u00e9fectueux, les frais relatifs au constat sont \u00e0 charge de Vivaqua. Une estimation de la consommation est alors effectu\u00e9e pour la p\u00e9riode concern\u00e9e et une nouvelle facture est \u00e9mise annulant la pr\u00e9c\u00e9dente.<\/li>\n<\/ul>\n<\/div>\n<p><\/div><div class=\"title_code\">Fraude<\/div>\n\n        <div class=\"content_code\"><\/p>\n<p>L\u2019\u00e9quipement de comptage fait l\u2019objet d\u2019un scell\u00e9 d\u2019\u00e9tat lors de sa fabrication et d\u2019un scell\u00e9 par Vivaqua lors de son placement. Les scell\u00e9s ne peuvent \u00eatre bris\u00e9s ou enlev\u00e9s que par Vivaqua.<\/p>\n<p>En cas de bris de scell\u00e9s, la consommation est recalcul\u00e9e sur base d\u2019une estimation.<\/p>\n<p>Outre la facturation des volumes d\u2019eau d\u00e9tourn\u00e9s, Vivaqua comptabilise une indemnit\u00e9 forfaitaire si\u00a0:<\/p>\n<ul>\n<li>le compteur a \u00e9t\u00e9 enlev\u00e9, modifi\u00e9 ou retourn\u00e9 sans que l\u2019usager puisse d\u00e9montrer le caract\u00e8re accidentel de cette manipulation ou<\/li>\n<li>que, suite \u00e0 un bris de scell\u00e9s, une vanne de bipasse a \u00e9t\u00e9 ouverte ou qu\u2019une prise d\u2019eau non enregistr\u00e9e par un compteur Vivaqua est intervenue au niveau d\u2019une installation de lutte contre l\u2019incendie.<\/li>\n<\/ul>\n<p>Concernant sp\u00e9cifiquement le bris de scell\u00e9, celui-ci doit \u00eatre signal\u00e9 par \u00e9crit \u00e0 Vivaqua.<img loading=\"lazy\" decoding=\"async\" class=\"alignright wp-image-798\" src=\"http:\/\/socialenergie.alysdev.be\/wp-content\/uploads\/Voleur.jpg\" alt=\"Voleur\" width=\"172\" height=\"190\" srcset=\"https:\/\/socialenergie.alysdev.be\/wp-content\/uploads\/Voleur.jpg 230w, https:\/\/socialenergie.alysdev.be\/wp-content\/uploads\/Voleur-136x150.jpg 136w\" sizes=\"auto, (max-width: 172px) 100vw, 172px\" \/><\/p>\n<p><\/div><\/p>\n<p><!-- Add code here that should appear in the content block of all new pages --><\/p>\n","protected":false},"excerpt":{"rendered":"","protected":false},"author":1,"featured_media":0,"parent":369,"menu_order":121,"comment_status":"closed","ping_status":"closed","template":"","meta":{"_acf_changed":false,"footnotes":""},"class_list":["post-775","page","type-page","status-publish","hentry"],"acf":[],"_links":{"self":[{"href":"https:\/\/socialenergie.alysdev.be\/fr\/wp-json\/wp\/v2\/pages\/775","targetHints":{"allow":["GET"]}}],"collection":[{"href":"https:\/\/socialenergie.alysdev.be\/fr\/wp-json\/wp\/v2\/pages"}],"about":[{"href":"https:\/\/socialenergie.alysdev.be\/fr\/wp-json\/wp\/v2\/types\/page"}],"author":[{"embeddable":true,"href":"https:\/\/socialenergie.alysdev.be\/fr\/wp-json\/wp\/v2\/users\/1"}],"replies":[{"embeddable":true,"href":"https:\/\/socialenergie.alysdev.be\/fr\/wp-json\/wp\/v2\/comments?post=775"}],"version-history":[{"count":14,"href":"https:\/\/socialenergie.alysdev.be\/fr\/wp-json\/wp\/v2\/pages\/775\/revisions"}],"predecessor-version":[{"id":13431,"href":"https:\/\/socialenergie.alysdev.be\/fr\/wp-json\/wp\/v2\/pages\/775\/revisions\/13431"}],"up":[{"embeddable":true,"href":"https:\/\/socialenergie.alysdev.be\/fr\/wp-json\/wp\/v2\/pages\/369"}],"wp:attachment":[{"href":"https:\/\/socialenergie.alysdev.be\/fr\/wp-json\/wp\/v2\/media?parent=775"}],"curies":[{"name":"wp","href":"https:\/\/api.w.org\/{rel}","templated":true}]}}