{"id":777,"date":"2016-06-06T11:09:20","date_gmt":"2016-06-06T09:09:20","guid":{"rendered":"http:\/\/zl31wzsmw.preview.infomaniak.website\/_new2016\/fr\/?page_id=777"},"modified":"2026-01-22T11:34:26","modified_gmt":"2026-01-22T10:34:26","slug":"evaluer","status":"publish","type":"page","link":"https:\/\/socialenergie.alysdev.be\/fr\/eau\/consommation\/evaluer\/","title":{"rendered":"Evaluer la consommation"},"content":{"rendered":"<div class=\"title_code\">Comparer la consommation avec une r\u00e9f\u00e9rence<\/div>\n\n        <div class=\"content_code\">\n<p>D\u00e9celer une situation de \u00ab sur-consommation \u00bb ou de \u00ab sous-consommation \u00bb \u00e9nerg\u00e9tique\/hydrique chez un m\u00e9nage peut s\u2019av\u00e9rer difficile. Pour d\u00e9terminer si la consommation d&rsquo;eau d\u2019un m\u00e9nage parait raisonnable, il est utile de pouvoir comparer la consommation r\u00e9elle du m\u00e9nage \u00e0 la consommation moyenne d\u2019un m\u00e9nage vivant dans des conditions similaires.<\/p>\n<p>Cliquez sur l&rsquo;image ci-dessous pour consulter <strong>la fiche pratique<\/strong> concernant les consommations de r\u00e9f\u00e9rence. Elle donne, en fonction des caract\u00e9ristiques du m\u00e9nage et du logement occup\u00e9, une consommation moyenne d\u2019eau, de gaz et d\u2019\u00e9lectricit\u00e9. Vous pourrez ainsi comparer la consommation r\u00e9elle (indiqu\u00e9e sur la facture) avec une <a href=\"https:\/\/socialenergie.alysdev.be\/publications\/consommations-de-reference\/\" target=\"_blank\" rel=\"noopener noreferrer\" target=\"_blank\" rel=\"noopener\">consommation de r\u00e9f\u00e9rence<\/a><span style=\"color: #ff0000;\"><span style=\"color: #000000;\">.<\/span><\/span><\/p>\n<p><a href=\"http:\/\/socialenergie.alysdev.be\/wp-content\/uploads\/Conso-de-references-eau.png\" target=\"_blank\" rel=\"noopener noreferrer\"><img loading=\"lazy\" decoding=\"async\" class=\"size-full wp-image-11786 aligncenter\" src=\"http:\/\/socialenergie.alysdev.be\/wp-content\/uploads\/Conso-de-references-eau.png\" alt=\"\" width=\"582\" height=\"307\" srcset=\"https:\/\/socialenergie.alysdev.be\/wp-content\/uploads\/Conso-de-references-eau.png 582w, https:\/\/socialenergie.alysdev.be\/wp-content\/uploads\/Conso-de-references-eau-300x158.png 300w, https:\/\/socialenergie.alysdev.be\/wp-content\/uploads\/Conso-de-references-eau-150x79.png 150w\" sizes=\"auto, (max-width: 582px) 100vw, 582px\" \/><\/a><\/p>\n<p>On consid\u00e8re qu\u2019un public non-fragilis\u00e9 consommera en moyenne un peu moins de 120 litres par jour par personne (logement en bon \u00e9tat au niveau des tuyauteries, \u00e9quipements modernes consommant moins d\u2019eau, etc.). On peut consid\u00e9rer qu\u2019en majorit\u00e9, les publics pr\u00e9caris\u00e9s vivent dans des logements plus v\u00e9tustes o\u00f9 de vieilles canalisations peuvent pr\u00e9senter des fuites, o\u00f9 les robinetteries seront en mauvais \u00e9tat, etc. Si l\u2019on prend en compte cette r\u00e9alit\u00e9, une consommation de 120 litres d\u2019eau par jour et par personne peut \u00eatre consid\u00e9r\u00e9e comme une consommation normale et non-excessive. En terme annuel, cela repr\u00e9sente 45.000 litres d\u2019eau par personne (45m\u00b3). Les donn\u00e9es ci-dessus sont fournies \u00e0 titre indicatif.<\/p>\n<p>Si la consommation r\u00e9elle du m\u00e9nage est semblable \u00e0 la consommation de r\u00e9f\u00e9rence, c\u2019est que la consommation du m\u00e9nage n\u2019est pas probl\u00e9matique.<\/p>\n<p class=\"greybg\">Dans son rapport d\u2019activit\u00e9s de 2024, Vivaqua indique que : <em>\u00ab La consommation moyenne domestique bruxelloise est \u00e9valu\u00e9e \u00e0 environ 31 m\u00b3 par an et par personne (soit l&rsquo;\u00e9quivalent de 96l\/j\/habitant), en constante diminution. Elle s\u2019inscrit bien en de\u00e7\u00e0 de la moyenne europ\u00e9enne de 55 m\u00b3.<\/em>\u00a0\u00bb<\/p>\n<p><\/div><div class=\"title_code\">Expliquer la diff\u00e9rence avec la consommation de r\u00e9f\u00e9rence<\/div>\n\n        <div class=\"content_code\"><\/p>\n<p>Si une diff\u00e9rence survient, il faut essayer de l\u2019analyser. Un ou plusieurs param\u00e8tres peuvent expliquer cette diff\u00e9rence :<\/p>\n<ul>\n<li>La pr\u00e9sence temporaire d\u2019une ou plusieurs personnes suppl\u00e9mentaires dans le m\u00e9nage de base au cours de l\u2019ann\u00e9e \u00e9coul\u00e9e.<\/li>\n<li>Des habitudes de vie qui impliquent une consommation importante d\u2019eau, notamment le recours au bain (au lieu de la douche) pour se laver.<\/li>\n<li>L\u2019\u00e9tat de certaines installations impliquant des fuites d\u2019eau qui peuvent se r\u00e9v\u00e9ler tr\u00e8s co\u00fbteuses.<\/li>\n<\/ul>\n<p>Concernant les deux derniers param\u00e8tres, <a href=\"https:\/\/socialenergie.alysdev.be\/eau\/consommation\/agir\/\" target=\"_blank\" rel=\"noopener noreferrer\">des actions<\/a> sont envisageables pour tenter de diminuer la consommation d\u2019eau et, d\u00e8s lors, le montant factur\u00e9.<\/p>\n<p><\/div><\/p>\n<p><!-- Add code here that should appear in the content block of all new pages --><\/p>\n","protected":false},"excerpt":{"rendered":"","protected":false},"author":1,"featured_media":0,"parent":369,"menu_order":200,"comment_status":"closed","ping_status":"closed","template":"","meta":{"_acf_changed":false,"footnotes":""},"class_list":["post-777","page","type-page","status-publish","hentry"],"acf":[],"_links":{"self":[{"href":"https:\/\/socialenergie.alysdev.be\/fr\/wp-json\/wp\/v2\/pages\/777","targetHints":{"allow":["GET"]}}],"collection":[{"href":"https:\/\/socialenergie.alysdev.be\/fr\/wp-json\/wp\/v2\/pages"}],"about":[{"href":"https:\/\/socialenergie.alysdev.be\/fr\/wp-json\/wp\/v2\/types\/page"}],"author":[{"embeddable":true,"href":"https:\/\/socialenergie.alysdev.be\/fr\/wp-json\/wp\/v2\/users\/1"}],"replies":[{"embeddable":true,"href":"https:\/\/socialenergie.alysdev.be\/fr\/wp-json\/wp\/v2\/comments?post=777"}],"version-history":[{"count":18,"href":"https:\/\/socialenergie.alysdev.be\/fr\/wp-json\/wp\/v2\/pages\/777\/revisions"}],"predecessor-version":[{"id":13457,"href":"https:\/\/socialenergie.alysdev.be\/fr\/wp-json\/wp\/v2\/pages\/777\/revisions\/13457"}],"up":[{"embeddable":true,"href":"https:\/\/socialenergie.alysdev.be\/fr\/wp-json\/wp\/v2\/pages\/369"}],"wp:attachment":[{"href":"https:\/\/socialenergie.alysdev.be\/fr\/wp-json\/wp\/v2\/media?parent=777"}],"curies":[{"name":"wp","href":"https:\/\/api.w.org\/{rel}","templated":true}]}}