{"id":779,"date":"2016-06-06T11:09:45","date_gmt":"2016-06-06T09:09:45","guid":{"rendered":"http:\/\/zl31wzsmw.preview.infomaniak.website\/_new2016\/fr\/?page_id=779"},"modified":"2026-01-22T11:34:39","modified_gmt":"2026-01-22T10:34:39","slug":"agir","status":"publish","type":"page","link":"https:\/\/socialenergie.alysdev.be\/fr\/eau\/consommation\/agir\/","title":{"rendered":"Agir sur la consommation"},"content":{"rendered":"<p>Comme le graphique ci-dessous le d\u00e9montre, les toilettes et l\u2019hygi\u00e8ne personnelle repr\u00e9sentent deux sources importantes de consommation d\u2019eau. Les actions pour diminuer la consommation d\u2019eau doivent donc se centrer prioritairement sur ces deux postes.<\/p>\n<p>Il convient de ne pas n\u00e9gliger les fuites d\u2019eau des installations qui peuvent \u00eatre \u00e0 l\u2019origine d\u2019une consommation tr\u00e8s importante. Le gel des canalisations d\u2019eau est \u00e0 \u00e9viter au maximum. Enfin, de substantielles \u00e9conomies peuvent \u00eatre r\u00e9alis\u00e9es par l\u2019installation d\u2019une robinetterie moderne.<\/p>\n<p>Dans un logement, voici comment se r\u00e9partit en moyenne la consommation d\u2019eau :<\/p>\n<p style=\"text-align: center;\"><em style=\"font-size: 14px;\">Figure 1 : Estimation de la consommation sur base des chiffres donn\u00e9s par le Centre Urbain <\/em><\/p>\n<p style=\"text-align: center;\"><a href=\"http:\/\/socialenergie.alysdev.be\/wp-content\/uploads\/Eau_Repartition_moyenne_consommation_eau_2.pdf\" target=\"_blank\" rel=\"noopener noreferrer\"><img loading=\"lazy\" decoding=\"async\" class=\"alignnone size-full wp-image-786\" src=\"http:\/\/socialenergie.alysdev.be\/wp-content\/uploads\/Eau_Repartition_moyenne_consommation_eau.jpg\" alt=\"Eau_Repartition_moyenne_consommation_eau\" width=\"1016\" height=\"612\" srcset=\"https:\/\/socialenergie.alysdev.be\/wp-content\/uploads\/Eau_Repartition_moyenne_consommation_eau.jpg 1016w, https:\/\/socialenergie.alysdev.be\/wp-content\/uploads\/Eau_Repartition_moyenne_consommation_eau-150x90.jpg 150w, https:\/\/socialenergie.alysdev.be\/wp-content\/uploads\/Eau_Repartition_moyenne_consommation_eau-300x181.jpg 300w\" sizes=\"auto, (max-width: 1016px) 100vw, 1016px\" \/><\/a><\/p>\n<div class=\"title_code\">Hygi\u00e8ne personnelle et toilettes<\/div>\n\n        <div class=\"content_code\">\n<ul>\n<li><strong>Limiter l\u2019usage du bain <\/strong><br \/>\nUne douche de 5 minutes consomme 60 litres d\u2019eau tandis qu\u2019un bain n\u00e9cessite 120 litres d\u2019eau.<\/li>\n<li><strong>Diminuer le volume d\u2019eau de la chasse<\/strong><br \/>\nSi la chasse de la toilette ne comprend pas une double commande, on peut placer une bouteille d\u2019eau pleine et ferm\u00e9e dans le r\u00e9servoir pour en diminuer le volume et la consommation.<\/li>\n<\/ul>\n<p><\/div><div class=\"title_code\">Lutter contre les fuites<\/div>\n\n        <div class=\"content_code\"><\/p>\n<p>Une fuite d\u2019eau peut entra\u00eener un surco\u00fbt important.<\/p>\n<p class=\"greybg\">Par exemple : Un robinet qui laisse s\u2019\u00e9chapper de l\u2019eau goutte \u00e0 goutte pendant une ann\u00e9e enti\u00e8re consomme 35 m\u00b3 d\u2019eau (source : Vivaqua) et revient \u00e0 pr\u00e8s de 120 euros par an (sur la base d\u2019un prix moyen de l\u2019eau de 4,76 euros\/m\u00b3, \u00e0 titre indicatif).<\/p>\n<p>Le cas d\u2019une chasse d\u2019eau d\u00e9fectueuse peut repr\u00e9senter une consommation de 219 m\u00b3 par an (source : Vivaqua), soit pr\u00e8s de 1050 euros\/an ! (sur la base d\u2019un prix moyen de l\u2019eau de 4,76 euros\/m\u00b3, \u00e0 titre indicatif) Il convient au plus vite de faire r\u00e9parer ou remplacer les pi\u00e8ces concern\u00e9es.<\/p>\n<p>Les fuites d\u2019eau ne sont pas toujours visibles (exemple : la soupape d\u2019un boiler cal\u00e9). Le meilleur moyen de savoir si quelque chose fuit est alors de noter l\u2019index de son <a href=\"https:\/\/socialenergie.alysdev.be\/eau\/consommation\/comprendre\/\" target=\"_blank\" rel=\"noopener noreferrer\">compteur d\u2019eau<\/a> avant d\u2019aller dormir et de le renoter le lendemain matin avant d\u2019utiliser \u00e0 nouveau de l\u2019eau. Si une diff\u00e9rence appara\u00eet, c\u2019est qu\u2019une fuite existe.<\/p>\n<p class=\"attention\"><strong>Responsabilit\u00e9 locataire\/propri\u00e9taire en cas de fuite :<\/strong><br \/>\nLes fuites provenant d\u2019une tuyauterie apparente sont en g\u00e9n\u00e9ral de la responsabilit\u00e9 du locataire (ex. : un robinet qui coule). D\u00e8s que la fuite est rep\u00e9r\u00e9e, il est obligatoire de pr\u00e9venir le propri\u00e9taire et d\u2019obtenir son accord pour une intervention (d\u2019un plombier ou de la personne elle-m\u00eame).<br \/>\nPar contre, une fuite d\u2019une tuyauterie interne ou encastr\u00e9e dans un mur est de la responsabilit\u00e9 du propri\u00e9taire. Dans ce dernier cas, il faut aussi pr\u00e9venir au plus vite le propri\u00e9taire ; \u00e0 moins qu\u2019il ne s\u2019agisse d\u2019une situation d\u2019urgence qui r\u00e9pond \u00e0 une autre proc\u00e9dure : la \u00ab\u00a0gestion d&rsquo;affaires\u00a0\u00bb. <a href=\"https:\/\/socialenergie.alysdev.be\/logement\/obligations-du-locataire\/obligations-du-locataire\/\" target=\"_blank\" rel=\"noopener noreferrer\">Plus d\u2019infos ici<\/a>.<\/p>\n<p class=\"info\"><strong>R\u00e9parations \u00e0 moindre co\u00fbts : <\/strong><br \/>\nIl existe des associations et CPAS qui proposent des r\u00e9parations \u00e0 petits prix.<\/p>\n<p><\/div><div class=\"title_code\">Canalisations gel\u00e9es<\/div>\n\n        <div class=\"content_code\"><\/p>\n<p>En hiver, les canalisations peuvent geler. Les cons\u00e9quences peuvent \u00eatre graves : arr\u00eat de l\u2019approvisionnement en eau, d\u00e9t\u00e9rioration du mat\u00e9riel avec fuite d\u2019eau possible dans la phase de d\u00e9gel, etc. Il convient d\u2019\u00eatre particuli\u00e8rement attentif aux logements dont les installations disposent de tuyaux d\u2019approvisionnement d\u2019eau passant par l\u2019ext\u00e9rieur (une terrasse, par exemple).<\/p>\n<p>Au niveau pr\u00e9ventif, les actions suivantes peuvent \u00eatre entreprises :<\/p>\n<ul>\n<li>Dans les locaux o\u00f9 passent les tuyaux, il faut tenter de maintenir la temp\u00e9rature au-dessus de 0\u00b0.<\/li>\n<\/ul>\n<p class=\"info\" style=\"padding-left: 60px;\"><strong>N\u00e9cessit\u00e9 de chauffer un minimum<br \/>\n<\/strong>Certaines personnes, dans un souci d\u2019\u00e9conomie, ne chauffent pas ou tr\u00e8s peu leur logement. Ce comportement peut s\u2019av\u00e9rer au final plus co\u00fbteux puisqu\u2019il expose au risque de gel de la tuyauterie et \u00e0 une possible fuite d\u2019eau ult\u00e9rieure. Pour les canalisations\/tuyaux ext\u00e9rieurs, on peut les entourer \u00e0 l\u2019aide de morceaux de laine de verre (\u00e0 fixer par du ruban adh\u00e9sif ou du fil de fer) ou de mousse poly\u00e9thyl\u00e8ne dont les syst\u00e8mes d\u2019assemblage \u00e9pousent parfaitement la forme des tuyaux.<\/p>\n<ul>\n<li>Si aucune autre solution n\u2019est envisageable, il est possible de laisser couler en permanence un mince filet d&rsquo;eau ; l&rsquo;eau de distribution a en effet une temp\u00e9rature comprise entre 4 \u00b0 et 12\u00b0. Mais il s\u2019agit bien d\u2019une solution temporaire et de dernier recours vu le gaspillage que cela entra\u00eene.<\/li>\n<li>En cas d\u2019inoccupation du logement en p\u00e9riode de gel, il est utile de vidanger toutes les installations int\u00e9rieures.<\/li>\n<\/ul>\n<ul>\n<li>Avant l\u2019arriv\u00e9e de l&rsquo;hiver, il est utile de v\u00e9rifier que l\u2019installation int\u00e9rieure puisse \u00eatre purg\u00e9e et que le robinet d&rsquo;arr\u00eat (avant compteur) ferme bien.<\/li>\n<\/ul>\n<p><strong>Si les canalisations sont d\u00e9j\u00e0 gel\u00e9es<\/strong>, voici quelques conseils pour faire face \u00e0 cette situation :<\/p>\n<ol start=\"1\">\n<li>Fermer le robinet d&rsquo;arr\u00eat pr\u00e8s du compteur d\u2019eau. Si ce robinet est lui aussi gel\u00e9, il convient de le d\u00e9geler pr\u00e9alablement \u00e0 l&rsquo;aide d&rsquo;un s\u00e8che-cheveux (ne jamais utiliser un syst\u00e8me de r\u00e9chauffement produisant une flamme)<\/li>\n<li>Ouvrir le robinet purgeur et le robinet le plus \u00e9lev\u00e9 du syst\u00e8me de tuyauterie.<\/li>\n<li>D\u00e9geler les tuyauteries m\u00e9talliques \u00e0 l&rsquo;aide d&rsquo;un s\u00e8che-cheveux en avan\u00e7ant progressivement. L&rsquo;eau s&rsquo;\u00e9coule par le robinet purgeur.<\/li>\n<li>Veillez \u00e0 ne pas faire fondre ou d\u00e9forcer les tuyauteries en poly\u00e9thyl\u00e8ne ou en PVC.<\/li>\n<li>Quand tout est d\u00e9gel\u00e9, il faut fermer le robinet purgeur et ouvrir progressivement le robinet d&rsquo;arr\u00eat. Cette prudence permet d\u2019\u00e9viter un d\u00e9g\u00e2t des eaux, dans le cas o\u00f9 un tuyau a \u00e9clat\u00e9 suite au gel.<\/li>\n<\/ol>\n<p><\/div><div class=\"title_code\">Adapter sa robinetterie<\/div>\n\n        <div class=\"content_code\"><\/p>\n<p>De substantielles \u00e9conomies d\u2019eau peuvent \u00eatre r\u00e9alis\u00e9es gr\u00e2ce \u00e0 l\u2019adaptation de sa robinetterie.<\/p>\n<p>L\u2019installation de r\u00e9ducteurs de d\u00e9bit (appel\u00e9s a\u00e9rateurs ou mousseurs hydro\u00e9conomes) sur les becs des lavabos et des \u00e9viers, \u00e0 la place de simples brise-jets, permet de diminuer la consommation de 30 \u00e0 70% sans perte de confort. Une information plus d\u00e9taill\u00e9e et facilement compr\u00e9hensible est disponible <a href=\"http:\/\/www.jeconomiseleau.org\/index.php\/fr\/particuliers\" target=\"_blank\" rel=\"noopener noreferrer\" target=\"_blank\" rel=\"noopener\">ici<\/a>.<\/p>\n<p>Il existe encore de multiples possibilit\u00e9s au niveau de la robinetterie.<\/p>\n<p><\/div><\/p>\n<p><!-- Add code here that should appear in the content block of all new pages --><\/p>\n","protected":false},"excerpt":{"rendered":"<p>Comme le graphique ci-dessous le d\u00e9montre, les toilettes et l\u2019hygi\u00e8ne personnelle repr\u00e9sentent deux sources importantes de consommation d\u2019eau. Les actions pour diminuer la consommation d\u2019eau doivent donc se centrer prioritairement sur ces deux postes. Il convient de ne pas n\u00e9gliger les fuites d\u2019eau des installations qui peuvent \u00eatre \u00e0 l\u2019origine d\u2019une consommation tr\u00e8s importante. Le [&hellip;]<\/p>\n","protected":false},"author":1,"featured_media":0,"parent":369,"menu_order":27,"comment_status":"closed","ping_status":"closed","template":"","meta":{"_acf_changed":false,"footnotes":""},"class_list":["post-779","page","type-page","status-publish","hentry"],"acf":[],"_links":{"self":[{"href":"https:\/\/socialenergie.alysdev.be\/fr\/wp-json\/wp\/v2\/pages\/779","targetHints":{"allow":["GET"]}}],"collection":[{"href":"https:\/\/socialenergie.alysdev.be\/fr\/wp-json\/wp\/v2\/pages"}],"about":[{"href":"https:\/\/socialenergie.alysdev.be\/fr\/wp-json\/wp\/v2\/types\/page"}],"author":[{"embeddable":true,"href":"https:\/\/socialenergie.alysdev.be\/fr\/wp-json\/wp\/v2\/users\/1"}],"replies":[{"embeddable":true,"href":"https:\/\/socialenergie.alysdev.be\/fr\/wp-json\/wp\/v2\/comments?post=779"}],"version-history":[{"count":17,"href":"https:\/\/socialenergie.alysdev.be\/fr\/wp-json\/wp\/v2\/pages\/779\/revisions"}],"predecessor-version":[{"id":13444,"href":"https:\/\/socialenergie.alysdev.be\/fr\/wp-json\/wp\/v2\/pages\/779\/revisions\/13444"}],"up":[{"embeddable":true,"href":"https:\/\/socialenergie.alysdev.be\/fr\/wp-json\/wp\/v2\/pages\/369"}],"wp:attachment":[{"href":"https:\/\/socialenergie.alysdev.be\/fr\/wp-json\/wp\/v2\/media?parent=779"}],"curies":[{"name":"wp","href":"https:\/\/api.w.org\/{rel}","templated":true}]}}