{"id":78,"date":"2016-05-24T10:55:31","date_gmt":"2016-05-24T08:55:31","guid":{"rendered":"http:\/\/zl31wzsmw.preview.infomaniak.website\/_new2016\/?page_id=78"},"modified":"2025-10-28T11:58:56","modified_gmt":"2025-10-28T10:58:56","slug":"modes-de-paiement","status":"publish","type":"page","link":"https:\/\/socialenergie.alysdev.be\/fr\/factures\/paiement\/modes-de-paiement\/","title":{"rendered":"Modes de paiement de la facture"},"content":{"rendered":"<p class=\"SansinterligneCar\">Les fournisseurs ont l\u2019obligation de garantir des d\u00e9lais de paiement suffisamment longs et des possibilit\u00e9s de paiement flexibles.<\/p>\n<p>Les Ordonnances<a href=\"#_ftn1\" name=\"_ftnref1\">[1]<\/a> pr\u00e9voient que les fournisseurs doivent offrir un large choix de modes de paiement aux clients, et ne peuvent pas op\u00e9rer de discrimination en fonction du mode choisi. Par exemple, les clients qui choisissent de payer par virement et\/ou ceux qui choisissent de payer des provisions mensuelles ne doivent pas \u00eatre d\u00e9savantag\u00e9s.<\/p>\n<p class=\"info\"><strong>Mentionner clairement la communication structur\u00e9e lors de paiements\u00a0<\/strong>:<br \/>\nEn cas d\u2019arri\u00e9r\u00e9s de paiement, si la communication n\u2019est pas clairement mentionn\u00e9e, le montant vers\u00e9 par le consommateur viendra \u00e9purer prioritairement les dettes les plus anciennes. Cela aura pour cons\u00e9quence que des frais de recouvrement pourront \u00eatre imput\u00e9s pour une facture que l\u2019usager croira avoir pay\u00e9.<\/p>\n<p>Par exemple\u00a0: s\u2019il y a un arri\u00e9r\u00e9 de paiement d\u2019une facture interm\u00e9diaire (mois d\u2019avril), et que la personne paye la facture interm\u00e9diaire du mois de mai sans indiquer de communication structur\u00e9e, ce paiement viendra solder la facture interm\u00e9diaire non pay\u00e9e du mois d\u2019avril. Et par cons\u00e9quent, la personne recevra un rappel pour sa facture du mois de mai.<\/p>\n<p>Les fournisseurs offrent ainsi trois possibilit\u00e9s de paiement bancaires : paiement par virement, paiement par ordre permanent et paiement par domiciliation. Nous les d\u00e9taillons ci-apr\u00e8s.<\/p>\n<div class=\"title_code\">Paiement par virement<\/div>\n\n        <div class=\"content_code\">\n<p>Le virement bancaire est le transfert d&rsquo;un compte bancaire vers un autre compte bancaire. C\u2019est le mode de paiement le plus r\u00e9pandu.<\/p>\n<ul>\n<li>Avantage\u00a0: la personne garde le choix du moment o\u00f9 le compte sera d\u00e9bit\u00e9 de la somme factur\u00e9e.<\/li>\n<li>Inconv\u00e9nient\u00a0: la personne doit prendre elle-m\u00eame l\u2019initiative de faire r\u00e9guli\u00e8rement un virement et n\u2019est donc pas \u00e0 l\u2019abri d\u2019un oubli ou d\u2019une erreur de manipulation.<\/li>\n<\/ul>\n<p><\/div><div class=\"title_code\">Paiement par ordre permanent<\/div>\n\n        <div class=\"content_code\"><\/p>\n<p>L\u2019ordre permanent est un virement automatique. C\u2019est un mode de paiement qui permet de payer\u00a0\u00e0 dates r\u00e9currentes un montant fixe \u00e0 un m\u00eame b\u00e9n\u00e9ficiaire.<\/p>\n<ul>\n<li>Avantages\u00a0:\n<ul>\n<li>La personne se met \u00e0 l\u2019abri d\u2019un \u00e9ventuel oubli de paiement de facture.<\/li>\n<li>Elle peut choisir le jour du mois o\u00f9 le virement sera ex\u00e9cut\u00e9.<\/li>\n<\/ul>\n<\/li>\n<\/ul>\n<ul>\n<li>Inconv\u00e9nients\u00a0:\n<ul>\n<li>La personne doit rester attentive quand le montant de la facture interm\u00e9diaire change (apr\u00e8s une facture de r\u00e9gularisation) et op\u00e9rer \u00e0 temps le changement n\u00e9cessaire.<\/li>\n<li>Le paiement de la facture de r\u00e9gularisation n\u2019est pas pris en compte dans ce mode de paiement. La personne ne devra donc pas oublier de faire un virement sp\u00e9cifique (et de veiller \u00e0 ne pas virer de provision pour ce mois-l\u00e0).<\/li>\n<\/ul>\n<\/li>\n<\/ul>\n<p><\/div><div class=\"title_code\">Paiement par domiciliation bancaire<\/div>\n\n        <div class=\"content_code\"><\/p>\n<p>La domiciliation bancaire est un pr\u00e9l\u00e8vement automatique sur un <a href=\"http:\/\/www.becompta.be\/modules\/dictionnaire\/1512-comptable-compte-bancaire.html\" target=\"_blank\" rel=\"noopener noreferrer\">compte bancaire<\/a>. La personne donne l\u2019autorisation \u00e0 un b\u00e9n\u00e9ficiaire pr\u00e9cis de d\u00e9biter automatiquement de son <a href=\"http:\/\/www.becompta.be\/modules\/dictionnaire\/1073-comptable-compte.html\" target=\"_blank\" rel=\"noopener noreferrer\">compte<\/a> le montant figurant sur chaque <a href=\"http:\/\/www.becompta.be\/modules\/dictionnaire\/707-comptable-facture.html\" target=\"_blank\" rel=\"noopener noreferrer\">facture<\/a> re\u00e7ue.<\/p>\n<ul>\n<li>Avantage\u00a0:\n<ul>\n<li>La personne paiera toujours \u00e0 temps le montant exact de ses factures.<\/li>\n<\/ul>\n<\/li>\n<li>Inconv\u00e9nients\u00a0:\n<ul>\n<li>La personne n\u2019a pas le choix du moment o\u00f9 le montant factur\u00e9 sera d\u00e9bit\u00e9 de son compte.<\/li>\n<li>La personne n\u2019est pas \u00e0 l\u2019abri d\u2019un pr\u00e9l\u00e8vement erron\u00e9\u00a0; dans ce cas, elle devra entamer une proc\u00e9dure pour r\u00e9cup\u00e9rer la somme due.<\/li>\n<\/ul>\n<\/li>\n<\/ul>\n<p>Le fournisseur doit cependant respecter certaines r\u00e8gles, en cas de domiciliation\u00a0:<\/p>\n<ul>\n<li>Informer la personne de la p\u00e9riodicit\u00e9, des dates de pr\u00e9l\u00e8vements et du montant des paiements.<\/li>\n<li>Pr\u00e9voir un d\u00e9lai minimal de 15 jours calendrier entre une facture et l\u2019ex\u00e9cution de l\u2019ordre de domiciliation. Ce d\u00e9lai minimal ne pourra commencer \u00e0 courir que le troisi\u00e8me jour calendrier apr\u00e8s la date de l\u2019envoi de la facture par le fournisseur.<\/li>\n<li>Mentionner sur la facture que le paiement a lieu par domiciliation et la date \u00e0 laquelle o\u00f9 \u00e0 partir de laquelle l\u2019ordre de paiement est pr\u00e9sent\u00e9 \u00e0 la banque.<\/li>\n<li>Donner la possibilit\u00e9 \u00e0 la personne d\u2019exclure les factures de cl\u00f4ture et de d\u00e9compte de la domiciliation bancaire.<\/li>\n<\/ul>\n<p class=\"info\"><strong>Exclure les factures de r\u00e9gularisation et de cl\u00f4ture<\/strong>\u00a0:<br \/>\nIl est possible de choisir l\u2019option d\u2019exclusion des factures de cl\u00f4ture et de r\u00e9gularisation de la domiciliation bancaire. Vous pouvez conseiller \u00e0 vos usagers de cocher cette case. En effet, dans le cas contraire, l\u2019usager s\u2019expose \u00e0 des difficult\u00e9s puisque une somme potentiellement importante peut \u00eatre retir\u00e9e de son compte sans en maitriser le moment et sans n\u00e9gociation pr\u00e9alable d\u2019un plan de paiement.<\/p>\n<p class=\"attention\"><strong>S\u2019opposer \u00e0 une domiciliation<a href=\"#_ftn2\" name=\"_ftnref1\">[2]<\/a><br \/>\n<\/strong>Si un m\u00e9nage n\u2019a pas exclu sa facture de r\u00e9gularisation de la domiciliation et que son compte bancaire a \u00e9t\u00e9 pr\u00e9lev\u00e9 du montant, il peut s\u2019adresser \u00e0 sa banque pour r\u00e9cup\u00e9rer la somme pr\u00e9lev\u00e9e.<br \/>\nCependant, il doit imp\u00e9rativement le faire dans un d\u00e9lai de 8 semaines.<br \/>\nLa banque remboursera le m\u00e9nage et s\u2019adressera au fournisseur pour r\u00e9cup\u00e9rer le montant.<br \/>\nAttention : ce n\u2019est pas parce que la banque rembourse le montant au m\u00e9nage que le montant ne reste pas d\u00fb au fournisseur. Il reste donc important de contacter le fournisseur d\u2019\u00e9nergie pour n\u00e9gocier un plan d\u2019apurement, contester valablement le montant, etc.<\/p>\n<p><\/div><\/p>\n<p class=\"cadre small-font greybg\"><a name=\"_ftn1\"><\/a><\/a>[1]\u00a0<a href=\"https:\/\/www.ejustice.just.fgov.be\/cgi_loi\/change_lg.pl?language=fr&amp;amp;la=F&amp;amp;table_name=loi&amp;amp;cn=2001071901#Art.25duodecies\" target=\"_blank\" rel=\"noopener noreferrer\"> Article 25quattuordecies 4\u00b0de l\u2019Ordonnance du 19 juillet 2001<\/a> relative \u00e0 l\u2019organisation du march\u00e9 de l\u2019\u00e9lectricit\u00e9 en R\u00e9gion de Bruxelles-Capitale.<br \/>\n<a href=\"https:\/\/www.ejustice.just.fgov.be\/cgi_loi\/change_lg.pl?language=fr&amp;amp;la=F&amp;amp;cn=2004040150&amp;amp;table_name=loi\" target=\"_blank\" rel=\"noopener noreferrer\">Article 20undecies 4\u00b0 de l\u2019Ordonnance du 1er avril 2004<\/a> relative \u00e0 l\u2019organisation du march\u00e9 du gaz en R\u00e9gion de Bruxelles-Capitale, concernant des redevances de voiries en mati\u00e8re de gaz et d\u2019\u00e9lectricit\u00e9 et portant modification de l\u2019ordonnance du 19 juillet 2001 relative \u00e0 l\u2019organisation du march\u00e9 de l\u2019\u00e9lectricit\u00e9 en R\u00e9gion de Bruxelles-Capitale.<br \/>\n<a name=\"_ftn2\"><\/a><\/a>[2]Voir aussi\u00a0:\u00a0 <a href=\"https:\/\/www.wikifin.be\/fr\/budget-payer-emprunter-et-assurer\/cartes-de-paiement\/autres-moyens-de-paiement\/paiements\" target=\"_blank\" rel=\"noopener noreferrer\" target=\"_blank\" rel=\"noopener\">Wikifin<\/a><\/p>\n","protected":false},"excerpt":{"rendered":"<p>Les fournisseurs ont l\u2019obligation de garantir des d\u00e9lais de paiement suffisamment longs et des possibilit\u00e9s de paiement flexibles. Les Ordonnances[1] pr\u00e9voient que les fournisseurs doivent offrir un large choix de modes de paiement aux clients, et ne peuvent pas op\u00e9rer de discrimination en fonction du mode choisi. Par exemple, les clients qui choisissent de payer [&hellip;]<\/p>\n","protected":false},"author":1,"featured_media":0,"parent":76,"menu_order":310,"comment_status":"closed","ping_status":"closed","template":"","meta":{"_acf_changed":false,"footnotes":""},"class_list":["post-78","page","type-page","status-publish","hentry"],"acf":[],"_links":{"self":[{"href":"https:\/\/socialenergie.alysdev.be\/fr\/wp-json\/wp\/v2\/pages\/78","targetHints":{"allow":["GET"]}}],"collection":[{"href":"https:\/\/socialenergie.alysdev.be\/fr\/wp-json\/wp\/v2\/pages"}],"about":[{"href":"https:\/\/socialenergie.alysdev.be\/fr\/wp-json\/wp\/v2\/types\/page"}],"author":[{"embeddable":true,"href":"https:\/\/socialenergie.alysdev.be\/fr\/wp-json\/wp\/v2\/users\/1"}],"replies":[{"embeddable":true,"href":"https:\/\/socialenergie.alysdev.be\/fr\/wp-json\/wp\/v2\/comments?post=78"}],"version-history":[{"count":18,"href":"https:\/\/socialenergie.alysdev.be\/fr\/wp-json\/wp\/v2\/pages\/78\/revisions"}],"predecessor-version":[{"id":12146,"href":"https:\/\/socialenergie.alysdev.be\/fr\/wp-json\/wp\/v2\/pages\/78\/revisions\/12146"}],"up":[{"embeddable":true,"href":"https:\/\/socialenergie.alysdev.be\/fr\/wp-json\/wp\/v2\/pages\/76"}],"wp:attachment":[{"href":"https:\/\/socialenergie.alysdev.be\/fr\/wp-json\/wp\/v2\/media?parent=78"}],"curies":[{"name":"wp","href":"https:\/\/api.w.org\/{rel}","templated":true}]}}