{"id":7830,"date":"2022-06-20T14:27:33","date_gmt":"2022-06-20T12:27:33","guid":{"rendered":"https:\/\/0x1wxbcjas.preview.infomaniak.website\/?page_id=7830"},"modified":"2025-10-09T15:33:38","modified_gmt":"2025-10-09T13:33:38","slug":"allocation-loyer","status":"publish","type":"page","link":"https:\/\/socialenergie.alysdev.be\/fr\/logement\/aides-au-logement\/allocation-loyer\/","title":{"rendered":"Allocation loyer"},"content":{"rendered":"<p class=\"attention\">Cette partie du site web est en cours de mise \u00e0 jour.<\/p>\n<div class=\"title_code\">Qu\u2019est-ce l\u2019allocation loyer ?<\/div>\n\n        <div class=\"content_code\"><\/p>\n<p>L\u2019allocation loyer est une aide financi\u00e8re\u00a0qui permet de\u00a0couvrir une partie du loyer\u00a0du b\u00e9n\u00e9ficiaire\u00a0en attendant l\u2019attribution d\u2019un logement social.<\/p>\n<p><a class=\"button\" href=\"https:\/\/logement.brussels\/wp-content\/uploads\/2024\/05\/2021_08_brochure-allocation-loyer_BAT_mai24_FR.pdf\" target=\"_blank\" rel=\"noopener\">Plus d&rsquo;infos<\/a><\/p>\n<p><\/div>\n<div class=\"title_code\">Quelles sont les conditions \u00e0 remplir pour b\u00e9n\u00e9ficier de l\u2019allocation loyer ?<\/div>\n\n        <div class=\"content_code\"><\/p>\n<p><em>Ces conditions sont cumulatives.<\/em><\/p>\n<p>Concernant le logement actuel\u00a0:<\/p>\n<ul>\n<li>Il doit \u00eatre situ\u00e9 en R\u00e9gion de Bruxelles-Capitale et le demandeur doit y \u00eatre domicili\u00e9,<\/li>\n<li>Il est lou\u00e9 avec un contrat de r\u00e9sidence principale,<\/li>\n<li>Il n\u2019est pas mis en location par une agence immobili\u00e8re sociale (AIS),<\/li>\n<li>Il n\u2019appartient pas \u00e0 un membre de la famille du demandeur jusqu\u2019au 2e degr\u00e9.<\/li>\n<\/ul>\n<p><strong>Concernant les conditions de revenus<\/strong><\/p>\n<table>\n<tbody>\n<tr>\n<td style=\"text-align: center;\" width=\"435\"><\/td>\n<td style=\"text-align: center;\" width=\"435\">\n<h4 style=\"text-align: left;\"><strong>Famille monoparentale<\/strong><\/h4>\n<\/td>\n<td width=\"435\">\n<h4 style=\"text-align: left;\"><strong>Autres familles<\/strong><\/h4>\n<\/td>\n<\/tr>\n<tr>\n<td rowspan=\"2\" width=\"435\">\n<h4 style=\"text-align: left;\"><strong>Seuils des revenus annuels<\/strong><\/h4>\n<\/td>\n<td width=\"435\">\u2264 20.763,88 \u20ac (correspond au plafond d\u2019octroi de l\u2019allocation major\u00e9e)<\/td>\n<td width=\"435\">pour une personne isol\u00e9e :<br \/>\n\u2264 12.293,82 \u20ac (correspond au RIS)<\/td>\n<\/tr>\n<tr>\n<td width=\"435\"><\/td>\n<td width=\"435\">pour un m\u00e9nage compos\u00e9 de plusieurs personnes :<br \/>\n\u2264 16.614,44 \u20ac (correspond au RIS)<\/td>\n<\/tr>\n<\/tbody>\n<\/table>\n<p>&nbsp;<\/p>\n<p><strong>Concernant le nombre de titres de priorit\u00e9s sur la liste d\u2019attente du logement social<\/strong><\/p>\n<table>\n<tbody>\n<tr>\n<td style=\"text-align: left;\" width=\"435\"><\/td>\n<td style=\"text-align: left;\" width=\"435\">\n<h4><strong>Famille monoparentale<\/strong><\/h4>\n<\/td>\n<td width=\"435\">\n<h4 style=\"text-align: left;\"><strong>Autres familles<\/strong><\/h4>\n<\/td>\n<\/tr>\n<tr>\n<td width=\"435\">\n<h4 style=\"text-align: left;\"><strong>Nombre de titres de priorit\u00e9s sur la liste d\u2019attente du logement social<\/strong><\/h4>\n<\/td>\n<td width=\"435\">Au minimum 2 titres<\/td>\n<td width=\"435\">Au minimum 6 titres<\/td>\n<\/tr>\n<\/tbody>\n<\/table>\n<p><\/div>\n<div class=\"title_code\">Calcul du montant de l\u2019allocation loyer<\/div>\n\n        <div class=\"content_code\"><\/p>\n<p>Le montant de l\u2019allocation varie selon les revenus per\u00e7us et la composition du m\u00e9nage.<\/p>\n<table>\n<tbody>\n<tr>\n<td width=\"302\">\n<p style=\"text-align: left;\">\n<\/td>\n<td style=\"text-align: left;\" width=\"302\"><strong>Montant de base<\/strong><\/td>\n<td width=\"302\">\n<p style=\"text-align: left;\"><strong>Majoration<\/strong><\/p>\n<\/td>\n<\/tr>\n<tr>\n<td width=\"302\"><strong>Famille monoparentale avec revenus<\/strong><strong><br \/>\n\u2264 16.614,44 \u20ac\u00a0<\/strong><\/td>\n<td width=\"302\">160\u20ac\/ mois<\/td>\n<td width=\"302\">40\u20ac\/ enfant<\/td>\n<\/tr>\n<tr>\n<td width=\"302\"><strong>Famille monoparentale avec revenus<\/strong><strong><br \/>\n&gt; 16.614,44 \u20ac mais \u2264 20.763,88 \u20ac<\/strong><\/td>\n<td width=\"302\">120\u20ac\/ mois<\/td>\n<td width=\"302\">40\u20ac\/ enfant<\/td>\n<\/tr>\n<tr>\n<td width=\"302\"><strong>Autres familles<\/strong><\/td>\n<td width=\"302\">160\u20ac\/ mois<\/td>\n<td width=\"302\">20\u20ac\/ enfant<\/td>\n<\/tr>\n<\/tbody>\n<\/table>\n<p><\/div>\n<div class=\"title_code\">Pendant combien de temps l\u2019allocation loyer est-elle accord\u00e9e ?<\/div>\n\n        <div class=\"content_code\"><\/p>\n<p>L\u2019allocation loyer est octroy\u00e9e pour une p\u00e9riode de 5 ans.<\/p>\n<p>Apr\u00e8s la premi\u00e8re p\u00e9riode de 5 ans, l\u2019Administration v\u00e9rifiera si les conditions sont toujours remplies pour continuer \u00e0 percevoir l\u2019allocation pour une nouvelle p\u00e9riode de 5 ans.<\/p>\n<p>Apr\u00e8s ces deux p\u00e9riodes d\u2019octroi, uniquement les dossiers des m\u00e9nages comportant une personne \u00e2g\u00e9e de 65 ans ou plus ou une personne \u00e9tant reconnue comme handicap\u00e9e (66% ou 9 points) seront \u00e0 nouveau analys\u00e9s pour \u00e9ventuellement prolonger le paiement de l\u2019allocation.<\/p>\n<p><\/div>\n<div class=\"title_code\">D\u00e9marches \u00e0 accomplir pour recevoir l\u2019allocation loyer<\/div>\n\n        <div class=\"content_code\"><\/p>\n<p>L\u2018octroi de l\u2019aide n\u2019est pas automatique. Il faut la solliciter via le formulaire :<\/p>\n<p><a href=\"https:\/\/logement.brussels\/wp-content\/uploads\/2021\/10\/Formulaire-Allocation-loyer-FR-20211019.pdf\" target=\"_blank\" rel=\"noopener noreferrer\">Formulaire de demande de l\u2019allocation loyer<\/a><\/p>\n<p>Pour plus d\u2019informations sur l\u2019allocation loyer :\u00a0<a href=\"https:\/\/logement.brussels\/louer\/allocation-loyer\/\" target=\"_blank\" rel=\"noopener noreferrer\">Bruxelles logement \u2013 Allocation loyer<\/a><\/p>\n<h3><span style=\"color: #00849f;\">Contact\u00a0:<\/span><\/h3>\n<h4>Bruxelles Logement<br \/>\n<em>Service public r\u00e9gional de Bruxelles<\/em><br \/>\nPlace Saint-Lazare 2 \u2013 1035 Bruxelles<br \/>\nT\u00e9l\u00e9phone : 0800\/40.400<br \/>\n<em>(tapez 4 pour toute information sur le logement \u2013 lundi, mercredi et vendredi de 9h \u00e0 12h)<\/em><br \/>\nEmail :\u00a0<a href=\"mailto:logement@sprb.brussels\">logement@sprb.brussels<\/a><\/h4>\n<p><\/div>\n","protected":false},"excerpt":{"rendered":"<p>Cette partie du site web est en cours de mise \u00e0 jour.<\/p>\n","protected":false},"author":3,"featured_media":0,"parent":536,"menu_order":40,"comment_status":"closed","ping_status":"closed","template":"","meta":{"_acf_changed":false,"footnotes":""},"class_list":["post-7830","page","type-page","status-publish","hentry"],"acf":[],"_links":{"self":[{"href":"https:\/\/socialenergie.alysdev.be\/fr\/wp-json\/wp\/v2\/pages\/7830","targetHints":{"allow":["GET"]}}],"collection":[{"href":"https:\/\/socialenergie.alysdev.be\/fr\/wp-json\/wp\/v2\/pages"}],"about":[{"href":"https:\/\/socialenergie.alysdev.be\/fr\/wp-json\/wp\/v2\/types\/page"}],"author":[{"embeddable":true,"href":"https:\/\/socialenergie.alysdev.be\/fr\/wp-json\/wp\/v2\/users\/3"}],"replies":[{"embeddable":true,"href":"https:\/\/socialenergie.alysdev.be\/fr\/wp-json\/wp\/v2\/comments?post=7830"}],"version-history":[{"count":6,"href":"https:\/\/socialenergie.alysdev.be\/fr\/wp-json\/wp\/v2\/pages\/7830\/revisions"}],"predecessor-version":[{"id":12028,"href":"https:\/\/socialenergie.alysdev.be\/fr\/wp-json\/wp\/v2\/pages\/7830\/revisions\/12028"}],"up":[{"embeddable":true,"href":"https:\/\/socialenergie.alysdev.be\/fr\/wp-json\/wp\/v2\/pages\/536"}],"wp:attachment":[{"href":"https:\/\/socialenergie.alysdev.be\/fr\/wp-json\/wp\/v2\/media?parent=7830"}],"curies":[{"name":"wp","href":"https:\/\/api.w.org\/{rel}","templated":true}]}}