{"id":80,"date":"2016-05-24T10:55:53","date_gmt":"2016-05-24T08:55:53","guid":{"rendered":"http:\/\/zl31wzsmw.preview.infomaniak.website\/_new2016\/?page_id=80"},"modified":"2025-10-28T11:22:00","modified_gmt":"2025-10-28T10:22:00","slug":"decompte-de-charges","status":"publish","type":"page","link":"https:\/\/socialenergie.alysdev.be\/fr\/factures\/decompte-de-charges\/","title":{"rendered":"Le d\u00e9compte de charges"},"content":{"rendered":"<p>1. D\u00e9finition<\/p>\n<ul>\n<li>Pour quels types d&rsquo;installation re\u00e7oit- on un d\u00e9compte de charges ?<\/li>\n<li>Qui \u00e9tablit le d\u00e9compte ?<\/li>\n<li>Mentions dans le contrat de bail<\/li>\n<li>Forfaits et provisions<\/li>\n<\/ul>\n<p>2. Comment est-il calcul\u00e9 ?<\/p>\n<ul>\n<li>Cl\u00e9 de r\u00e9partition ou instruments de mesure<\/li>\n<li>Frais fixes et frais variables<\/li>\n<li>R\u00e9partition entre frais de chauffage et d&rsquo;eau chaude<\/li>\n<li>Sp\u00e9cificit\u00e9s li\u00e9es au type de logement<\/li>\n<li>Exemple concret<\/li>\n<\/ul>\n<p>3. La cl\u00e9 de r\u00e9partition<\/p>\n<p>4. Les instruments de mesure<\/p>\n<ul>\n<li>Pour le chauffage<\/li>\n<li>Pour l&rsquo;eau<\/li>\n<\/ul>\n<p>5. Le relev\u00e9<\/p>\n<ul>\n<li>Comment se d\u00e9roule le relev\u00e9 ?<\/li>\n<li>Contestation du relev\u00e9<\/li>\n<\/ul>\n<p>6. Exemples de d\u00e9comptes<\/p>\n<p>&nbsp;<\/p>\n","protected":false},"excerpt":{"rendered":"<p>1. D\u00e9finition Pour quels types d&rsquo;installation re\u00e7oit- on un d\u00e9compte de charges ? Qui \u00e9tablit le d\u00e9compte ? Mentions dans le contrat de bail Forfaits et provisions 2. Comment est-il calcul\u00e9 ? Cl\u00e9 de r\u00e9partition ou instruments de mesure Frais fixes et frais variables R\u00e9partition entre frais de chauffage et d&rsquo;eau chaude Sp\u00e9cificit\u00e9s li\u00e9es au [&hellip;]<\/p>\n","protected":false},"author":1,"featured_media":0,"parent":18,"menu_order":259,"comment_status":"closed","ping_status":"closed","template":"","meta":{"_acf_changed":false,"footnotes":""},"class_list":["post-80","page","type-page","status-publish","hentry"],"acf":[],"_links":{"self":[{"href":"https:\/\/socialenergie.alysdev.be\/fr\/wp-json\/wp\/v2\/pages\/80","targetHints":{"allow":["GET"]}}],"collection":[{"href":"https:\/\/socialenergie.alysdev.be\/fr\/wp-json\/wp\/v2\/pages"}],"about":[{"href":"https:\/\/socialenergie.alysdev.be\/fr\/wp-json\/wp\/v2\/types\/page"}],"author":[{"embeddable":true,"href":"https:\/\/socialenergie.alysdev.be\/fr\/wp-json\/wp\/v2\/users\/1"}],"replies":[{"embeddable":true,"href":"https:\/\/socialenergie.alysdev.be\/fr\/wp-json\/wp\/v2\/comments?post=80"}],"version-history":[{"count":6,"href":"https:\/\/socialenergie.alysdev.be\/fr\/wp-json\/wp\/v2\/pages\/80\/revisions"}],"predecessor-version":[{"id":11765,"href":"https:\/\/socialenergie.alysdev.be\/fr\/wp-json\/wp\/v2\/pages\/80\/revisions\/11765"}],"up":[{"embeddable":true,"href":"https:\/\/socialenergie.alysdev.be\/fr\/wp-json\/wp\/v2\/pages\/18"}],"wp:attachment":[{"href":"https:\/\/socialenergie.alysdev.be\/fr\/wp-json\/wp\/v2\/media?parent=80"}],"curies":[{"name":"wp","href":"https:\/\/api.w.org\/{rel}","templated":true}]}}