{"id":9010,"date":"2023-07-13T15:46:26","date_gmt":"2023-07-13T13:46:26","guid":{"rendered":"https:\/\/0x1wxbcjas.preview.infomaniak.website\/?page_id=9010"},"modified":"2025-12-22T13:38:48","modified_gmt":"2025-12-22T12:38:48","slug":"intervention-sociale","status":"publish","type":"page","link":"https:\/\/socialenergie.alysdev.be\/fr\/eau\/mesures-sociales\/intervention-sociale\/","title":{"rendered":"Intervention sociale"},"content":{"rendered":"<p>Les autorit\u00e9s r\u00e9gionales ont pr\u00e9vu une intervention sociale dans le prix de l\u2019eau pour les b\u00e9n\u00e9ficiaires de l\u2019intervention major\u00e9e (BIM).<\/p>\n<p><span style=\"color: #00849f;\"><strong>Qui est concern\u00e9 ?<\/strong><\/span><\/p>\n<p>Pour b\u00e9n\u00e9ficier de l\u2019intervention, un membre du m\u00e9nage doit b\u00e9n\u00e9ficier du statut BIM \u00e0 la date du 1er janvier de l\u2019ann\u00e9e concern\u00e9e.<br \/>\nLes personnes qui se voient octroyer ce statut apr\u00e8s le 1er janvier ne b\u00e9n\u00e9ficieront pas de l&rsquo;intervention sociale pour l&rsquo;ann\u00e9e en cours.<br \/>\nPar contre, si le statut est perdu en cours d\u2019ann\u00e9e, l\u2019intervention reste due pour l\u2019ann\u00e9e compl\u00e8te.<\/p>\n<p class=\"info\"><span style=\"color: #00849f;\"><strong>Statut BIM \u2013 Comment en b\u00e9n\u00e9ficier ?<br \/>\n<\/strong><\/span><br \/>\nLe statut BIM (\u00ab BIM avantages \u00bb) est octroy\u00e9 <strong>automatiquement par la mutuelle <\/strong>sur base :<br \/>\n<strong>1. D\u2019allocations sociales :<\/strong><br \/>\n\u2022 Avoir b\u00e9n\u00e9fici\u00e9 du revenu d\u2019int\u00e9gration sociale (R.I.S.) ou une aide \u00e9quivalente sur une p\u00e9riode de 3 mois ininterrompus ;<br \/>\n\u2022 Percevoir le revenu garanti aux personnes \u00e2g\u00e9es (GRAPA) ;<br \/>\n\u2022 Pr\u00e9senter un handicap et b\u00e9n\u00e9ficier d\u2019une allocation ;<br \/>\n\u2022 Recevoir une allocation pour un enfant \u00e0 charge atteint d\u2019un handicap d\u2019au moins 66%.<br \/>\n<strong>2. Ou d\u2019un statut :<\/strong><br \/>\n\u2022 Mineurs \u00e9trangers non accompagn\u00e9s (MENA) ;<br \/>\n\u2022 Orphelins qui ont perdu leurs deux parents et qui ont moins de 25 ans.<br \/>\nIl peut \u00e9galement \u00eatre <strong>sollicit\u00e9 aupr\u00e8s de la mutuelle <\/strong>dans les cas suivants (\u00ab BIM revenus \u00bb) :<br \/>\n<strong>1. Si le demandeur.euse est :<\/strong><br \/>\n\u2022 Veuf\u00b7ve, invalide, pensionn\u00e9\u00b7e ;<br \/>\n\u2022 Reconnu\u00b7e comme personne handicap\u00e9e ;<br \/>\n\u2022 Ch\u00f4meur\u00b7se complet\u00b7\u00e8te ou en incapacit\u00e9 de travail depuis au moins un an ;<br \/>\n\u2022 Famille monoparentale et que ses revenus actuels (du mois pr\u00e9c\u00e9dant la demande) ne d\u00e9passent pas un certain plafond.<br \/>\n<strong>2. Si les revenus de l\u2019ann\u00e9e pr\u00e9c\u00e9dente du m\u00e9nage ne d\u00e9passent pas un plafond annuel.<\/strong><\/p>\n<p><span style=\"color: #00849f;\"><strong>Comment cette intervention est-elle vers\u00e9e ?<\/strong><\/span><\/p>\n<p>Si le m\u00e9nage dispose d\u2019un compteur individuel Vivaqua, le montant de l\u2019intervention sera automatiquement d\u00e9duit de la facture d&rsquo;eau (trimestrielle ou de r\u00e9gularisation) qui suivra la consultation de la Banque Carrefour (BCSS)<a href=\"https:\/\/socialenergie.alysdev.be\/eau\/mesures-sociales\/intervention-sociale\/#_ftn1\" target=\"_blank\" rel=\"noopener noreferrer\" name=\"_ftnref1\">1<\/a>.<\/p>\n<p>Si le compteur est collectif (commun \u00e0 l\u2019immeuble ou \u00e0 plusieurs logements), la personne concern\u00e9e devra solliciter l\u2019intervention \u00e0 l\u2019aide d\u2019un <a href=\"https:\/\/svw.cevi.be\/BurgertoolVivaqua2025\/CeviCompensatie\/Registreer\/V08\/fr\" target=\"_blank\" rel=\"noopener noreferrer\">formulaire disponible<\/a> sur le site de Vivaqua.<\/p>\n<p><strong><span style=\"color: #00849f;\">Quel est le montant\u00a0?<\/span><\/strong><a href=\"https:\/\/socialenergie.alysdev.be\/eau\/mesures-sociales\/intervention-sociale\/#_ftn2\" target=\"_blank\" rel=\"noopener noreferrer\" name=\"_ftnref2\">2<\/a><\/p>\n<p>Vivaqua se base sur le nombre de personnes domicili\u00e9es \u00e0 la m\u00eame adresse au 1er janvier de l\u2019ann\u00e9e.<\/p>\n<p>Les montants de l\u2019intervention seront index\u00e9s \u00e0 la date anniversaire de l&rsquo;entr\u00e9e en vigueur de l\u2019arr\u00eat\u00e9, en fonction de l&rsquo;indice des prix \u00e0 la consommation en vigueur le mois pr\u00e9c\u00e9dent.<\/p>\n<p>Pour l&rsquo;ann\u00e9e 2025, sous r\u00e9serve d&rsquo;un accord d\u00e9finitif du gouvernement, le montant index\u00e9 de l&rsquo;intervention sociale s&rsquo;\u00e9l\u00e8vera \u00e0 57,51\u20ac + 52,28\u20ac par personne suppl\u00e9mentaire.<\/p>\n<p>La R\u00e9gion bruxelloise est particuli\u00e8rement confront\u00e9e au ph\u00e9nom\u00e8ne du non-recours.<\/p>\n<p>Il est imp\u00e9ratif que l\u2019ensemble des acteurs veillent \u00e0 ce que le public concern\u00e9 sollicite tant le statut BIM que l\u2019intervention sociale de Vivaqua \u00e0 laquelle il peut pr\u00e9tendre, sp\u00e9cifiquement en cas de compteur collectif.<\/p>\n<p>&nbsp;<\/p>\n<p class=\"greybg\"><a href=\"https:\/\/socialenergie.alysdev.be\/eau\/mesures-sociales\/intervention-sociale\/#_ftnref1\" target=\"_blank\" rel=\"noopener noreferrer\" name=\"_ftn1\">1<\/a> Attention : pour l&rsquo;ann\u00e9e 2023, l&rsquo;automaticit\u00e9 ne sera pas encore effective. Les m\u00e9nages \u00e9quip\u00e9s d&rsquo;un compteur individuel devront \u00e9galement compl\u00e9ter un formulaire.<\/p>\n<p class=\"greybg\"><a href=\"https:\/\/socialenergie.alysdev.be\/eau\/mesures-sociales\/intervention-sociale\/#_ftnref2\" target=\"_blank\" rel=\"noopener noreferrer\" name=\"_ftn2\">2<\/a> Ces montants sont d\u00e9finis par l&rsquo;Arr\u00eat\u00e9 du Gouvernement de la R\u00e9gion de Bruxelles-Capitale du 1er juin 2023 modifiant l&rsquo;Arr\u00eat\u00e9 du Gouvernement de la R\u00e9gion de Bruxelles-Capitale du 1er juin 2022 portant ex\u00e9cution de certaines mesures sociales pr\u00e9vues dans l\u2019ordonnance du 20 octobre 2006 \u00e9tablissant un cadre pour la politique de l\u2019eau. Ces montants sont index\u00e9s \u00e0 la date anniversaire de l\u2019entr\u00e9e en vigueur de l&rsquo;arr\u00eat\u00e9, en fonction de l\u2019indice des prix \u00e0 la consommation.<\/p>\n<p>&nbsp;<\/p>\n","protected":false},"excerpt":{"rendered":"<p>Les autorit\u00e9s r\u00e9gionales ont pr\u00e9vu une intervention sociale dans le prix de l\u2019eau pour les b\u00e9n\u00e9ficiaires de l\u2019intervention major\u00e9e (BIM). Qui est concern\u00e9 ? Pour b\u00e9n\u00e9ficier de l\u2019intervention, un membre du m\u00e9nage doit b\u00e9n\u00e9ficier du statut BIM \u00e0 la date du 1er janvier de l\u2019ann\u00e9e concern\u00e9e. Les personnes qui se voient octroyer ce statut apr\u00e8s [&hellip;]<\/p>\n","protected":false},"author":3,"featured_media":0,"parent":377,"menu_order":240,"comment_status":"closed","ping_status":"closed","template":"","meta":{"_acf_changed":false,"footnotes":""},"class_list":["post-9010","page","type-page","status-publish","hentry"],"acf":[],"_links":{"self":[{"href":"https:\/\/socialenergie.alysdev.be\/fr\/wp-json\/wp\/v2\/pages\/9010","targetHints":{"allow":["GET"]}}],"collection":[{"href":"https:\/\/socialenergie.alysdev.be\/fr\/wp-json\/wp\/v2\/pages"}],"about":[{"href":"https:\/\/socialenergie.alysdev.be\/fr\/wp-json\/wp\/v2\/types\/page"}],"author":[{"embeddable":true,"href":"https:\/\/socialenergie.alysdev.be\/fr\/wp-json\/wp\/v2\/users\/3"}],"replies":[{"embeddable":true,"href":"https:\/\/socialenergie.alysdev.be\/fr\/wp-json\/wp\/v2\/comments?post=9010"}],"version-history":[{"count":12,"href":"https:\/\/socialenergie.alysdev.be\/fr\/wp-json\/wp\/v2\/pages\/9010\/revisions"}],"predecessor-version":[{"id":13416,"href":"https:\/\/socialenergie.alysdev.be\/fr\/wp-json\/wp\/v2\/pages\/9010\/revisions\/13416"}],"up":[{"embeddable":true,"href":"https:\/\/socialenergie.alysdev.be\/fr\/wp-json\/wp\/v2\/pages\/377"}],"wp:attachment":[{"href":"https:\/\/socialenergie.alysdev.be\/fr\/wp-json\/wp\/v2\/media?parent=9010"}],"curies":[{"name":"wp","href":"https:\/\/api.w.org\/{rel}","templated":true}]}}