{"id":92,"date":"2016-05-24T11:27:01","date_gmt":"2016-05-24T09:27:01","guid":{"rendered":"http:\/\/zl31wzsmw.preview.infomaniak.website\/_new2016\/?page_id=92"},"modified":"2022-07-14T14:45:54","modified_gmt":"2022-07-14T12:45:54","slug":"permanence-telephonique","status":"publish","type":"page","link":"https:\/\/socialenergie.alysdev.be\/fr\/permanence-telephonique\/","title":{"rendered":"Permanence t\u00e9l\u00e9phonique"},"content":{"rendered":"<p>Vous pouvez prendre contact avec notre \u00e9quipe pour vous aider \u00e0 comprendre les probl\u00e9matiques rencontr\u00e9es par vos usagers.<\/p>\n<p class=\"cadre\" align=\"center\"><span style=\"color: #fea019;\"><strong>Permanence t\u00e9l\u00e9phonique SocialEnergie :<br \/>\n02 526 03 00<br \/>\n<\/strong><\/span><span style=\"color: #fea019;\"><span style=\"color: #fea019;\"><b>Du lundi au vendredi, de 9h30 \u00e0 16h30 (except\u00e9 jours f\u00e9ri\u00e9s)<\/b><\/span><br \/>\n<\/span><\/p>\n<p style=\"text-align: left;\" align=\"center\">La permanence est destin\u00e9e exclusivement aux travailleurs sociaux de la R\u00e9gion de Bruxelles-Capitale.<br \/>\nSocialEnergie se r\u00e9serve le droit de refuser le traitement de tout appel ne r\u00e9pondant pas \u00e0 ce crit\u00e8re.<\/p>\n<p class=\"greybg small-font\" align=\"center\">Pour tout commentaire, remarque ou suggestion concernant ce site, vous pouvez envoyer un mail \u00e0 <a href=\"mailto:socialenergie@fdss.be\">socialenergie@fdss.be<\/a>.<\/p>\n","protected":false},"excerpt":{"rendered":"<p>Vous pouvez prendre contact avec notre \u00e9quipe pour vous aider \u00e0 comprendre les probl\u00e9matiques rencontr\u00e9es par vos usagers. Permanence t\u00e9l\u00e9phonique SocialEnergie : 02 526 03 00 Du lundi au vendredi, de 9h30 \u00e0 16h30 (except\u00e9 jours f\u00e9ri\u00e9s) La permanence est destin\u00e9e exclusivement aux travailleurs sociaux de la R\u00e9gion de Bruxelles-Capitale. SocialEnergie se r\u00e9serve le droit [&hellip;]<\/p>\n","protected":false},"author":1,"featured_media":0,"parent":0,"menu_order":377,"comment_status":"closed","ping_status":"closed","template":"temp_fullcontent.php","meta":{"_acf_changed":false,"footnotes":""},"class_list":["post-92","page","type-page","status-publish","hentry"],"acf":[],"_links":{"self":[{"href":"https:\/\/socialenergie.alysdev.be\/fr\/wp-json\/wp\/v2\/pages\/92","targetHints":{"allow":["GET"]}}],"collection":[{"href":"https:\/\/socialenergie.alysdev.be\/fr\/wp-json\/wp\/v2\/pages"}],"about":[{"href":"https:\/\/socialenergie.alysdev.be\/fr\/wp-json\/wp\/v2\/types\/page"}],"author":[{"embeddable":true,"href":"https:\/\/socialenergie.alysdev.be\/fr\/wp-json\/wp\/v2\/users\/1"}],"replies":[{"embeddable":true,"href":"https:\/\/socialenergie.alysdev.be\/fr\/wp-json\/wp\/v2\/comments?post=92"}],"version-history":[{"count":18,"href":"https:\/\/socialenergie.alysdev.be\/fr\/wp-json\/wp\/v2\/pages\/92\/revisions"}],"predecessor-version":[{"id":8121,"href":"https:\/\/socialenergie.alysdev.be\/fr\/wp-json\/wp\/v2\/pages\/92\/revisions\/8121"}],"wp:attachment":[{"href":"https:\/\/socialenergie.alysdev.be\/fr\/wp-json\/wp\/v2\/media?parent=92"}],"curies":[{"name":"wp","href":"https:\/\/api.w.org\/{rel}","templated":true}]}}