{"id":932,"date":"2016-06-07T09:37:31","date_gmt":"2016-06-07T07:37:31","guid":{"rendered":"http:\/\/zl31wzsmw.preview.infomaniak.website\/_new2016\/fr\/?page_id=932"},"modified":"2016-06-07T11:01:32","modified_gmt":"2016-06-07T09:01:32","slug":"consommations-de-reference","status":"publish","type":"page","link":"https:\/\/socialenergie.alysdev.be\/fr\/consommation\/consommations-de-reference\/","title":{"rendered":"Consommations de r\u00e9f\u00e9rence"},"content":{"rendered":"<ul>\n<li><a href=\"https:\/\/socialenergie.alysdev.be\/consommation\/consommations-de-reference\/comparer-aux-consommations-de-reference\/\" target=\"_blank\" rel=\"noopener noreferrer\">Comparer la consommation d&rsquo;un m\u00e9nage \u00e0 une r\u00e9f\u00e9rence<\/a><\/li>\n<li><a href=\"https:\/\/socialenergie.alysdev.be\/consommation\/consommations-de-reference\/expliquer-les-differences-par-rapport-aux-consommations-de-reference\/\" target=\"_blank\" rel=\"noopener noreferrer\">Expliquer les diff\u00e9rences entre la consommation d&rsquo;un m\u00e9nage et la consommation de r\u00e9f\u00e9rence<\/a><\/li>\n<\/ul>\n","protected":false},"excerpt":{"rendered":"<p>Comparer la consommation d&rsquo;un m\u00e9nage \u00e0 une r\u00e9f\u00e9rence Expliquer les diff\u00e9rences entre la consommation d&rsquo;un m\u00e9nage et la consommation de r\u00e9f\u00e9rence<\/p>\n","protected":false},"author":1,"featured_media":0,"parent":142,"menu_order":139,"comment_status":"closed","ping_status":"closed","template":"","meta":{"_acf_changed":false,"footnotes":""},"class_list":["post-932","page","type-page","status-publish","hentry"],"acf":[],"_links":{"self":[{"href":"https:\/\/socialenergie.alysdev.be\/fr\/wp-json\/wp\/v2\/pages\/932","targetHints":{"allow":["GET"]}}],"collection":[{"href":"https:\/\/socialenergie.alysdev.be\/fr\/wp-json\/wp\/v2\/pages"}],"about":[{"href":"https:\/\/socialenergie.alysdev.be\/fr\/wp-json\/wp\/v2\/types\/page"}],"author":[{"embeddable":true,"href":"https:\/\/socialenergie.alysdev.be\/fr\/wp-json\/wp\/v2\/users\/1"}],"replies":[{"embeddable":true,"href":"https:\/\/socialenergie.alysdev.be\/fr\/wp-json\/wp\/v2\/comments?post=932"}],"version-history":[{"count":2,"href":"https:\/\/socialenergie.alysdev.be\/fr\/wp-json\/wp\/v2\/pages\/932\/revisions"}],"predecessor-version":[{"id":957,"href":"https:\/\/socialenergie.alysdev.be\/fr\/wp-json\/wp\/v2\/pages\/932\/revisions\/957"}],"up":[{"embeddable":true,"href":"https:\/\/socialenergie.alysdev.be\/fr\/wp-json\/wp\/v2\/pages\/142"}],"wp:attachment":[{"href":"https:\/\/socialenergie.alysdev.be\/fr\/wp-json\/wp\/v2\/media?parent=932"}],"curies":[{"name":"wp","href":"https:\/\/api.w.org\/{rel}","templated":true}]}}