{"id":934,"date":"2016-06-07T09:38:11","date_gmt":"2016-06-07T07:38:11","guid":{"rendered":"http:\/\/zl31wzsmw.preview.infomaniak.website\/_new2016\/fr\/?page_id=934"},"modified":"2023-01-25T15:04:15","modified_gmt":"2023-01-25T14:04:15","slug":"comparer-aux-consommations-de-reference","status":"publish","type":"page","link":"https:\/\/socialenergie.alysdev.be\/fr\/consommation\/consommations-de-reference\/comparer-aux-consommations-de-reference\/","title":{"rendered":"Comparer aux consommations de r\u00e9f\u00e9rence"},"content":{"rendered":"<p>D\u00e9celer une situation de \u00ab sur-consommation \u00bb ou de \u00ab sous-consommation \u00bb \u00e9nerg\u00e9tique chez un m\u00e9nage peut s\u2019av\u00e9rer difficile. Pour d\u00e9terminer si la consommation d\u2019un m\u00e9nage se situe \u00ab\u00a0dans la moyenne\u00a0\u00bb, il est utile de pouvoir comparer la <a href=\"https:\/\/socialenergie.alysdev.be\/consommation\/connaitre-la-consommation\/trouver-les-donnees-de-consommation\/\" target=\"_blank\" rel=\"noopener noreferrer\">consommation r\u00e9elle<\/a> du m\u00e9nage \u00e0 la consommation moyenne d\u2019un m\u00e9nage vivant dans des conditions similaires.<\/p>\n<p><strong>Utilisez le module de calcul<\/strong> ci-dessous pour connaitre la consommation de r\u00e9f\u00e9rence d\u2019un m\u00e9nage. Le module de calcul d\u00e9termine, en fonction des caract\u00e9ristiques du m\u00e9nage et du logement occup\u00e9, une consommation moyenne d\u2019eau, de gaz et d\u2019\u00e9lectricit\u00e9.Cet outil est destin\u00e9 \u00e0 vous donner un indice pour identifier une situation probl\u00e9matique de consommation d\u2019\u00e9nergie (\u00e9quipements \u00e9nergivores, d\u00e9perditions d&rsquo;\u00e9nergie, probl\u00e8mes d\u2019index sur une facture de d\u00e9compte, etc.). La consommation de r\u00e9f\u00e9rence ne peut en aucun cas \u00eatre interpr\u00e9t\u00e9e comme une norme.<\/p>\n<p class=\"attention\">Ces consommations de r\u00e9f\u00e9rence sont \u00e0 utiliser et \u00e0 interpr\u00e9ter avec prudence. La consommation d\u2019 \u00e9nergie varie consid\u00e9rablement en fonction de nombreux facteurs sp\u00e9cifiques (qualit\u00e9 des \u00e9quipements, \u00e9tat de l\u2019installation, performance \u00e9nerg\u00e9tique du logement, etc.). Certains facteurs n\u2019ont pas \u00e9t\u00e9 pris en compte pour permettre le calcul, d\u2019autres ont \u00e9t\u00e9 introduits avec des valeurs absolues.<\/p>\n<p>Si \u00e0 l\u2019issue de la comparaison entre la consommation r\u00e9elle de l\u2019usager et la consommation de r\u00e9f\u00e9rence obtenue par le module, vous constatez une diff\u00e9rence importante, le comportement du m\u00e9nage ne doit pas automatiquement \u00eatre mis en cause. D\u2019autres facteurs sur lesquels l\u2019usager n\u2019a pas de prise peuvent \u00eatre \u00e0 l\u2019origine de ce constat.<\/p>\n<p><iframe loading=\"lazy\" src=\"https:\/\/socialenergie.alysdev.be\/calculs\/consommation_energie_comparer_new_FR.php\" width=\"100%\" height=\"330\"><\/iframe><\/p>\n<p class=\"small-font greybg\"><strong>* Superficies classiques<\/strong>: <strong>Studio<\/strong> = 30 m\u00b2 ; <strong>Appartement 1 chambre<\/strong> = 45 m\u00b2 ; <strong>Appartement 2 chambres<\/strong> = 75 m\u00b2 ; <strong>Appartement 3 chambres<\/strong> = 110 m\u00b2<\/p>\n<p class=\"small-font greybg\"><strong>** Type de logement<\/strong> : <strong>Pas r\u00e9nov\u00e9<\/strong> : ancienne habitation non r\u00e9nov\u00e9e (ex : simple vitrage, pas d\u2019isolation du toit, courant d\u2019air,\u2026) ; <strong>Peu r\u00e9nov\u00e9<\/strong> : ancienne habitation partiellement r\u00e9nov\u00e9e (ex : double vitrage mais pas d\u2019isolation du toit ou l\u2019inverse) ; <strong>R\u00e9nov\u00e9<\/strong> : ancienne habitation correctement r\u00e9nov\u00e9e (ex : double vitrage partout, toit isol\u00e9s, murs isol\u00e9s,\u2026) ; <strong>R\u00e9cent<\/strong> : habitation construite apr\u00e8s 2005 (ann\u00e9e \u00e0 confirmer).<\/p>\n<p>Consultez \u00e9galement la <a href=\"http:\/\/socialenergie.alysdev.be\/wp-content\/uploads\/23-11-CASE-fp18-conso-reference_01.pdf\" target=\"_blank\" rel=\"noopener noreferrer\" target=\"_blank\" rel=\"noopener\">fiche pratique<\/a> concernant les consommations de r\u00e9f\u00e9rence. Elle pr\u00e9sente, en version imprimable, les consommations moyennes de gaz, d&rsquo;\u00e9lectricit\u00e9 et d&rsquo;eau en fonction du logement occup\u00e9 et des \u00e9quipements.<\/p>\n<h2>Le check-up<\/h2>\n<p>Pour affiner les estimations des consommations de r\u00e9f\u00e9rence, il peut \u00eatre pertinent de r\u00e9aliser un \u00ab check-up \u00bb \u00e9nerg\u00e9tique. Celui-ci vise \u00e0 estimer les consommations en \u00e9nergie, poste par poste (chauffage, consommation \u00e9lectrique de base, cuisson, etc.). Lorsque ce rapport est r\u00e9alis\u00e9, on peut le comparer aux consommations r\u00e9elles du m\u00e9nage.<\/p>\n<p><a href=\"http:\/\/www.homegrade.brussels\" target=\"_blank\" rel=\"noopener noreferrer\" target=\"_blank\" rel=\"noopener\">Homegrade<\/a><sup>[1]<\/sup> propose un service de visites \u00e0 domicile pour r\u00e9aliser, entre autre, un checkp-up \u00e9nergie. Vous pouvez vous renseigner sur ces services <a href=\"https:\/\/homegrade.brussels\/conseils\/energies\/\" target=\"_blank\" rel=\"noopener noreferrer\" target=\"_blank\" rel=\"noopener\">ici<\/a>.<\/p>\n<p class=\"cadre small-font greybg\">[1] Homegrade est le centre de conseil et d&rsquo;accompagnement sur le logement en R\u00e9gion de Bruxelles-Capitale. Il s&rsquo;adresse \u00e0 tous les m\u00e9nages, locataires et propri\u00e9taires qui d\u00e9sirent am\u00e9liorer la qualit\u00e9 de leurs logements. Homegrade informe gratuitement les Bruxellois sur les questions de primes, d&rsquo;\u00e9nergie, de r\u00e9novation, d&rsquo;urbanisme, de patrimoine, d&rsquo;acoustique et de b\u00e2timent durable.<\/p>\n<p>&nbsp;<\/p>\n<p><!-- Add code here that should appear in the content block of all new pages --><\/p>\n","protected":false},"excerpt":{"rendered":"<p>D\u00e9celer une situation de \u00ab sur-consommation \u00bb ou de \u00ab sous-consommation \u00bb \u00e9nerg\u00e9tique chez un m\u00e9nage peut s\u2019av\u00e9rer difficile. Pour d\u00e9terminer si la consommation d\u2019un m\u00e9nage se situe \u00ab\u00a0dans la moyenne\u00a0\u00bb, il est utile de pouvoir comparer la consommation r\u00e9elle du m\u00e9nage \u00e0 la consommation moyenne d\u2019un m\u00e9nage vivant dans des conditions similaires. Utilisez le [&hellip;]<\/p>\n","protected":false},"author":1,"featured_media":0,"parent":932,"menu_order":106,"comment_status":"closed","ping_status":"closed","template":"","meta":{"_acf_changed":false,"footnotes":""},"class_list":["post-934","page","type-page","status-publish","hentry"],"acf":[],"_links":{"self":[{"href":"https:\/\/socialenergie.alysdev.be\/fr\/wp-json\/wp\/v2\/pages\/934","targetHints":{"allow":["GET"]}}],"collection":[{"href":"https:\/\/socialenergie.alysdev.be\/fr\/wp-json\/wp\/v2\/pages"}],"about":[{"href":"https:\/\/socialenergie.alysdev.be\/fr\/wp-json\/wp\/v2\/types\/page"}],"author":[{"embeddable":true,"href":"https:\/\/socialenergie.alysdev.be\/fr\/wp-json\/wp\/v2\/users\/1"}],"replies":[{"embeddable":true,"href":"https:\/\/socialenergie.alysdev.be\/fr\/wp-json\/wp\/v2\/comments?post=934"}],"version-history":[{"count":15,"href":"https:\/\/socialenergie.alysdev.be\/fr\/wp-json\/wp\/v2\/pages\/934\/revisions"}],"predecessor-version":[{"id":958,"href":"https:\/\/socialenergie.alysdev.be\/fr\/wp-json\/wp\/v2\/pages\/934\/revisions\/958"}],"up":[{"embeddable":true,"href":"https:\/\/socialenergie.alysdev.be\/fr\/wp-json\/wp\/v2\/pages\/932"}],"wp:attachment":[{"href":"https:\/\/socialenergie.alysdev.be\/fr\/wp-json\/wp\/v2\/media?parent=934"}],"curies":[{"name":"wp","href":"https:\/\/api.w.org\/{rel}","templated":true}]}}