{"id":936,"date":"2016-06-07T09:39:03","date_gmt":"2016-06-07T07:39:03","guid":{"rendered":"http:\/\/zl31wzsmw.preview.infomaniak.website\/_new2016\/fr\/?page_id=936"},"modified":"2016-08-17T11:10:18","modified_gmt":"2016-08-17T09:10:18","slug":"expliquer-les-differences-par-rapport-aux-consommations-de-reference","status":"publish","type":"page","link":"https:\/\/socialenergie.alysdev.be\/fr\/consommation\/consommations-de-reference\/expliquer-les-differences-par-rapport-aux-consommations-de-reference\/","title":{"rendered":"Expliquer les diff\u00e9rences par rapport aux consommations de r\u00e9f\u00e9rence"},"content":{"rendered":"<p>En cas de diff\u00e9rence importante entre <a href=\"https:\/\/socialenergie.alysdev.be\/consommation\/connaitre-la-consommation\/trouver-les-donnees-de-consommation\/\" target=\"_blank\" rel=\"noopener noreferrer\">la consommation annuelle r\u00e9elle ou estim\u00e9e<\/a> et <a href=\"https:\/\/socialenergie.alysdev.be\/consommation\/consommations-de-reference\/\" target=\"_blank\" rel=\"noopener noreferrer\">les consommations de r\u00e9f\u00e9rence<\/a>, il faut, avec le m\u00e9nage, essayer de comprendre les raisons de cet \u00e9cart pour pouvoir proposer des solutions.<\/p>\n<p>La r\u00e9partition (sur la facture) de la consommation \u00e9nerg\u00e9tique annuelle moyenne d\u2019un m\u00e9nage bruxellois est la suivante :<\/p>\n<p><img loading=\"lazy\" decoding=\"async\" class=\"aligncenter size-full wp-image-966\" src=\"http:\/\/socialenergie.alysdev.be\/wp-content\/uploads\/Conso_energetique_annuelle_menage.jpg\" alt=\"Conso_energetique_annuelle_menage\" width=\"851\" height=\"557\" srcset=\"https:\/\/socialenergie.alysdev.be\/wp-content\/uploads\/Conso_energetique_annuelle_menage.jpg 851w, https:\/\/socialenergie.alysdev.be\/wp-content\/uploads\/Conso_energetique_annuelle_menage-150x98.jpg 150w, https:\/\/socialenergie.alysdev.be\/wp-content\/uploads\/Conso_energetique_annuelle_menage-300x196.jpg 300w\" sizes=\"auto, (max-width: 851px) 100vw, 851px\" \/><\/p>\n<p>Les actions prioritaires ont donc int\u00e9r\u00eat \u00e0 \u00eatre centr\u00e9es sur les deux postes les plus \u00ab \u00e9nergivores \u00bb : le chauffage et les appareils \u00e9lectriques. Ces actions peuvent porter sur l\u2019am\u00e9lioration de la performance \u00e9nerg\u00e9tique du logement ou des installations et\/ou sur une meilleure utilisation de l\u2019\u00e9nergie. Vous ne trouverez pas sur ce site de liste exhaustive de conseils, mais des indications prioritaires.<\/p>\n<p class=\"info\"><strong>1. Aide \u00e0 la compr\u00e9hension de la consommation<br \/>\n<\/strong>Des associations proposent des visites \u00e0 domicile et des accompagnements en lien avec l\u2019\u00e9nergie. Ceux-ci peuvent s\u2019av\u00e9rer pr\u00e9cieux pour la compr\u00e9hension des d\u00e9penses \u00e9nerg\u00e9tiques et pour d\u00e9finir comment y rem\u00e9dier.<br \/>\n<strong><br \/>\n2. Aides financi\u00e8res<\/strong><br \/>\nIl existe <a href=\"https:\/\/socialenergie.alysdev.be\/aides-aux-investissements\/choisir-laide-appropriee\/\" target=\"_blank\" rel=\"noopener noreferrer\">des aides financi\u00e8res<\/a> \u00e0 destination des locataires et des propri\u00e9taires pour des investissements \u00e9conomiseurs d\u2019\u00e9nergie. Certaines sont sp\u00e9cifiques ou adapt\u00e9es aux m\u00e9nages \u00e0 faibles revenus.<br \/>\n<strong><br \/>\n3. Plus de conseils<\/strong><br \/>\nBruxelles-Environnement a r\u00e9alis\u00e9 une brochure assez compl\u00e8te sur les gestes et interventions \u00e0 faible co\u00fbt pour diminuer la consommation d\u2019\u00e9nergie. <a href=\"http:\/\/socialenergie.alysdev.be\/wp-content\/uploads\/Conso100conseilsEnergie_FR.pdf\" target=\"_blank\" rel=\"noopener noreferrer\">Brochure disponible ici.<\/a><\/p>\n<p>&nbsp;<\/p>\n","protected":false},"excerpt":{"rendered":"<p>En cas de diff\u00e9rence importante entre la consommation annuelle r\u00e9elle ou estim\u00e9e et les consommations de r\u00e9f\u00e9rence, il faut, avec le m\u00e9nage, essayer de comprendre les raisons de cet \u00e9cart pour pouvoir proposer des solutions. La r\u00e9partition (sur la facture) de la consommation \u00e9nerg\u00e9tique annuelle moyenne d\u2019un m\u00e9nage bruxellois est la suivante : Les actions [&hellip;]<\/p>\n","protected":false},"author":1,"featured_media":0,"parent":932,"menu_order":206,"comment_status":"closed","ping_status":"closed","template":"","meta":{"_acf_changed":false,"footnotes":""},"class_list":["post-936","page","type-page","status-publish","hentry"],"acf":[],"_links":{"self":[{"href":"https:\/\/socialenergie.alysdev.be\/fr\/wp-json\/wp\/v2\/pages\/936","targetHints":{"allow":["GET"]}}],"collection":[{"href":"https:\/\/socialenergie.alysdev.be\/fr\/wp-json\/wp\/v2\/pages"}],"about":[{"href":"https:\/\/socialenergie.alysdev.be\/fr\/wp-json\/wp\/v2\/types\/page"}],"author":[{"embeddable":true,"href":"https:\/\/socialenergie.alysdev.be\/fr\/wp-json\/wp\/v2\/users\/1"}],"replies":[{"embeddable":true,"href":"https:\/\/socialenergie.alysdev.be\/fr\/wp-json\/wp\/v2\/comments?post=936"}],"version-history":[{"count":6,"href":"https:\/\/socialenergie.alysdev.be\/fr\/wp-json\/wp\/v2\/pages\/936\/revisions"}],"predecessor-version":[{"id":2147,"href":"https:\/\/socialenergie.alysdev.be\/fr\/wp-json\/wp\/v2\/pages\/936\/revisions\/2147"}],"up":[{"embeddable":true,"href":"https:\/\/socialenergie.alysdev.be\/fr\/wp-json\/wp\/v2\/pages\/932"}],"wp:attachment":[{"href":"https:\/\/socialenergie.alysdev.be\/fr\/wp-json\/wp\/v2\/media?parent=936"}],"curies":[{"name":"wp","href":"https:\/\/api.w.org\/{rel}","templated":true}]}}