{"id":938,"date":"2016-06-07T09:39:33","date_gmt":"2016-06-07T07:39:33","guid":{"rendered":"http:\/\/zl31wzsmw.preview.infomaniak.website\/_new2016\/fr\/?page_id=938"},"modified":"2016-06-07T11:30:20","modified_gmt":"2016-06-07T09:30:20","slug":"evolution-de-la-consommation","status":"publish","type":"page","link":"https:\/\/socialenergie.alysdev.be\/fr\/consommation\/evolution-de-la-consommation\/","title":{"rendered":"Evolution de la consommation"},"content":{"rendered":"<ul>\n<li><a href=\"https:\/\/socialenergie.alysdev.be\/consommation\/evolution-de-la-consommation\/comparer-levolution-des-consommations\/\" target=\"_blank\" rel=\"noopener noreferrer\">Comparer la consommation d&rsquo;un m\u00e9nage \u00e0 celle des ann\u00e9es pr\u00e9c\u00e9dentes<\/a><\/li>\n<li><a href=\"https:\/\/socialenergie.alysdev.be\/consommation\/evolution-de-la-consommation\/expliquer-les-differences-dans-levolution-de-la-consommation\/\" target=\"_blank\" rel=\"noopener noreferrer\">Expliquer des diff\u00e9rences dans l&rsquo;\u00e9volution de la consommation d&rsquo;un m\u00e9nage<\/a><\/li>\n<\/ul>\n","protected":false},"excerpt":{"rendered":"<p>Comparer la consommation d&rsquo;un m\u00e9nage \u00e0 celle des ann\u00e9es pr\u00e9c\u00e9dentes Expliquer des diff\u00e9rences dans l&rsquo;\u00e9volution de la consommation d&rsquo;un m\u00e9nage<\/p>\n","protected":false},"author":1,"featured_media":0,"parent":142,"menu_order":202,"comment_status":"closed","ping_status":"closed","template":"","meta":{"_acf_changed":false,"footnotes":""},"class_list":["post-938","page","type-page","status-publish","hentry"],"acf":[],"_links":{"self":[{"href":"https:\/\/socialenergie.alysdev.be\/fr\/wp-json\/wp\/v2\/pages\/938","targetHints":{"allow":["GET"]}}],"collection":[{"href":"https:\/\/socialenergie.alysdev.be\/fr\/wp-json\/wp\/v2\/pages"}],"about":[{"href":"https:\/\/socialenergie.alysdev.be\/fr\/wp-json\/wp\/v2\/types\/page"}],"author":[{"embeddable":true,"href":"https:\/\/socialenergie.alysdev.be\/fr\/wp-json\/wp\/v2\/users\/1"}],"replies":[{"embeddable":true,"href":"https:\/\/socialenergie.alysdev.be\/fr\/wp-json\/wp\/v2\/comments?post=938"}],"version-history":[{"count":2,"href":"https:\/\/socialenergie.alysdev.be\/fr\/wp-json\/wp\/v2\/pages\/938\/revisions"}],"predecessor-version":[{"id":971,"href":"https:\/\/socialenergie.alysdev.be\/fr\/wp-json\/wp\/v2\/pages\/938\/revisions\/971"}],"up":[{"embeddable":true,"href":"https:\/\/socialenergie.alysdev.be\/fr\/wp-json\/wp\/v2\/pages\/142"}],"wp:attachment":[{"href":"https:\/\/socialenergie.alysdev.be\/fr\/wp-json\/wp\/v2\/media?parent=938"}],"curies":[{"name":"wp","href":"https:\/\/api.w.org\/{rel}","templated":true}]}}