{"id":942,"date":"2016-06-07T09:40:30","date_gmt":"2016-06-07T07:40:30","guid":{"rendered":"http:\/\/zl31wzsmw.preview.infomaniak.website\/_new2016\/fr\/?page_id=942"},"modified":"2016-06-07T11:42:40","modified_gmt":"2016-06-07T09:42:40","slug":"expliquer-les-differences-dans-levolution-de-la-consommation","status":"publish","type":"page","link":"https:\/\/socialenergie.alysdev.be\/fr\/consommation\/evolution-de-la-consommation\/expliquer-les-differences-dans-levolution-de-la-consommation\/","title":{"rendered":"Expliquer les diff\u00e9rences dans l\u2019\u00e9volution de la consommation"},"content":{"rendered":"<p>Si la comparaison r\u00e9v\u00e8le un \u00e9cart important entre deux ann\u00e9es de consommation, en particulier si la consommation normalis\u00e9e (qui tient compte du climat des diff\u00e9rentes ann\u00e9es) pr\u00e9sente des diff\u00e9rences, il est int\u00e9ressant d\u2019essayer d\u2019en comprendre les raisons avec le m\u00e9nage. On sera particuli\u00e8rement attentif aux facteurs suivants :<\/p>\n<div>\n<h2>Ev\u00e9nements dans la vie des personnes<\/h2>\n<\/div>\n<p>Exemples : l\u2019arriv\u00e9e d\u2019un b\u00e9b\u00e9, le ch\u00f4mage ou la pension (nombre de jours de pr\u00e9sence au domicile accru), le d\u00e9part du domicile d\u2019un membre du m\u00e9nage, une absence prolong\u00e9e due \u00e0 un s\u00e9jour \u00e0 l\u2019\u00e9tranger, des travaux, etc.<\/p>\n<p class=\"info\">Parfois, une augmentation de la consommation est due \u00e0 une consommation pr\u00e9c\u00e9dente qui, pour une raison particuli\u00e8re, \u00e9tait plus basse. Par exemple, en cas de s\u00e9jour durable \u00e0 l\u2019\u00e9tranger.<\/p>\n<div>\n<h2>Acquisition d\u2019un nouveau mat\u00e9riel \u00e9lectrique<\/h2>\n<\/div>\n<p>Exemples : un s\u00e8che-linge, un aquarium ou une grande t\u00e9l\u00e9vision, des lampes halog\u00e8nes, etc.<\/p>\n<div>\n<h2>Changements dans le mode de consommation<\/h2>\n<\/div>\n<p>Exemples : l\u2019utilisation plus importante d\u2019un radiateur \u00e9lectrique d\u2019appoint, une temp\u00e9rature de chauffe plus \u00e9lev\u00e9e, des bains plus r\u00e9guliers<\/p>\n<p class=\"info\">Si vous constatez, par l\u2019\u00e9change avec le m\u00e9nage, que l\u2019\u00e9volution de la consommation est due \u00e0 l\u2019acquisition d\u2019un nouveau mat\u00e9riel ou \u00e0 des changements de comportement, quelques conseils peuvent aider \u00e0 une meilleure ma\u00eetrise de la consommation.<\/p>\n<div>\n<h2>Le facteur climatique : calcul de la consommation normalis\u00e9e en fonction des degr\u00e9s-jours<\/h2>\n<\/div>\n<p>La consommation d\u2019\u00e9nergie pour le chauffage d\u00e9pend de la rudesse ou au contraire de la douceur de la p\u00e9riode hivernale.<\/p>\n<p>La valeur des <a title=\"La consommation de chauffage est li\u00e9e \u00e0 l'\u00e9cart de temp\u00e9rature entre l'ambiance int\u00e9rieure et l'ext\u00e9rieur du b\u00e2timent. Or la temp\u00e9rature varie d'un lieu \u00e0 un autre. La notion de \u00ab Degr\u00e9-Jour \u00bb a \u00e9t\u00e9 introduite pour permettre la d\u00e9termination de la quantit\u00e9 de chaleur consomm\u00e9e sur une p\u00e9riode donn\u00e9e et pour effectuer des comparaisons entre des b\u00e2timents situ\u00e9s dans des zones climatiques diff\u00e9rentes. Le principe consiste \u00e0 additionner, jour apr\u00e8s jour, les \u00e9carts de temp\u00e9rature existant entre l'int\u00e9rieur et l'ext\u00e9rieur. En additionnant tous les \u00e9carts entre int\u00e9rieur et ext\u00e9rieur sur tous les jours de la p\u00e9riode de chauffe, on aura un nombre proportionnel au besoin de chaleur du b\u00e2timent : les Degr\u00e9s-Jours du lieu. En Belgique, pour un jour donn\u00e9, les degr\u00e9s-jours utilis\u00e9s sont \u00e9gaux \u00e0 la diff\u00e9rence entre 16,5 \u00b0C et la temp\u00e9rature moyenne mesur\u00e9e \u00e0 Uccle par l\u2019Institut Royal de M\u00e9t\u00e9orologie. (Source : le site internet http:\/\/www.energieplus-lesite.be).\" href=\"http:\/\/www.energieplus-lesite.be\" target=\"_blank\"><span class=\"lexique\">\u00abdegr\u00e9s-jours<\/span><\/a>\u00bb annuels permet de voir l\u2019\u00e9volution des temp\u00e9ratures par ann\u00e9e. Plus il fait froid, plus le nombre de degr\u00e9s-jours est \u00e9lev\u00e9.<\/p>\n<ul>\n<li>En 2010, la valeur des degr\u00e9s-jours \u00e9tait de 2.703<\/li>\n<li>En 2011, la valeur des degr\u00e9s-jours \u00e9tait de 1.928<\/li>\n<li>En 2012, la valeur degr\u00e9s-jours \u00e9tait de 2.327<\/li>\n<li>Entre 1981 et 2010, la valeur moyenne des degr\u00e9s-jours \u00e9tait de 2.363 (d\u00b0-jours normaux \u00e9quivalents).<\/li>\n<\/ul>\n<p>2010 fut donc une ann\u00e9e particuli\u00e8rement froide et 2011 particuli\u00e8rement douce. 2012 figure dans la moyenne des trente derni\u00e8res ann\u00e9es.<\/p>\n<p>Les valeurs des degr\u00e9s-jours en Belgique sont disponibles <a href=\"http:\/\/www.synergrid.be\/index.cfm?PageID=17601&amp;language_code=FRA\" target=\"_blank\" rel=\"noopener noreferrer\" target=\"_blank\">ici<\/a>.<\/p>\n<p>Pour comparer les consommations d\u2019\u00e9nergie d\u2019une ann\u00e9e \u00e0 l\u2019autre, il est utile de les pond\u00e9rer par la valeur des degr\u00e9-jours. On proc\u00e9dera au calcul suivant :<\/p>\n<p>Consommations annuelles (kWh) * 2.363 (d\u00b0-jours normaux \u00e9quivalents) \/ valeur des degr\u00e9s-jours pour cette ann\u00e9e de r\u00e9f\u00e9rence<\/p>\n<p class=\"cadre\">Par exemple, si l\u2019on observe que l\u2019usager a consomm\u00e9 12.600 kWh de gaz en 2011 et 13.600 kWh en 2012, cette augmentation est toute relative si l\u2019on tient compte des degr\u00e9s-jours pour ces deux ann\u00e9es. En effet, la consommation normalis\u00e9e pour 2011 sera de 12.600 * 2363 \/ 1928 = 15.443 et, pour 2012, de 13.600 * 2363 \/ 2327 = 13.810. On observe alors que, m\u00eame si en chiffres bruts la consommation a augment\u00e9, le m\u00e9nage a consomm\u00e9 moins en 2012 si l\u2019on tient compte de la rigueur du climat par rapport \u00e0 2011.<\/p>\n<p class=\"attention\">La p\u00e9riode de facturation ne correspond pas souvent \u00e0 une ann\u00e9e-calendrier (de janvier \u00e0 d\u00e9cembre) et est souvent \u00e0 cheval sur deux ann\u00e9es. <a href=\"https:\/\/socialenergie.alysdev.be\/consommation\/connaitre-la-consommation\/trouver-les-donnees-de-consommation\/\" target=\"_blank\" rel=\"noopener noreferrer\">Plus d\u2019infos \u00e0 ce propos <span style=\"text-decoration: underline;\">ici<\/span>.<\/a><\/p>\n<p><!-- Add code here that should appear in the content block of all new pages --><\/p>\n","protected":false},"excerpt":{"rendered":"<p>Si la comparaison r\u00e9v\u00e8le un \u00e9cart important entre deux ann\u00e9es de consommation, en particulier si la consommation normalis\u00e9e (qui tient compte du climat des diff\u00e9rentes ann\u00e9es) pr\u00e9sente des diff\u00e9rences, il est int\u00e9ressant d\u2019essayer d\u2019en comprendre les raisons avec le m\u00e9nage. On sera particuli\u00e8rement attentif aux facteurs suivants : Ev\u00e9nements dans la vie des personnes Exemples [&hellip;]<\/p>\n","protected":false},"author":1,"featured_media":0,"parent":938,"menu_order":205,"comment_status":"closed","ping_status":"closed","template":"","meta":{"_acf_changed":false,"footnotes":""},"class_list":["post-942","page","type-page","status-publish","hentry"],"acf":[],"_links":{"self":[{"href":"https:\/\/socialenergie.alysdev.be\/fr\/wp-json\/wp\/v2\/pages\/942","targetHints":{"allow":["GET"]}}],"collection":[{"href":"https:\/\/socialenergie.alysdev.be\/fr\/wp-json\/wp\/v2\/pages"}],"about":[{"href":"https:\/\/socialenergie.alysdev.be\/fr\/wp-json\/wp\/v2\/types\/page"}],"author":[{"embeddable":true,"href":"https:\/\/socialenergie.alysdev.be\/fr\/wp-json\/wp\/v2\/users\/1"}],"replies":[{"embeddable":true,"href":"https:\/\/socialenergie.alysdev.be\/fr\/wp-json\/wp\/v2\/comments?post=942"}],"version-history":[{"count":2,"href":"https:\/\/socialenergie.alysdev.be\/fr\/wp-json\/wp\/v2\/pages\/942\/revisions"}],"predecessor-version":[{"id":975,"href":"https:\/\/socialenergie.alysdev.be\/fr\/wp-json\/wp\/v2\/pages\/942\/revisions\/975"}],"up":[{"embeddable":true,"href":"https:\/\/socialenergie.alysdev.be\/fr\/wp-json\/wp\/v2\/pages\/938"}],"wp:attachment":[{"href":"https:\/\/socialenergie.alysdev.be\/fr\/wp-json\/wp\/v2\/media?parent=942"}],"curies":[{"name":"wp","href":"https:\/\/api.w.org\/{rel}","templated":true}]}}