{"id":11311,"date":"2024-08-05T10:27:51","date_gmt":"2024-08-05T08:27:51","guid":{"rendered":"https:\/\/socialenergie.alysdev.be\/formations-db\/"},"modified":"2026-01-08T15:14:00","modified_gmt":"2026-01-08T14:14:00","slug":"opleidingen","status":"publish","type":"page","link":"https:\/\/socialenergie.alysdev.be\/nl\/opleidingen\/","title":{"rendered":"Opleidingen"},"content":{"rendered":"<p>De opleidingen die worden aangeboden door het SocialEnergie steupunt zijn bedoeld voor <strong>eerstelijns maatschappelijk werkers en werksters<\/strong> uit alle sectoren die te maken hebben met <strong>energie- en water<\/strong>problemen in de Brusselse regio. Ze worden <strong>in het Frans<\/strong> gegeven.<\/p>\n<p>De opleidingen zijn gericht op participatie, waarbij theorie wordt gecombineerd met de praktische toepassing van de kennis van de deelnemers. Onze opleidingen zijn <strong>volledig gratis<\/strong> en worden face-to-face georganiseerd met een beperkt aantal deelnemers.<\/p>\n<p>Onze opleidingen <strong>kunnen ook worden gegeven op de werkplek<\/strong> van een afdeling, over het (de) gekozen thema(&#8216;s).<\/p>\n<h1>Komende opleidingen<\/h1>\n<ul id=\"\" class=\"db-formations\">    \n<li class=\"\">        \n       <a href=\"https:\/\/socialenergie.alysdev.be\/nl\/opleidingen\/decompte\/\">          \n           <div class=\"background-img\"  style=\"background-image: url('https:\/\/socialenergie.alysdev.be\/wp-content\/uploads\/formation-04.jpg');\" >\n                \n            <h3>Le d\u00e9compte de charges en \u00e9nergie<\/h3>   \n            <\/div>\n     <div class=\"formation-info\">\n        <table>\n        <tr> \n            <td><img decoding=\"async\" src=\"https:\/\/www.socialenergie.be\/wp-content\/uploads\/date-1.png\"><\/td>\n            <td class=\"date-txt\"> Jeudi 23 avril 2026<br>9h30 \u00e0 12h30\n            <\/td>\n        <\/tr>\n        <tr> \n            <td><img decoding=\"async\" src=\"https:\/\/www.socialenergie.be\/wp-content\/uploads\/location-1.png\"> <\/td>\n            <td>\n                Dans nos locaux<br>rue Gheude 49<br>1070 Anderlecht            <\/td>\n        <\/tr>\n        <\/table>\n        <div class=\"center-content\"><span class=\"more-inf-link\">MEER INFO EN INSCHRIJVING<\/span><\/div>\n     <\/div>       \n        <span><\/span>\n    <\/a>\n    <\/li>        \n <li class=\"\">        \n       <a href=\"https:\/\/socialenergie.alysdev.be\/nl\/opleidingen\/procedure-en-justice\/\">          \n           <div class=\"background-img\"  style=\"background-image: url('https:\/\/socialenergie.alysdev.be\/wp-content\/uploads\/formation-06.jpg');\" >\n                \n            <h3>Proc\u00e9dure en justice<\/h3>   \n            <\/div>\n     <div class=\"formation-info\">\n        <table>\n        <tr> \n            <td><img decoding=\"async\" src=\"https:\/\/www.socialenergie.be\/wp-content\/uploads\/date-1.png\"><\/td>\n            <td class=\"date-txt\"> Jeudi 21 mai 2026<br>9h30 \u00e0 12h30\n            <\/td>\n        <\/tr>\n        <tr> \n            <td><img decoding=\"async\" src=\"https:\/\/www.socialenergie.be\/wp-content\/uploads\/location-1.png\"> <\/td>\n            <td>\n                Dans nos locaux<br>rue Gheude 49<br>1070 Anderlecht            <\/td>\n        <\/tr>\n        <\/table>\n        <div class=\"center-content\"><span class=\"more-inf-link\">MEER INFO EN INSCHRIJVING<\/span><\/div>\n     <\/div>       \n        <span><\/span>\n    <\/a>\n    <\/li>        \n <li class=\"\">        \n       <a href=\"https:\/\/socialenergie.alysdev.be\/nl\/opleidingen\/pompes-a-chaleur\/\">          \n           <div class=\"background-img\"  style=\"background-image: url('https:\/\/socialenergie.alysdev.be\/wp-content\/uploads\/formation-05.jpg');\" >\n                \n            <h3>Pompes \u00e0 chaleur : Principes de fonctionnement et limites<\/h3>   \n            <\/div>\n     <div class=\"formation-info\">\n        <table>\n        <tr> \n            <td><img decoding=\"async\" src=\"https:\/\/www.socialenergie.be\/wp-content\/uploads\/date-1.png\"><\/td>\n            <td class=\"date-txt\"> Jeudi 4 juin 2026<br>9h30 \u00e0 12h30\n            <\/td>\n        <\/tr>\n        <tr> \n            <td><img decoding=\"async\" src=\"https:\/\/www.socialenergie.be\/wp-content\/uploads\/location-1.png\"> <\/td>\n            <td>\n                Dans nos locaux<br>rue Gheude 49<br>1070 Anderlecht            <\/td>\n        <\/tr>\n        <\/table>\n        <div class=\"center-content\"><span class=\"more-inf-link\">MEER INFO EN INSCHRIJVING<\/span><\/div>\n     <\/div>       \n        <span><\/span>\n    <\/a>\n    <\/li>        \n <li class=\"\">        \n       <a href=\"https:\/\/socialenergie.alysdev.be\/nl\/opleidingen\/animations\/\">          \n           <div class=\"background-img\"  style=\"background-image: url('https:\/\/socialenergie.alysdev.be\/wp-content\/uploads\/formation-02.jpg');\" >\n                \n            <h3>Outils et m\u00e9thodologie d&#8217;animations en \u00e9nergie<\/h3>   \n            <\/div>\n     <div class=\"formation-info\">\n        <table>\n        <tr> \n            <td><img decoding=\"async\" src=\"https:\/\/www.socialenergie.be\/wp-content\/uploads\/date-1.png\"><\/td>\n            <td class=\"date-txt\"> Jeudi 18 juin 2026<br>9h30 \u00e0 16h<br>L<span style=\"text-transform: lowercase\">unch Sandwich<\/span>\n            <\/td>\n        <\/tr>\n        <tr> \n            <td><img decoding=\"async\" src=\"https:\/\/www.socialenergie.be\/wp-content\/uploads\/location-1.png\"> <\/td>\n            <td>\n                Dans nos locaux<br>rue Gheude 49<br>1070 Anderlecht            <\/td>\n        <\/tr>\n        <\/table>\n        <div class=\"center-content\"><span class=\"more-inf-link\">MEER INFO EN INSCHRIJVING<\/span><\/div>\n     <\/div>       \n        <span><\/span>\n    <\/a>\n    <\/li>        \n <li class=\"\">        \n       <a href=\"https:\/\/socialenergie.alysdev.be\/nl\/opleidingen\/cycle-de-base\/\">          \n           <div class=\"background-img\"  style=\"background-image: url('https:\/\/socialenergie.alysdev.be\/wp-content\/uploads\/formation-02.jpg');\" >\n                \n            <h3>Cycle de base<\/h3>   \n            <\/div>\n     <div class=\"formation-info\">\n        <table>\n        <tr> \n            <td><img decoding=\"async\" src=\"https:\/\/www.socialenergie.be\/wp-content\/uploads\/date-1.png\"><\/td>\n            <td class=\"date-txt\"> 7 - 8 - 10 septembre 2026<br>9h30 \u00e0 16h<br>L<span style=\"text-transform: lowercase\">unch Sandwich<\/span>\n            <\/td>\n        <\/tr>\n        <tr> \n            <td><img decoding=\"async\" src=\"https:\/\/www.socialenergie.be\/wp-content\/uploads\/location-1.png\"> <\/td>\n            <td>\n                Dans nos locaux<br>rue Gheude 49<br>1070 Anderlecht            <\/td>\n        <\/tr>\n        <\/table>\n        <div class=\"center-content\"><span class=\"more-inf-link\">MEER INFO EN INSCHRIJVING<\/span><\/div>\n     <\/div>       \n        <span><\/span>\n    <\/a>\n    <\/li>        \n <li class=\"\">        \n       <a href=\"https:\/\/socialenergie.alysdev.be\/nl\/opleidingen\/vad-intro\/\">          \n           <div class=\"background-img\"  style=\"background-image: url('https:\/\/socialenergie.alysdev.be\/wp-content\/uploads\/formation-07.jpg');\" >\n                \n            <h3>Visite \u00e0 domicile : Introduction : Pr\u00e9parer la visite<\/h3>   \n            <\/div>\n     <div class=\"formation-info\">\n        <table>\n        <tr> \n            <td><img decoding=\"async\" src=\"https:\/\/www.socialenergie.be\/wp-content\/uploads\/date-1.png\"><\/td>\n            <td class=\"date-txt\"> Jeudi 24 septembre 2026<br>9h30 \u00e0 13h\n            <\/td>\n        <\/tr>\n        <tr> \n            <td><img decoding=\"async\" src=\"https:\/\/www.socialenergie.be\/wp-content\/uploads\/location-1.png\"> <\/td>\n            <td>\n                Dans nos locaux<br>rue Gheude 49<br>1070 Anderlecht            <\/td>\n        <\/tr>\n        <\/table>\n        <div class=\"center-content\"><span class=\"more-inf-link\">MEER INFO EN INSCHRIJVING<\/span><\/div>\n     <\/div>       \n        <span><\/span>\n    <\/a>\n    <\/li>        \n <li class=\"\">        \n       <a href=\"https:\/\/socialenergie.alysdev.be\/nl\/opleidingen\/vad-chauffage\/\">          \n           <div class=\"background-img\"  style=\"background-image: url('https:\/\/socialenergie.alysdev.be\/wp-content\/uploads\/formation-05.jpg');\" >\n                \n            <h3>Visite \u00e0 domicile : Le Chauffage<\/h3>   \n            <\/div>\n     <div class=\"formation-info\">\n        <table>\n        <tr> \n            <td><img decoding=\"async\" src=\"https:\/\/www.socialenergie.be\/wp-content\/uploads\/date-1.png\"><\/td>\n            <td class=\"date-txt\"> Jeudi 8 octobre 2026<br>9h30 \u00e0 16h<br>L<span style=\"text-transform: lowercase\">unch Sandwich<\/span>\n            <\/td>\n        <\/tr>\n        <tr> \n            <td><img decoding=\"async\" src=\"https:\/\/www.socialenergie.be\/wp-content\/uploads\/location-1.png\"> <\/td>\n            <td>\n                Dans nos locaux<br>rue Gheude 49<br>1070 Anderlecht            <\/td>\n        <\/tr>\n        <\/table>\n        <div class=\"center-content\"><span class=\"more-inf-link\">MEER INFO EN INSCHRIJVING<\/span><\/div>\n     <\/div>       \n        <span><\/span>\n    <\/a>\n    <\/li>        \n <li class=\"\">        \n       <a href=\"https:\/\/socialenergie.alysdev.be\/nl\/opleidingen\/vad-eau\/\">          \n           <div class=\"background-img\"  style=\"background-image: url('https:\/\/socialenergie.alysdev.be\/wp-content\/uploads\/formation-05.jpg');\" >\n                \n            <h3>Visite \u00e0 domicile : L&#8217;eau froide et l&#8217;eau chaude<\/h3>   \n            <\/div>\n     <div class=\"formation-info\">\n        <table>\n        <tr> \n            <td><img decoding=\"async\" src=\"https:\/\/www.socialenergie.be\/wp-content\/uploads\/date-1.png\"><\/td>\n            <td class=\"date-txt\"> Jeudi 5 novembre 2026<br>9h \u00e0 12h\n            <\/td>\n        <\/tr>\n        <tr> \n            <td><img decoding=\"async\" src=\"https:\/\/www.socialenergie.be\/wp-content\/uploads\/location-1.png\"> <\/td>\n            <td>\n                Dans nos locaux<br>rue Gheude 49<br>1070 Anderlecht            <\/td>\n        <\/tr>\n        <\/table>\n        <div class=\"center-content\"><span class=\"more-inf-link\">MEER INFO EN INSCHRIJVING<\/span><\/div>\n     <\/div>       \n        <span><\/span>\n    <\/a>\n    <\/li>        \n <li class=\"\">        \n       <a href=\"https:\/\/socialenergie.alysdev.be\/nl\/opleidingen\/vad-logements-dangereux\/\">          \n           <div class=\"background-img\"  style=\"background-image: url('https:\/\/socialenergie.alysdev.be\/wp-content\/uploads\/formation-07.jpg');\" >\n                \n            <h3>Visite \u00e0 domicile : Les logements dangereux et leurs cons\u00e9quences sur la sant\u00e9<\/h3>   \n            <\/div>\n     <div class=\"formation-info\">\n        <table>\n        <tr> \n            <td><img decoding=\"async\" src=\"https:\/\/www.socialenergie.be\/wp-content\/uploads\/date-1.png\"><\/td>\n            <td class=\"date-txt\"> Mardi 24 novembre 2026<br\/>9h30 \u00e0 16h - L<span style=\"text-transform: lowercase\">unch Sandwich<\/span><br>et jeudi 26 novembre<br\/>9h \u00e0 12h30\n            <\/td>\n        <\/tr>\n        <tr> \n            <td><img decoding=\"async\" src=\"https:\/\/www.socialenergie.be\/wp-content\/uploads\/location-1.png\"> <\/td>\n            <td>\n                Dans nos locaux<br>rue Gheude 49<br>1070 Anderlecht            <\/td>\n        <\/tr>\n        <\/table>\n        <div class=\"center-content\"><span class=\"more-inf-link\">MEER INFO EN INSCHRIJVING<\/span><\/div>\n     <\/div>       \n        <span><\/span>\n    <\/a>\n    <\/li>        \n      <div class=\"clear\"><\/div>\n<\/ul>\n\n\n<h1>Voorbije opleidingen<\/h1>\n<ul id=\"\" class=\"db-formations\">    \n<li class=\"\">        \n       <a href=\"https:\/\/socialenergie.alysdev.be\/nl\/opleidingen\/locataires-et-proprietaires\/\">          \n           <div class=\"background-img\"  style=\"background-image: url('https:\/\/socialenergie.alysdev.be\/wp-content\/uploads\/formation-07.jpg');\" >\n                \n            <h3>Droits et obligations des locataires et propri\u00e9taires<\/h3>   \n            <\/div>\n     <div class=\"formation-info\">\n        <table>\n        <tr> \n            <td><img decoding=\"async\" src=\"https:\/\/www.socialenergie.be\/wp-content\/uploads\/date-1.png\"><\/td>\n            <td class=\"date-txt\"> Jeudi 2 avril 2026<br>9h30 \u00e0 12h30\n            <\/td>\n        <\/tr>\n        <tr> \n            <td><img decoding=\"async\" src=\"https:\/\/www.socialenergie.be\/wp-content\/uploads\/location-1.png\"> <\/td>\n            <td>\n                Dans nos locaux<br>rue Gheude 49<br>1070 Anderlecht            <\/td>\n        <\/tr>\n        <\/table>\n        <div class=\"center-content\"><span class=\"more-inf-link\">MEER INFO EN INSCHRIJVING<\/span><\/div>\n     <\/div>       \n        <span><\/span>\n    <\/a>\n    <\/li>        \n <li class=\"\">        \n       <a href=\"https:\/\/socialenergie.alysdev.be\/nl\/opleidingen\/factures-contrat-consommation\/\">          \n           <div class=\"background-img\"  style=\"background-image: url('https:\/\/socialenergie.alysdev.be\/wp-content\/uploads\/formation-03.jpg');\" >\n                \n            <h3>Gaz, \u00e9lectricit\u00e9, eau : Factures, contrat, consommation<\/h3>   \n            <\/div>\n     <div class=\"formation-info\">\n        <table>\n        <tr> \n            <td><img decoding=\"async\" src=\"https:\/\/www.socialenergie.be\/wp-content\/uploads\/date-1.png\"><\/td>\n            <td class=\"date-txt\"> Jeudi 19 mars 2026<br>9h30 \u00e0 16h<br>L<span style=\"text-transform: lowercase\">unch Sandwich<\/span>\n            <\/td>\n        <\/tr>\n        <tr> \n            <td><img decoding=\"async\" src=\"https:\/\/www.socialenergie.be\/wp-content\/uploads\/location-1.png\"> <\/td>\n            <td>\n                Dans nos locaux<br>rue Gheude 49<br>1070 Anderlecht            <\/td>\n        <\/tr>\n        <\/table>\n        <div class=\"center-content\"><span class=\"more-inf-link\">MEER INFO EN INSCHRIJVING<\/span><\/div>\n     <\/div>       \n        <span><\/span>\n    <\/a>\n    <\/li>        \n <li class=\"\">        \n       <a href=\"https:\/\/socialenergie.alysdev.be\/nl\/opleidingen\/extrajudiciaire\/\">          \n           <div class=\"background-img\"  style=\"background-image: url('https:\/\/socialenergie.alysdev.be\/wp-content\/uploads\/formation-06.jpg');\" >\n                \n            <h3>Gaz, \u00e9lectricit\u00e9, eau : Plaintes et recours extrajudiciaires<\/h3>   \n            <\/div>\n     <div class=\"formation-info\">\n        <table>\n        <tr> \n            <td><img decoding=\"async\" src=\"https:\/\/www.socialenergie.be\/wp-content\/uploads\/date-1.png\"><\/td>\n            <td class=\"date-txt\"> Jeudi 5 mars 2026<br>9h30 \u00e0 12h30\n            <\/td>\n        <\/tr>\n        <tr> \n            <td><img decoding=\"async\" src=\"https:\/\/www.socialenergie.be\/wp-content\/uploads\/location-1.png\"> <\/td>\n            <td>\n                Dans nos locaux<br>rue Gheude 49<br>1070 Anderlecht            <\/td>\n        <\/tr>\n        <\/table>\n        <div class=\"center-content\"><span class=\"more-inf-link\">MEER INFO EN INSCHRIJVING<\/span><\/div>\n     <\/div>       \n        <span><\/span>\n    <\/a>\n    <\/li>        \n <li class=\"\">        \n       <a href=\"https:\/\/socialenergie.alysdev.be\/nl\/opleidingen\/logement-performant\/\">          \n           <div class=\"background-img\"  style=\"background-image: url('https:\/\/socialenergie.alysdev.be\/wp-content\/uploads\/formation-07.jpg');\" >\n                \n            <h3>Habiter un logement performant : comprendre et agir<\/h3>   \n            <\/div>\n     <div class=\"formation-info\">\n        <table>\n        <tr> \n            <td><img decoding=\"async\" src=\"https:\/\/www.socialenergie.be\/wp-content\/uploads\/date-1.png\"><\/td>\n            <td class=\"date-txt\"> (12 f\u00e9vrier et 12 mars 2026) !! Report\u00e9 \u2013 dates \u00e0 confirmer<br>9h30 \u00e0 16h<br>L<span style=\"text-transform: lowercase\">unch Sandwich<\/span>\n            <\/td>\n        <\/tr>\n        <tr> \n            <td><img decoding=\"async\" src=\"https:\/\/www.socialenergie.be\/wp-content\/uploads\/location-1.png\"> <\/td>\n            <td>\n                Salle L'\u00e9chapp\u00e9e<br>rue Drootbeek 30<br>1020 Laeken            <\/td>\n        <\/tr>\n        <\/table>\n        <div class=\"center-content\"><span class=\"more-inf-link\">MEER INFO EN INSCHRIJVING<\/span><\/div>\n     <\/div>       \n        <span><\/span>\n    <\/a>\n    <\/li>        \n <li class=\"\">        \n       <a href=\"https:\/\/socialenergie.alysdev.be\/nl\/opleidingen\/recouvrement-et-mesures-sociales\/\">          \n           <div class=\"background-img\"  style=\"background-image: url('https:\/\/socialenergie.alysdev.be\/wp-content\/uploads\/formation-06.jpg');\" >\n                \n            <h3>Gaz, \u00e9lectricit\u00e9, eau : Proc\u00e9dure de recouvrement et mesures sociales<\/h3>   \n            <\/div>\n     <div class=\"formation-info\">\n        <table>\n        <tr> \n            <td><img decoding=\"async\" src=\"https:\/\/www.socialenergie.be\/wp-content\/uploads\/date-1.png\"><\/td>\n            <td class=\"date-txt\"> Jeudi 29 janvier 2026<br>9h30 \u00e0 16h<br>L<span style=\"text-transform: lowercase\">unch Sandwich<\/span>\n            <\/td>\n        <\/tr>\n        <tr> \n            <td><img decoding=\"async\" src=\"https:\/\/www.socialenergie.be\/wp-content\/uploads\/location-1.png\"> <\/td>\n            <td>\n                Dans nos locaux<br>rue Gheude 49<br>1070 Anderlecht            <\/td>\n        <\/tr>\n        <\/table>\n        <div class=\"center-content\"><span class=\"more-inf-link\">MEER INFO EN INSCHRIJVING<\/span><\/div>\n     <\/div>       \n        <span><\/span>\n    <\/a>\n    <\/li>        \n      <div class=\"clear\"><\/div>\n<\/ul>\n\n","protected":false},"excerpt":{"rendered":"<p>De opleidingen die worden aangeboden door het SocialEnergie steupunt zijn bedoeld voor eerstelijns maatschappelijk werkers en werksters uit alle sectoren die te maken hebben met energie- en waterproblemen in de Brusselse regio. Ze worden in het Frans gegeven. De opleidingen zijn gericht op participatie, waarbij theorie wordt gecombineerd met de praktische toepassing van de kennis [&hellip;]<\/p>\n","protected":false},"author":4,"featured_media":13069,"parent":0,"menu_order":17,"comment_status":"closed","ping_status":"closed","template":"temp_fullcontent.php","meta":{"_acf_changed":false,"footnotes":""},"class_list":["post-11311","page","type-page","status-publish","has-post-thumbnail","hentry"],"acf":[],"_links":{"self":[{"href":"https:\/\/socialenergie.alysdev.be\/nl\/wp-json\/wp\/v2\/pages\/11311","targetHints":{"allow":["GET"]}}],"collection":[{"href":"https:\/\/socialenergie.alysdev.be\/nl\/wp-json\/wp\/v2\/pages"}],"about":[{"href":"https:\/\/socialenergie.alysdev.be\/nl\/wp-json\/wp\/v2\/types\/page"}],"author":[{"embeddable":true,"href":"https:\/\/socialenergie.alysdev.be\/nl\/wp-json\/wp\/v2\/users\/4"}],"replies":[{"embeddable":true,"href":"https:\/\/socialenergie.alysdev.be\/nl\/wp-json\/wp\/v2\/comments?post=11311"}],"version-history":[{"count":4,"href":"https:\/\/socialenergie.alysdev.be\/nl\/wp-json\/wp\/v2\/pages\/11311\/revisions"}],"predecessor-version":[{"id":11317,"href":"https:\/\/socialenergie.alysdev.be\/nl\/wp-json\/wp\/v2\/pages\/11311\/revisions\/11317"}],"wp:featuredmedia":[{"embeddable":true,"href":"https:\/\/socialenergie.alysdev.be\/nl\/wp-json\/wp\/v2\/media\/13069"}],"wp:attachment":[{"href":"https:\/\/socialenergie.alysdev.be\/nl\/wp-json\/wp\/v2\/media?parent=11311"}],"curies":[{"name":"wp","href":"https:\/\/api.w.org\/{rel}","templated":true}]}}